{"id":8962,"date":"2013-12-31T12:47:43","date_gmt":"2013-12-31T09:47:43","guid":{"rendered":"http:\/\/www.ceprocim.ro\/?page_id=8962"},"modified":"2022-06-07T08:47:09","modified_gmt":"2022-06-07T05:47:09","slug":"certificarea-produselor-de-constructii-domeniu-voluntar-3","status":"publish","type":"page","link":"https:\/\/www.ceprocim.ro\/en\/activitati\/servicii\/atestarea-conformitatii-produselor-pentru-constructii\/certificarea-produselor-de-constructii-domeniu-voluntar-3\/","title":{"rendered":"(Rom\u00e2n\u0103) Certificarea produselor de construc\u0163ii  (domeniu voluntar)"},"content":{"rendered":"<div><img loading=\"lazy\" src=\"https:\/\/www.ceprocim.ro\/wp-content\/uploads\/2010\/03\/linie_rosie_f_mare.jpg\" alt=\"linie\" width=\"600\" height=\"1\"\/><\/div>\n<p>&nbsp;<\/p>\n<div><img loading=\"lazy\" src=\"https:\/\/www.ceprocim.ro\/wp-content\/uploads\/2010\/03\/PH02039U1.BMP\" alt=\"\" width=\"60\" height=\"60\"\/><\/div>\n<div><img loading=\"lazy\" src=\"https:\/\/www.ceprocim.ro\/wp-content\/uploads\/2010\/03\/BD21321_.GIF\" alt=\"\" width=\"200\" height=\"1\"\/><\/div>\n","protected":false},"excerpt":{"rendered":"<p>&nbsp;<\/p>\n","protected":false},"author":3,"featured_media":0,"parent":593,"menu_order":9,"comment_status":"closed","ping_status":"closed","template":"","meta":[],"yoast_head":"<!-- This site is optimized with the Yoast SEO plugin v17.2 - https:\/\/yoast.com\/wordpress\/plugins\/seo\/ -->\n<meta name=\"robots\" content=\"index, follow, max-snippet:-1, max-image-preview:large, max-video-preview:-1\" \/>\n<link rel=\"canonical\" href=\"https:\/\/www.ceprocim.ro\/en\/activitati\/servicii\/atestarea-conformitatii-produselor-pentru-constructii\/certificarea-produselor-de-constructii-domeniu-voluntar-3\/\" \/>\n<meta property=\"og:locale\" content=\"en_US\" \/>\n<meta property=\"og:type\" content=\"article\" \/>\n<meta property=\"og:title\" content=\"Certificarea produselor de construc\u0163ii (domeniu voluntar) - Ceprocim S.A.\" \/>\n<meta property=\"og:description\" content=\"&nbsp;\" \/>\n<meta property=\"og:url\" content=\"https:\/\/www.ceprocim.ro\/activitati\/servicii\/atestarea-conformitatii-produselor-pentru-constructii\/certificarea-produselor-de-constructii-domeniu-voluntar-3\/\" \/>\n<meta property=\"og:site_name\" content=\"Ceprocim S.A.\" \/>\n<meta property=\"article:modified_time\" content=\"2022-06-07T05:47:09+00:00\" \/>\n<meta property=\"og:image\" content=\"http:\/\/www.ceprocim.ro\/wp-content\/uploads\/2010\/03\/linie_rosie_f_mare.jpg\" \/>\n<meta name=\"twitter:card\" content=\"summary_large_image\" \/>\n<meta name=\"twitter:label1\" content=\"Est. reading time\" \/>\n\t<meta name=\"twitter:data1\" content=\"2 minutes\" \/>\n<script type=\"application\/ld+json\" class=\"yoast-schema-graph\">{\"@context\":\"https:\/\/schema.org\",\"@graph\":[{\"@type\":\"WebSite\",\"@id\":\"https:\/\/www.ceprocim.ro\/#website\",\"url\":\"https:\/\/www.ceprocim.ro\/\",\"name\":\"Ceprocim S.A.\",\"description\":\"Ceprocim Web Site\",\"potentialAction\":[{\"@type\":\"SearchAction\",\"target\":{\"@type\":\"EntryPoint\",\"urlTemplate\":\"https:\/\/www.ceprocim.ro\/?s={search_term_string}\"},\"query-input\":\"required name=search_term_string\"}],\"inLanguage\":\"en-US\"},{\"@type\":\"ImageObject\",\"@id\":\"https:\/\/www.ceprocim.ro\/activitati\/servicii\/atestarea-conformitatii-produselor-pentru-constructii\/certificarea-produselor-de-constructii-domeniu-voluntar-3\/#primaryimage\",\"inLanguage\":\"en-US\",\"url\":\"http:\/\/www.ceprocim.ro\/wp-content\/uploads\/2010\/03\/linie_rosie_f_mare.jpg\",\"contentUrl\":\"http:\/\/www.ceprocim.ro\/wp-content\/uploads\/2010\/03\/linie_rosie_f_mare.jpg\"},{\"@type\":\"WebPage\",\"@id\":\"https:\/\/www.ceprocim.ro\/activitati\/servicii\/atestarea-conformitatii-produselor-pentru-constructii\/certificarea-produselor-de-constructii-domeniu-voluntar-3\/#webpage\",\"url\":\"https:\/\/www.ceprocim.ro\/activitati\/servicii\/atestarea-conformitatii-produselor-pentru-constructii\/certificarea-produselor-de-constructii-domeniu-voluntar-3\/\",\"name\":\"Certificarea produselor de construc\\u0163ii (domeniu voluntar) - Ceprocim S.A.\",\"isPartOf\":{\"@id\":\"https:\/\/www.ceprocim.ro\/#website\"},\"primaryImageOfPage\":{\"@id\":\"https:\/\/www.ceprocim.ro\/activitati\/servicii\/atestarea-conformitatii-produselor-pentru-constructii\/certificarea-produselor-de-constructii-domeniu-voluntar-3\/#primaryimage\"},\"datePublished\":\"2013-12-31T09:47:43+00:00\",\"dateModified\":\"2022-06-07T05:47:09+00:00\",\"breadcrumb\":{\"@id\":\"https:\/\/www.ceprocim.ro\/activitati\/servicii\/atestarea-conformitatii-produselor-pentru-constructii\/certificarea-produselor-de-constructii-domeniu-voluntar-3\/#breadcrumb\"},\"inLanguage\":\"en-US\",\"potentialAction\":[{\"@type\":\"ReadAction\",\"target\":[\"https:\/\/www.ceprocim.ro\/activitati\/servicii\/atestarea-conformitatii-produselor-pentru-constructii\/certificarea-produselor-de-constructii-domeniu-voluntar-3\/\"]}]},{\"@type\":\"BreadcrumbList\",\"@id\":\"https:\/\/www.ceprocim.ro\/activitati\/servicii\/atestarea-conformitatii-produselor-pentru-constructii\/certificarea-produselor-de-constructii-domeniu-voluntar-3\/#breadcrumb\",\"itemListElement\":[{\"@type\":\"ListItem\",\"position\":1,\"name\":\"Home\",\"item\":\"https:\/\/www.ceprocim.ro\/\"},{\"@type\":\"ListItem\",\"position\":2,\"name\":\"Activit\\u0103\\u021bi\",\"item\":\"https:\/\/www.ceprocim.ro\/activitati\/\"},{\"@type\":\"ListItem\",\"position\":3,\"name\":\"Servicii\",\"item\":\"https:\/\/www.ceprocim.ro\/activitati\/servicii\/\"},{\"@type\":\"ListItem\",\"position\":4,\"name\":\"Evaluarea \\u0219i verificarea constan\\u021bei performan\\u021bei produselor pentru construc\\u021bii conform Regulamentului 305(UE)\/2011\/ Certificarea produselor de construc\\u021bii (domeniu voluntar)\",\"item\":\"https:\/\/www.ceprocim.ro\/en\/?page_id=593\"},{\"@type\":\"ListItem\",\"position\":5,\"name\":\"Certificarea produselor de construc\\u0163ii (domeniu voluntar)\"}]}]}<\/script>\n<!-- \/ Yoast SEO plugin. -->","yoast_head_json":{"robots":{"index":"index","follow":"follow","max-snippet":"max-snippet:-1","max-image-preview":"max-image-preview:large","max-video-preview":"max-video-preview:-1"},"canonical":"https:\/\/www.ceprocim.ro\/activitati\/servicii\/atestarea-conformitatii-produselor-pentru-constructii\/certificarea-produselor-de-constructii-domeniu-voluntar-3\/","og_locale":"en_US","og_type":"article","og_title":"Certificarea produselor de construc\u0163ii (domeniu voluntar) - Ceprocim S.A.","og_description":"&nbsp;","og_url":"https:\/\/www.ceprocim.ro\/activitati\/servicii\/atestarea-conformitatii-produselor-pentru-constructii\/certificarea-produselor-de-constructii-domeniu-voluntar-3\/","og_site_name":"Ceprocim S.A.","article_modified_time":"2022-06-07T05:47:09+00:00","og_image":[{"url":"http:\/\/www.ceprocim.ro\/wp-content\/uploads\/2010\/03\/linie_rosie_f_mare.jpg"}],"twitter_card":"summary_large_image","twitter_misc":{"Est. reading time":"2 minutes"},"schema":{"@context":"https:\/\/schema.org","@graph":[{"@type":"WebSite","@id":"https:\/\/www.ceprocim.ro\/#website","url":"https:\/\/www.ceprocim.ro\/","name":"Ceprocim S.A.","description":"Ceprocim Web Site","potentialAction":[{"@type":"SearchAction","target":{"@type":"EntryPoint","urlTemplate":"https:\/\/www.ceprocim.ro\/?s={search_term_string}"},"query-input":"required name=search_term_string"}],"inLanguage":"en-US"},{"@type":"ImageObject","@id":"https:\/\/www.ceprocim.ro\/activitati\/servicii\/atestarea-conformitatii-produselor-pentru-constructii\/certificarea-produselor-de-constructii-domeniu-voluntar-3\/#primaryimage","inLanguage":"en-US","url":"http:\/\/www.ceprocim.ro\/wp-content\/uploads\/2010\/03\/linie_rosie_f_mare.jpg","contentUrl":"http:\/\/www.ceprocim.ro\/wp-content\/uploads\/2010\/03\/linie_rosie_f_mare.jpg"},{"@type":"WebPage","@id":"https:\/\/www.ceprocim.ro\/activitati\/servicii\/atestarea-conformitatii-produselor-pentru-constructii\/certificarea-produselor-de-constructii-domeniu-voluntar-3\/#webpage","url":"https:\/\/www.ceprocim.ro\/activitati\/servicii\/atestarea-conformitatii-produselor-pentru-constructii\/certificarea-produselor-de-constructii-domeniu-voluntar-3\/","name":"Certificarea produselor de construc\u0163ii (domeniu voluntar) - Ceprocim S.A.","isPartOf":{"@id":"https:\/\/www.ceprocim.ro\/#website"},"primaryImageOfPage":{"@id":"https:\/\/www.ceprocim.ro\/activitati\/servicii\/atestarea-conformitatii-produselor-pentru-constructii\/certificarea-produselor-de-constructii-domeniu-voluntar-3\/#primaryimage"},"datePublished":"2013-12-31T09:47:43+00:00","dateModified":"2022-06-07T05:47:09+00:00","breadcrumb":{"@id":"https:\/\/www.ceprocim.ro\/activitati\/servicii\/atestarea-conformitatii-produselor-pentru-constructii\/certificarea-produselor-de-constructii-domeniu-voluntar-3\/#breadcrumb"},"inLanguage":"en-US","potentialAction":[{"@type":"ReadAction","target":["https:\/\/www.ceprocim.ro\/activitati\/servicii\/atestarea-conformitatii-produselor-pentru-constructii\/certificarea-produselor-de-constructii-domeniu-voluntar-3\/"]}]},{"@type":"BreadcrumbList","@id":"https:\/\/www.ceprocim.ro\/activitati\/servicii\/atestarea-conformitatii-produselor-pentru-constructii\/certificarea-produselor-de-constructii-domeniu-voluntar-3\/#breadcrumb","itemListElement":[{"@type":"ListItem","position":1,"name":"Home","item":"https:\/\/www.ceprocim.ro\/"},{"@type":"ListItem","position":2,"name":"Activit\u0103\u021bi","item":"https:\/\/www.ceprocim.ro\/activitati\/"},{"@type":"ListItem","position":3,"name":"Servicii","item":"https:\/\/www.ceprocim.ro\/activitati\/servicii\/"},{"@type":"ListItem","position":4,"name":"Evaluarea \u0219i verificarea constan\u021bei performan\u021bei produselor pentru construc\u021bii conform Regulamentului 305(UE)\/2011\/ Certificarea produselor de construc\u021bii (domeniu voluntar)","item":"https:\/\/www.ceprocim.ro\/en\/?page_id=593"},{"@type":"ListItem","position":5,"name":"Certificarea produselor de construc\u0163ii (domeniu voluntar)"}]}]}},"_links":{"self":[{"href":"https:\/\/www.ceprocim.ro\/wp-json\/wp\/v2\/pages\/8962"}],"collection":[{"href":"https:\/\/www.ceprocim.ro\/wp-json\/wp\/v2\/pages"}],"about":[{"href":"https:\/\/www.ceprocim.ro\/wp-json\/wp\/v2\/types\/page"}],"author":[{"embeddable":true,"href":"https:\/\/www.ceprocim.ro\/wp-json\/wp\/v2\/users\/3"}],"replies":[{"embeddable":true,"href":"https:\/\/www.ceprocim.ro\/wp-json\/wp\/v2\/comments?post=8962"}],"version-history":[{"count":15,"href":"https:\/\/www.ceprocim.ro\/wp-json\/wp\/v2\/pages\/8962\/revisions"}],"predecessor-version":[{"id":13847,"href":"https:\/\/www.ceprocim.ro\/wp-json\/wp\/v2\/pages\/8962\/revisions\/13847"}],"up":[{"embeddable":true,"href":"https:\/\/www.ceprocim.ro\/wp-json\/wp\/v2\/pages\/593"}],"wp:attachment":[{"href":"https:\/\/www.ceprocim.ro\/wp-json\/wp\/v2\/media?parent=8962"}],"curies":[{"name":"wp","href":"https:\/\/api.w.org\/{rel}","templated":true}]}}