{"id":6174,"date":"2010-09-29T14:21:30","date_gmt":"2010-09-29T11:21:30","guid":{"rendered":"http:\/\/www.ceprocim.ro\/eco_clinker_etapa4\/"},"modified":"2016-05-12T07:17:28","modified_gmt":"2016-05-12T04:17:28","slug":"eco-clinker-etapa-4","status":"publish","type":"page","link":"https:\/\/www.ceprocim.ro\/en\/activitati\/proiecte\/eco-clinker-etapa-4\/","title":{"rendered":"Eco-Clinker Phase 4"},"content":{"rendered":"<h2>Phase IV \u2013 Characterization of raw materials and dosages of raw mixes in order to perform clinkers with low content of heat and CO2 emissions (30 November 2009)<\/h2>\n<p><strong>Specific objectives <\/strong>for this phase were the following:<\/p>\n<p>&#8211;\u00a0\u00a0\u00a0\u00a0\u00a0\u00a0 Sampling and physical-chemical characterization of some non-carbonated wastes (ungranulated blast furnace slags, steel slags, fly ash)<\/p>\n<p>&#8211;\u00a0\u00a0\u00a0\u00a0\u00a0\u00a0 Calculations of the dosages for the raw material mixtures, in order to perform some clinkers of Portland cement with lower consumptions of energy and CO<sub>2<\/sub> emissions<\/p>\n<p>&#8211;\u00a0\u00a0\u00a0\u00a0\u00a0\u00a0 <sub> <\/sub>Dissemination on large scale of the information received on period of project development.<\/p>\n<p><strong> <\/strong><\/p>\n<p>Within the phase no. 4 were sampled and characterized from physical-chemical and mineralogical point of view blast furnace slags from Gala\u0163i and C\u0103lan hall, steel slags from hall Gala\u0163i, Hunedoara, Re\u015fita and Tirgovi\u015fte halls and fly ashes from Mintia, Bac\u0103u, Govora and Suceava steam power plants.<\/p>\n<p>Based on chemical analyses calculations of dosage for raw materials mixtures which comprises non-carbonated materials were performed. It was pointed out the fact that using of non-granulated blast furnace slags contributes most at decreasing CO<sub>2<\/sub> emissions and of energetic consumptions, on one hand because of total replacement of the clay\/marl and limestone partially, \u00a0and on the other hand because of the fact that they already suffer a thermal process and already contain silicates of calcium and magnesium.<\/p>\n<p>Also, the fly ash with loss on ignition of 9% could be used both as raw material for total replacement of usual silica-aluminous component (clay or marl), and at mixture combustion through its energetic value.<\/p>\n<p>&nbsp;<\/p>\n<p><strong>Works presented at conferences: <\/strong><\/p>\n<p>Jenica Paceagiu, Nicoleta Vlad, Alina B\u0103danoiu, Georgeta Voicu, Maria Ioan, <strong><em>A study on the influence of fluorides and oxides on Portland clinker and cement properties, Romanian International Conference on Chemistry and Chemical Engineering \u2013RICCCE XVI<\/em>, Sinaia, Romania, 9-12 September, 2009 <\/strong><\/p>\n<p>Jenica Paceagiu, Ileana Mohanu<strong><em>, Reduce of CO<sub>2<\/sub> emissions in clinker manufacture<\/em><\/strong>, <strong><em>2-nd Symposium <\/em><em>of Chemistry and Environment,<\/em> Bar, Montenegro, 16-19 September, 2009 (<\/strong>Book of abstract, p. 45).<\/p>\n<p><strong>ISI Articles:<\/strong><\/p>\n<p>Jenica Paceagiu, Florin Amzic\u0103, Nicoleta Vlad, Alice Pop, <strong>The effect of NaF and SnO<sub>2<\/sub> on the characteristics of Portland cement clinker and cement, <\/strong> <em>Romanian Journal of Materials, 39(4), 2009, p.286-297<\/em>, ISSN 1583-3186<strong> <\/strong><\/p>\n<p>Neculai Mihailescu, Vasilica Daescu, Elena Holban, Mariana Nicoleta Badea, Jenica Paceagiu, <strong>Energy conservation and CO<sub>2<\/sub> emissions reduction for clinker Portland cement manufacturing process, <\/strong><em>Environmental Engineering and Management Journal, vol. 8 (4), 2009, p. 947-952, ISSN 1582-9596.<\/em><\/p>\n","protected":false},"excerpt":{"rendered":"<p>Phase IV \u2013 Characterization of raw materials and dosages of raw mixes in order to perform clinkers with low content of heat and CO2 emissions (30 November 2009) Specific objectives for this phase were the following: &#8211;\u00a0\u00a0\u00a0\u00a0\u00a0\u00a0 Sampling and physical-chemical characterization of some non-carbonated wastes (ungranulated blast furnace slags, steel slags, fly ash) &#8211;\u00a0\u00a0\u00a0\u00a0\u00a0\u00a0 Calculations [&hellip;]<\/p>\n","protected":false},"author":3,"featured_media":0,"parent":1952,"menu_order":0,"comment_status":"closed","ping_status":"closed","template":"","meta":[],"yoast_head":"<!-- This site is optimized with the Yoast SEO plugin v17.2 - https:\/\/yoast.com\/wordpress\/plugins\/seo\/ -->\n<meta name=\"robots\" content=\"index, follow, max-snippet:-1, max-image-preview:large, max-video-preview:-1\" \/>\n<link rel=\"canonical\" href=\"https:\/\/www.ceprocim.ro\/en\/activitati\/proiecte\/eco-clinker-etapa-4\/\" \/>\n<meta property=\"og:locale\" content=\"en_US\" \/>\n<meta property=\"og:type\" content=\"article\" \/>\n<meta property=\"og:title\" content=\"Eco-Clinker Phase 4Eco-Clinker Etapa 4 - Ceprocim S.A.\" \/>\n<meta property=\"og:description\" content=\"Phase IV \u2013 Characterization of raw materials and dosages of raw mixes in order to perform clinkers with low content of heat and CO2 emissions (30 November 2009) Specific objectives for this phase were the following: &#8211;\u00a0\u00a0\u00a0\u00a0\u00a0\u00a0 Sampling and physical-chemical characterization of some non-carbonated wastes (ungranulated blast furnace slags, steel slags, fly ash) &#8211;\u00a0\u00a0\u00a0\u00a0\u00a0\u00a0 Calculations [&hellip;]\" \/>\n<meta property=\"og:url\" content=\"https:\/\/www.ceprocim.ro\/en\/activitati\/proiecte\/eco-clinker-etapa-4\/\" \/>\n<meta property=\"og:site_name\" content=\"Ceprocim S.A.\" \/>\n<meta property=\"article:modified_time\" content=\"2016-05-12T04:17:28+00:00\" \/>\n<meta name=\"twitter:card\" content=\"summary_large_image\" \/>\n<meta name=\"twitter:label1\" content=\"Est. reading time\" \/>\n\t<meta name=\"twitter:data1\" content=\"4 minutes\" \/>\n<script type=\"application\/ld+json\" class=\"yoast-schema-graph\">{\"@context\":\"https:\/\/schema.org\",\"@graph\":[{\"@type\":\"WebSite\",\"@id\":\"https:\/\/www.ceprocim.ro\/#website\",\"url\":\"https:\/\/www.ceprocim.ro\/\",\"name\":\"Ceprocim S.A.\",\"description\":\"Ceprocim Web Site\",\"potentialAction\":[{\"@type\":\"SearchAction\",\"target\":{\"@type\":\"EntryPoint\",\"urlTemplate\":\"https:\/\/www.ceprocim.ro\/?s={search_term_string}\"},\"query-input\":\"required name=search_term_string\"}],\"inLanguage\":\"en-US\"},{\"@type\":\"WebPage\",\"@id\":\"https:\/\/www.ceprocim.ro\/en\/activitati\/proiecte\/eco-clinker-etapa-4\/#webpage\",\"url\":\"https:\/\/www.ceprocim.ro\/en\/activitati\/proiecte\/eco-clinker-etapa-4\/\",\"name\":\"Eco-Clinker Phase 4Eco-Clinker Etapa 4 - Ceprocim S.A.\",\"isPartOf\":{\"@id\":\"https:\/\/www.ceprocim.ro\/#website\"},\"datePublished\":\"2010-09-29T11:21:30+00:00\",\"dateModified\":\"2016-05-12T04:17:28+00:00\",\"breadcrumb\":{\"@id\":\"https:\/\/www.ceprocim.ro\/en\/activitati\/proiecte\/eco-clinker-etapa-4\/#breadcrumb\"},\"inLanguage\":\"en-US\",\"potentialAction\":[{\"@type\":\"ReadAction\",\"target\":[\"https:\/\/www.ceprocim.ro\/en\/activitati\/proiecte\/eco-clinker-etapa-4\/\"]}]},{\"@type\":\"BreadcrumbList\",\"@id\":\"https:\/\/www.ceprocim.ro\/en\/activitati\/proiecte\/eco-clinker-etapa-4\/#breadcrumb\",\"itemListElement\":[{\"@type\":\"ListItem\",\"position\":1,\"name\":\"Home\",\"item\":\"https:\/\/www.ceprocim.ro\/en\/\"},{\"@type\":\"ListItem\",\"position\":2,\"name\":\"Activit\\u0103\\u021bi\",\"item\":\"https:\/\/www.ceprocim.ro\/en\/activitati\/\"},{\"@type\":\"ListItem\",\"position\":3,\"name\":\"Proiecte Na\\u021bionale\",\"item\":\"https:\/\/www.ceprocim.ro\/en\/activitati\/proiecte\/\"},{\"@type\":\"ListItem\",\"position\":4,\"name\":\"Eco-Clinker Etapa 4\"}]}]}<\/script>\n<!-- \/ Yoast SEO plugin. -->","yoast_head_json":{"robots":{"index":"index","follow":"follow","max-snippet":"max-snippet:-1","max-image-preview":"max-image-preview:large","max-video-preview":"max-video-preview:-1"},"canonical":"https:\/\/www.ceprocim.ro\/en\/activitati\/proiecte\/eco-clinker-etapa-4\/","og_locale":"en_US","og_type":"article","og_title":"Eco-Clinker Phase 4Eco-Clinker Etapa 4 - Ceprocim S.A.","og_description":"Phase IV \u2013 Characterization of raw materials and dosages of raw mixes in order to perform clinkers with low content of heat and CO2 emissions (30 November 2009) Specific objectives for this phase were the following: &#8211;\u00a0\u00a0\u00a0\u00a0\u00a0\u00a0 Sampling and physical-chemical characterization of some non-carbonated wastes (ungranulated blast furnace slags, steel slags, fly ash) &#8211;\u00a0\u00a0\u00a0\u00a0\u00a0\u00a0 Calculations [&hellip;]","og_url":"https:\/\/www.ceprocim.ro\/en\/activitati\/proiecte\/eco-clinker-etapa-4\/","og_site_name":"Ceprocim S.A.","article_modified_time":"2016-05-12T04:17:28+00:00","twitter_card":"summary_large_image","twitter_misc":{"Est. reading time":"4 minutes"},"schema":{"@context":"https:\/\/schema.org","@graph":[{"@type":"WebSite","@id":"https:\/\/www.ceprocim.ro\/#website","url":"https:\/\/www.ceprocim.ro\/","name":"Ceprocim S.A.","description":"Ceprocim Web Site","potentialAction":[{"@type":"SearchAction","target":{"@type":"EntryPoint","urlTemplate":"https:\/\/www.ceprocim.ro\/?s={search_term_string}"},"query-input":"required name=search_term_string"}],"inLanguage":"en-US"},{"@type":"WebPage","@id":"https:\/\/www.ceprocim.ro\/en\/activitati\/proiecte\/eco-clinker-etapa-4\/#webpage","url":"https:\/\/www.ceprocim.ro\/en\/activitati\/proiecte\/eco-clinker-etapa-4\/","name":"Eco-Clinker Phase 4Eco-Clinker Etapa 4 - Ceprocim S.A.","isPartOf":{"@id":"https:\/\/www.ceprocim.ro\/#website"},"datePublished":"2010-09-29T11:21:30+00:00","dateModified":"2016-05-12T04:17:28+00:00","breadcrumb":{"@id":"https:\/\/www.ceprocim.ro\/en\/activitati\/proiecte\/eco-clinker-etapa-4\/#breadcrumb"},"inLanguage":"en-US","potentialAction":[{"@type":"ReadAction","target":["https:\/\/www.ceprocim.ro\/en\/activitati\/proiecte\/eco-clinker-etapa-4\/"]}]},{"@type":"BreadcrumbList","@id":"https:\/\/www.ceprocim.ro\/en\/activitati\/proiecte\/eco-clinker-etapa-4\/#breadcrumb","itemListElement":[{"@type":"ListItem","position":1,"name":"Home","item":"https:\/\/www.ceprocim.ro\/en\/"},{"@type":"ListItem","position":2,"name":"Activit\u0103\u021bi","item":"https:\/\/www.ceprocim.ro\/en\/activitati\/"},{"@type":"ListItem","position":3,"name":"Proiecte Na\u021bionale","item":"https:\/\/www.ceprocim.ro\/en\/activitati\/proiecte\/"},{"@type":"ListItem","position":4,"name":"Eco-Clinker Etapa 4"}]}]}},"_links":{"self":[{"href":"https:\/\/www.ceprocim.ro\/wp-json\/wp\/v2\/pages\/6174"}],"collection":[{"href":"https:\/\/www.ceprocim.ro\/wp-json\/wp\/v2\/pages"}],"about":[{"href":"https:\/\/www.ceprocim.ro\/wp-json\/wp\/v2\/types\/page"}],"author":[{"embeddable":true,"href":"https:\/\/www.ceprocim.ro\/wp-json\/wp\/v2\/users\/3"}],"replies":[{"embeddable":true,"href":"https:\/\/www.ceprocim.ro\/wp-json\/wp\/v2\/comments?post=6174"}],"version-history":[{"count":17,"href":"https:\/\/www.ceprocim.ro\/wp-json\/wp\/v2\/pages\/6174\/revisions"}],"predecessor-version":[{"id":10209,"href":"https:\/\/www.ceprocim.ro\/wp-json\/wp\/v2\/pages\/6174\/revisions\/10209"}],"up":[{"embeddable":true,"href":"https:\/\/www.ceprocim.ro\/wp-json\/wp\/v2\/pages\/1952"}],"wp:attachment":[{"href":"https:\/\/www.ceprocim.ro\/wp-json\/wp\/v2\/media?parent=6174"}],"curies":[{"name":"wp","href":"https:\/\/api.w.org\/{rel}","templated":true}]}}