{"id":6083,"date":"2010-08-20T18:12:53","date_gmt":"2010-08-20T16:12:53","guid":{"rendered":"http:\/\/www.ceprocim.ro\/activitati\/scheme-de-incercari-interlaboratoare\/scheme-de-incercari-interlaboratoare-pe-mortare-pentru-zidarie\/"},"modified":"2022-06-07T08:59:20","modified_gmt":"2022-06-07T05:59:20","slug":"scheme-de-incercari-interlaboratoare-pe-mortare-pentru-zidarie-activitati-specifice-cadru-de-continut-dotari-referinte-clienti","status":"publish","type":"page","link":"https:\/\/www.ceprocim.ro\/en\/activitati\/servicii\/scheme-de-incercari-interlaboratoare\/scheme-de-incercari-interlaboratoare-pe-mortare-pentru-zidarie-activitati-specifice-cadru-de-continut-dotari-referinte-clienti\/","title":{"rendered":"Schemes of Interlaboratory tests on Mortars for masonry"},"content":{"rendered":"<div><img loading=\"lazy\" src=\"https:\/\/www.ceprocim.ro\/wp-content\/uploads\/2010\/03\/linie_rosie_f_mare.jpg\" alt=\"linie\" width=\"600\" height=\"1\"\/><\/div>\n<p>&nbsp;<\/p>\n<p><strong>SPECIFIC ACTIVITIES  (TABLE OF CONTENT)<\/strong><\/p>\n<p>Beginning with October 2010, the Testing Laboratory of CEPROCIM may develop a new scheme of Interlaboratory Tests at national level, on Masonry mortars, in the conditions of reunion of a minimum statistic of participants; interlaboratory tests will have a yearly frequency.<\/p>\n<p>In order to send your participation request, we kindly ask you to access \u201cContact\u201d within present section.<\/p>\n<p>1.1 <strong>Yearly calendar of Interlaboratory Tests on Mortars for masonry<\/strong><\/p>\n<table border=\"1\" cellspacing=\"0\" cellpadding=\"0\">\n<tbody>\n<tr>\n<td width=\"168\" valign=\"top\">October<\/td>\n<td width=\"440\" valign=\"top\">Launch the invitation for participation<\/td>\n<\/tr>\n<tr>\n<td width=\"168\" valign=\"top\">October \u2013 November<\/td>\n<td width=\"440\" valign=\"top\">Preparing the packages of mortar for masonry<\/td>\n<\/tr>\n<tr>\n<td width=\"168\" valign=\"top\">December \u2013 January<\/td>\n<td width=\"440\" valign=\"top\">Registration<sup>1)<\/sup>, taking over the packages and the guidelines<sup>2)<\/sup> by participants<\/td>\n<\/tr>\n<tr>\n<td width=\"168\" valign=\"top\">January \u2013 March<\/td>\n<td width=\"440\" valign=\"top\">The participants carrying out tests and sending results to CEPROCIM<\/td>\n<\/tr>\n<tr>\n<td width=\"168\" valign=\"top\">April \u2013 May<\/td>\n<td width=\"440\" valign=\"top\">Statistical processing of the data, according ISO 13528:2005<\/p>\n<p>Assessment of results after <em>\u201cz\u201d<\/em> score according SR EN ISO\/CEI 17043:2010 \u2013 Conformity assessment. General requirements for competence tests <em> <\/em><br \/>\nElaboration of General Report and its multiplication<\/td>\n<\/tr>\n<tr>\n<td width=\"168\" valign=\"top\">June<\/td>\n<td width=\"440\" valign=\"top\">The National Seminar \u201cInterlaboratory tests on cement\u201d<\/td>\n<\/tr>\n<\/tbody>\n<\/table>\n<p>1) Registration form for the Interlaboratory Tests on Mortars for masonry edition 2010 \u2013 2011 <em>(<a href=\"https:\/\/www.ceprocim.ro\/wp-content\/uploads\/2010\/08\/Talon_IIM_EN_ed_1_2010-2011_engleza.pdf\">more<\/a>)<\/em><\/p>\n<p>2) Guidelines and Forms afferent to Interlaboratory tests on Mortars for masonry edition 2010 \u2013 2011 <em>(<a href=\"https:\/\/www.ceprocim.ro\/wp-content\/uploads\/2010\/08\/Instructiuni_RO_IIM_ed_1_2010-2011_engleza.pdf\">more<\/a>)<\/em><\/p>\n<p>1.2 <strong>Determinations which make the object of Interlaboratory Tests on Mortars for masonry<\/strong><\/p>\n<ol>\n<li>Density in fresh state according to SR EN 1015-6:2001 + SR EN 1015-6:2001\/A1:2007<\/li>\n<li>Flexural and compression mechanical strength according to SR EN 1015-11:2002 + SR EN 1015-11:2002\/A1:2007<\/li>\n<\/ol>\n<div><img loading=\"lazy\" src=\"https:\/\/www.ceprocim.ro\/wp-content\/uploads\/2010\/08\/image002.jpg\" alt=\"\" width=\"81\" height=\"113\"\/><\/div>\n<div><img loading=\"lazy\" src=\"https:\/\/www.ceprocim.ro\/wp-content\/uploads\/2010\/03\/BD21321_.GIF\" alt=\"\" width=\"200\" height=\"1\"\/><\/div>\n<p><strong>ENDOWMENTS<\/strong><\/p>\n<ol>\n<li>Equipments specific to samples preparing for investigations\n<ol>\n<li>set of sieves, niches of laboratory<\/li>\n<\/ol>\n<\/li>\n<li>Equipments and accessories for analyzes and tests\n<ol>\n<li>test machines for flexural and compression strength, mixers, analytical and technical balances, water distillers, water purification systems<\/li>\n<\/ol>\n<\/li>\n<li>Equipments for assurance and monitoring of microclimate conditions\n<ol>\n<li>air-conditioning systems, moist air\/freezing-thawing cabinets, hygrometers, thermo-hygrometers, thermometers, electronic thermo-anemometer, electronic humidifier<\/li>\n<\/ol>\n<\/li>\n<li>Equipments for non-metrological measurements\n<ol>\n<li>chronometers, slide clipers, kit of tools, mechanical and digital tachometer<\/li>\n<\/ol>\n<\/li>\n<li>Techniques of calculation and dedicated programs<\/li>\n<\/ol>\n<ul>&nbsp;<\/p>\n<p>&nbsp;<\/p>\n<p>&nbsp;<\/ul>\n","protected":false},"excerpt":{"rendered":"<p>&nbsp; SPECIFIC ACTIVITIES (TABLE OF CONTENT) Beginning with October 2010, the Testing Laboratory of CEPROCIM may develop a new scheme of Interlaboratory Tests at national level, on Masonry mortars, in the conditions of reunion of a minimum statistic of participants; interlaboratory tests will have a yearly frequency. In order to send your participation request, we [&hellip;]<\/p>\n","protected":false},"author":3,"featured_media":0,"parent":765,"menu_order":8,"comment_status":"closed","ping_status":"closed","template":"","meta":[],"yoast_head":"<!-- This site is optimized with the Yoast SEO plugin v17.2 - https:\/\/yoast.com\/wordpress\/plugins\/seo\/ -->\n<meta name=\"robots\" content=\"index, follow, max-snippet:-1, max-image-preview:large, max-video-preview:-1\" \/>\n<link rel=\"canonical\" href=\"https:\/\/www.ceprocim.ro\/en\/activitati\/servicii\/scheme-de-incercari-interlaboratoare\/scheme-de-incercari-interlaboratoare-pe-mortare-pentru-zidarie-activitati-specifice-cadru-de-continut-dotari-referinte-clienti\/\" \/>\n<meta property=\"og:locale\" content=\"en_US\" \/>\n<meta property=\"og:type\" content=\"article\" \/>\n<meta property=\"og:title\" content=\"Schemes of Interlaboratory tests on Mortars for masonryScheme de \u00eencerc\u0103ri interlaboratoare pe mortare pentru zid\u0103rie - Ceprocim S.A.\" \/>\n<meta property=\"og:description\" content=\"&nbsp; SPECIFIC ACTIVITIES (TABLE OF CONTENT) Beginning with October 2010, the Testing Laboratory of CEPROCIM may develop a new scheme of Interlaboratory Tests at national level, on Masonry mortars, in the conditions of reunion of a minimum statistic of participants; interlaboratory tests will have a yearly frequency. In order to send your participation request, we [&hellip;]\" \/>\n<meta property=\"og:url\" content=\"https:\/\/www.ceprocim.ro\/activitati\/servicii\/scheme-de-incercari-interlaboratoare\/scheme-de-incercari-interlaboratoare-pe-mortare-pentru-zidarie-activitati-specifice-cadru-de-continut-dotari-referinte-clienti\/\" \/>\n<meta property=\"og:site_name\" content=\"Ceprocim S.A.\" \/>\n<meta property=\"article:modified_time\" content=\"2022-06-07T05:59:20+00:00\" \/>\n<meta property=\"og:image\" content=\"http:\/\/www.ceprocim.ro\/wp-content\/uploads\/2010\/03\/linie_rosie_f_mare.jpg\" \/>\n<meta name=\"twitter:card\" content=\"summary_large_image\" \/>\n<meta name=\"twitter:label1\" content=\"Est. reading time\" \/>\n\t<meta name=\"twitter:data1\" content=\"4 minutes\" \/>\n<script type=\"application\/ld+json\" class=\"yoast-schema-graph\">{\"@context\":\"https:\/\/schema.org\",\"@graph\":[{\"@type\":\"WebSite\",\"@id\":\"https:\/\/www.ceprocim.ro\/#website\",\"url\":\"https:\/\/www.ceprocim.ro\/\",\"name\":\"Ceprocim S.A.\",\"description\":\"Ceprocim Web Site\",\"potentialAction\":[{\"@type\":\"SearchAction\",\"target\":{\"@type\":\"EntryPoint\",\"urlTemplate\":\"https:\/\/www.ceprocim.ro\/?s={search_term_string}\"},\"query-input\":\"required name=search_term_string\"}],\"inLanguage\":\"en-US\"},{\"@type\":\"ImageObject\",\"@id\":\"https:\/\/www.ceprocim.ro\/activitati\/servicii\/scheme-de-incercari-interlaboratoare\/scheme-de-incercari-interlaboratoare-pe-mortare-pentru-zidarie-activitati-specifice-cadru-de-continut-dotari-referinte-clienti\/#primaryimage\",\"inLanguage\":\"en-US\",\"url\":\"http:\/\/www.ceprocim.ro\/wp-content\/uploads\/2010\/03\/linie_rosie_f_mare.jpg\",\"contentUrl\":\"http:\/\/www.ceprocim.ro\/wp-content\/uploads\/2010\/03\/linie_rosie_f_mare.jpg\"},{\"@type\":\"WebPage\",\"@id\":\"https:\/\/www.ceprocim.ro\/activitati\/servicii\/scheme-de-incercari-interlaboratoare\/scheme-de-incercari-interlaboratoare-pe-mortare-pentru-zidarie-activitati-specifice-cadru-de-continut-dotari-referinte-clienti\/#webpage\",\"url\":\"https:\/\/www.ceprocim.ro\/activitati\/servicii\/scheme-de-incercari-interlaboratoare\/scheme-de-incercari-interlaboratoare-pe-mortare-pentru-zidarie-activitati-specifice-cadru-de-continut-dotari-referinte-clienti\/\",\"name\":\"Schemes of Interlaboratory tests on Mortars for masonryScheme de \\u00eencerc\\u0103ri interlaboratoare pe mortare pentru zid\\u0103rie - Ceprocim S.A.\",\"isPartOf\":{\"@id\":\"https:\/\/www.ceprocim.ro\/#website\"},\"primaryImageOfPage\":{\"@id\":\"https:\/\/www.ceprocim.ro\/activitati\/servicii\/scheme-de-incercari-interlaboratoare\/scheme-de-incercari-interlaboratoare-pe-mortare-pentru-zidarie-activitati-specifice-cadru-de-continut-dotari-referinte-clienti\/#primaryimage\"},\"datePublished\":\"2010-08-20T16:12:53+00:00\",\"dateModified\":\"2022-06-07T05:59:20+00:00\",\"breadcrumb\":{\"@id\":\"https:\/\/www.ceprocim.ro\/activitati\/servicii\/scheme-de-incercari-interlaboratoare\/scheme-de-incercari-interlaboratoare-pe-mortare-pentru-zidarie-activitati-specifice-cadru-de-continut-dotari-referinte-clienti\/#breadcrumb\"},\"inLanguage\":\"en-US\",\"potentialAction\":[{\"@type\":\"ReadAction\",\"target\":[\"https:\/\/www.ceprocim.ro\/activitati\/servicii\/scheme-de-incercari-interlaboratoare\/scheme-de-incercari-interlaboratoare-pe-mortare-pentru-zidarie-activitati-specifice-cadru-de-continut-dotari-referinte-clienti\/\"]}]},{\"@type\":\"BreadcrumbList\",\"@id\":\"https:\/\/www.ceprocim.ro\/activitati\/servicii\/scheme-de-incercari-interlaboratoare\/scheme-de-incercari-interlaboratoare-pe-mortare-pentru-zidarie-activitati-specifice-cadru-de-continut-dotari-referinte-clienti\/#breadcrumb\",\"itemListElement\":[{\"@type\":\"ListItem\",\"position\":1,\"name\":\"Home\",\"item\":\"https:\/\/www.ceprocim.ro\/\"},{\"@type\":\"ListItem\",\"position\":2,\"name\":\"Activit\\u0103\\u021bi\",\"item\":\"https:\/\/www.ceprocim.ro\/activitati\/\"},{\"@type\":\"ListItem\",\"position\":3,\"name\":\"Servicii\",\"item\":\"https:\/\/www.ceprocim.ro\/activitati\/servicii\/\"},{\"@type\":\"ListItem\",\"position\":4,\"name\":\"Scheme de \\u00cencerc\\u0103ri Interlaboratoare\",\"item\":\"https:\/\/www.ceprocim.ro\/activitati\/servicii\/scheme-de-incercari-interlaboratoare\/\"},{\"@type\":\"ListItem\",\"position\":5,\"name\":\"Scheme de \\u00eencerc\\u0103ri interlaboratoare pe mortare pentru zid\\u0103rie\"}]}]}<\/script>\n<!-- \/ Yoast SEO plugin. -->","yoast_head_json":{"robots":{"index":"index","follow":"follow","max-snippet":"max-snippet:-1","max-image-preview":"max-image-preview:large","max-video-preview":"max-video-preview:-1"},"canonical":"https:\/\/www.ceprocim.ro\/activitati\/servicii\/scheme-de-incercari-interlaboratoare\/scheme-de-incercari-interlaboratoare-pe-mortare-pentru-zidarie-activitati-specifice-cadru-de-continut-dotari-referinte-clienti\/","og_locale":"en_US","og_type":"article","og_title":"Schemes of Interlaboratory tests on Mortars for masonryScheme de \u00eencerc\u0103ri interlaboratoare pe mortare pentru zid\u0103rie - Ceprocim S.A.","og_description":"&nbsp; SPECIFIC ACTIVITIES (TABLE OF CONTENT) Beginning with October 2010, the Testing Laboratory of CEPROCIM may develop a new scheme of Interlaboratory Tests at national level, on Masonry mortars, in the conditions of reunion of a minimum statistic of participants; interlaboratory tests will have a yearly frequency. In order to send your participation request, we [&hellip;]","og_url":"https:\/\/www.ceprocim.ro\/activitati\/servicii\/scheme-de-incercari-interlaboratoare\/scheme-de-incercari-interlaboratoare-pe-mortare-pentru-zidarie-activitati-specifice-cadru-de-continut-dotari-referinte-clienti\/","og_site_name":"Ceprocim S.A.","article_modified_time":"2022-06-07T05:59:20+00:00","og_image":[{"url":"http:\/\/www.ceprocim.ro\/wp-content\/uploads\/2010\/03\/linie_rosie_f_mare.jpg"}],"twitter_card":"summary_large_image","twitter_misc":{"Est. reading time":"4 minutes"},"schema":{"@context":"https:\/\/schema.org","@graph":[{"@type":"WebSite","@id":"https:\/\/www.ceprocim.ro\/#website","url":"https:\/\/www.ceprocim.ro\/","name":"Ceprocim S.A.","description":"Ceprocim Web Site","potentialAction":[{"@type":"SearchAction","target":{"@type":"EntryPoint","urlTemplate":"https:\/\/www.ceprocim.ro\/?s={search_term_string}"},"query-input":"required name=search_term_string"}],"inLanguage":"en-US"},{"@type":"ImageObject","@id":"https:\/\/www.ceprocim.ro\/activitati\/servicii\/scheme-de-incercari-interlaboratoare\/scheme-de-incercari-interlaboratoare-pe-mortare-pentru-zidarie-activitati-specifice-cadru-de-continut-dotari-referinte-clienti\/#primaryimage","inLanguage":"en-US","url":"http:\/\/www.ceprocim.ro\/wp-content\/uploads\/2010\/03\/linie_rosie_f_mare.jpg","contentUrl":"http:\/\/www.ceprocim.ro\/wp-content\/uploads\/2010\/03\/linie_rosie_f_mare.jpg"},{"@type":"WebPage","@id":"https:\/\/www.ceprocim.ro\/activitati\/servicii\/scheme-de-incercari-interlaboratoare\/scheme-de-incercari-interlaboratoare-pe-mortare-pentru-zidarie-activitati-specifice-cadru-de-continut-dotari-referinte-clienti\/#webpage","url":"https:\/\/www.ceprocim.ro\/activitati\/servicii\/scheme-de-incercari-interlaboratoare\/scheme-de-incercari-interlaboratoare-pe-mortare-pentru-zidarie-activitati-specifice-cadru-de-continut-dotari-referinte-clienti\/","name":"Schemes of Interlaboratory tests on Mortars for masonryScheme de \u00eencerc\u0103ri interlaboratoare pe mortare pentru zid\u0103rie - Ceprocim S.A.","isPartOf":{"@id":"https:\/\/www.ceprocim.ro\/#website"},"primaryImageOfPage":{"@id":"https:\/\/www.ceprocim.ro\/activitati\/servicii\/scheme-de-incercari-interlaboratoare\/scheme-de-incercari-interlaboratoare-pe-mortare-pentru-zidarie-activitati-specifice-cadru-de-continut-dotari-referinte-clienti\/#primaryimage"},"datePublished":"2010-08-20T16:12:53+00:00","dateModified":"2022-06-07T05:59:20+00:00","breadcrumb":{"@id":"https:\/\/www.ceprocim.ro\/activitati\/servicii\/scheme-de-incercari-interlaboratoare\/scheme-de-incercari-interlaboratoare-pe-mortare-pentru-zidarie-activitati-specifice-cadru-de-continut-dotari-referinte-clienti\/#breadcrumb"},"inLanguage":"en-US","potentialAction":[{"@type":"ReadAction","target":["https:\/\/www.ceprocim.ro\/activitati\/servicii\/scheme-de-incercari-interlaboratoare\/scheme-de-incercari-interlaboratoare-pe-mortare-pentru-zidarie-activitati-specifice-cadru-de-continut-dotari-referinte-clienti\/"]}]},{"@type":"BreadcrumbList","@id":"https:\/\/www.ceprocim.ro\/activitati\/servicii\/scheme-de-incercari-interlaboratoare\/scheme-de-incercari-interlaboratoare-pe-mortare-pentru-zidarie-activitati-specifice-cadru-de-continut-dotari-referinte-clienti\/#breadcrumb","itemListElement":[{"@type":"ListItem","position":1,"name":"Home","item":"https:\/\/www.ceprocim.ro\/"},{"@type":"ListItem","position":2,"name":"Activit\u0103\u021bi","item":"https:\/\/www.ceprocim.ro\/activitati\/"},{"@type":"ListItem","position":3,"name":"Servicii","item":"https:\/\/www.ceprocim.ro\/activitati\/servicii\/"},{"@type":"ListItem","position":4,"name":"Scheme de \u00cencerc\u0103ri Interlaboratoare","item":"https:\/\/www.ceprocim.ro\/activitati\/servicii\/scheme-de-incercari-interlaboratoare\/"},{"@type":"ListItem","position":5,"name":"Scheme de \u00eencerc\u0103ri interlaboratoare pe mortare pentru zid\u0103rie"}]}]}},"_links":{"self":[{"href":"https:\/\/www.ceprocim.ro\/wp-json\/wp\/v2\/pages\/6083"}],"collection":[{"href":"https:\/\/www.ceprocim.ro\/wp-json\/wp\/v2\/pages"}],"about":[{"href":"https:\/\/www.ceprocim.ro\/wp-json\/wp\/v2\/types\/page"}],"author":[{"embeddable":true,"href":"https:\/\/www.ceprocim.ro\/wp-json\/wp\/v2\/users\/3"}],"replies":[{"embeddable":true,"href":"https:\/\/www.ceprocim.ro\/wp-json\/wp\/v2\/comments?post=6083"}],"version-history":[{"count":39,"href":"https:\/\/www.ceprocim.ro\/wp-json\/wp\/v2\/pages\/6083\/revisions"}],"predecessor-version":[{"id":13862,"href":"https:\/\/www.ceprocim.ro\/wp-json\/wp\/v2\/pages\/6083\/revisions\/13862"}],"up":[{"embeddable":true,"href":"https:\/\/www.ceprocim.ro\/wp-json\/wp\/v2\/pages\/765"}],"wp:attachment":[{"href":"https:\/\/www.ceprocim.ro\/wp-json\/wp\/v2\/media?parent=6083"}],"curies":[{"name":"wp","href":"https:\/\/api.w.org\/{rel}","templated":true}]}}