{"id":6004,"date":"2010-08-20T11:26:45","date_gmt":"2010-08-20T09:26:45","guid":{"rendered":"http:\/\/www.ceprocim.ro\/?page_id=6004"},"modified":"2024-10-11T11:49:17","modified_gmt":"2024-10-11T08:49:17","slug":"scheme-de-incercari-interlaboratoare-pe-adezivi-pentru-placi-ceramice-domeniu-scop-reglementari-legale","status":"publish","type":"page","link":"https:\/\/www.ceprocim.ro\/en\/activitati\/servicii\/scheme-de-incercari-interlaboratoare\/scheme-de-incercari-interlaboratoare-pe-adezivi-pentru-placi-ceramice-domeniu-scop-reglementari-legale\/","title":{"rendered":"Schemes of interlaboratory tests on adhesives for tiles"},"content":{"rendered":"<div><img loading=\"lazy\" src=\"https:\/\/www.ceprocim.ro\/wp-content\/uploads\/2010\/03\/linie_rosie_f_mare.jpg\" alt=\"linie\" width=\"600\" height=\"1\"\/><\/div>\n<p><strong>RANGE<\/strong><\/p>\n<div><img loading=\"lazy\" src=\"https:\/\/www.ceprocim.ro\/wp-content\/uploads\/2010\/03\/BD21318_.GIF\" alt=\"linie\" width=\"300\" height=\"2\"\/><\/div>\n<p>Physical determinations on adhesives for ceramic tiles, in accordance with European Standards<\/p>\n<p><strong>SCOPE<\/strong><\/p>\n<div><img loading=\"lazy\" src=\"https:\/\/www.ceprocim.ro\/wp-content\/uploads\/2010\/03\/BD21318_.GIF\" alt=\"linie\" width=\"300\" height=\"2\"\/><\/div>\n<p>Supplying of Schemes of Interlaboratory Tests on Adhesives for ceramic tiles for interested factors from Romania and from abroad for the purpose to inter-compare the results and of establishing the capability of profile laboratory to execute specific determinations.<\/p>\n<p><strong>LEGAL RULES<\/strong><\/p>\n<div><img loading=\"lazy\" src=\"https:\/\/www.ceprocim.ro\/wp-content\/uploads\/2010\/03\/BD21318_.GIF\" alt=\"linie\" width=\"300\" height=\"2\"\/><\/p>\n<ul>\n<li>SR EN ISO\/IEC 17025:2018&nbsp;\u2013 General requirements for the competence of testing and calibration laboratories.<\/li>\n<li>ISO 13528:2015 \u2013 Statistical methods for use in proficiency testing by interlaboratory comparisons<\/li>\n<li>SR EN ISO\/CEI 17043:2010 \u2013 Conformity assessment. General requirements for proficiency testing.<\/li>\n<\/ul>\n<\/div>\n","protected":false},"excerpt":{"rendered":"<p>RANGE Physical determinations on adhesives for ceramic tiles, in accordance with European Standards SCOPE Supplying of Schemes of Interlaboratory Tests on Adhesives for ceramic tiles for interested factors from Romania and from abroad for the purpose to inter-compare the results and of establishing the capability of profile laboratory to execute specific determinations. LEGAL RULES SR [&hellip;]<\/p>\n","protected":false},"author":3,"featured_media":0,"parent":765,"menu_order":4,"comment_status":"closed","ping_status":"closed","template":"","meta":[],"yoast_head":"<!-- This site is optimized with the Yoast SEO plugin v17.2 - https:\/\/yoast.com\/wordpress\/plugins\/seo\/ -->\n<meta name=\"robots\" content=\"index, follow, max-snippet:-1, max-image-preview:large, max-video-preview:-1\" \/>\n<link rel=\"canonical\" href=\"https:\/\/www.ceprocim.ro\/en\/activitati\/servicii\/scheme-de-incercari-interlaboratoare\/scheme-de-incercari-interlaboratoare-pe-adezivi-pentru-placi-ceramice-domeniu-scop-reglementari-legale\/\" \/>\n<meta property=\"og:locale\" content=\"en_US\" \/>\n<meta property=\"og:type\" content=\"article\" \/>\n<meta property=\"og:title\" content=\"Schemes of interlaboratory tests on adhesives for tilesScheme de \u00cencerc\u0103ri interlaboratoare pe adezivi pentru pl\u0103ci ceramice - Ceprocim S.A.\" \/>\n<meta property=\"og:description\" content=\"RANGE Physical determinations on adhesives for ceramic tiles, in accordance with European Standards SCOPE Supplying of Schemes of Interlaboratory Tests on Adhesives for ceramic tiles for interested factors from Romania and from abroad for the purpose to inter-compare the results and of establishing the capability of profile laboratory to execute specific determinations. LEGAL RULES SR [&hellip;]\" \/>\n<meta property=\"og:url\" content=\"https:\/\/www.ceprocim.ro\/en\/activitati\/servicii\/scheme-de-incercari-interlaboratoare\/scheme-de-incercari-interlaboratoare-pe-adezivi-pentru-placi-ceramice-domeniu-scop-reglementari-legale\/\" \/>\n<meta property=\"og:site_name\" content=\"Ceprocim S.A.\" \/>\n<meta property=\"article:modified_time\" content=\"2024-10-11T08:49:17+00:00\" \/>\n<meta property=\"og:image\" content=\"http:\/\/www.ceprocim.ro\/wp-content\/uploads\/2010\/03\/linie_rosie_f_mare.jpg\" \/>\n<meta name=\"twitter:card\" content=\"summary_large_image\" \/>\n<meta name=\"twitter:label1\" content=\"Est. reading time\" \/>\n\t<meta name=\"twitter:data1\" content=\"3 minutes\" \/>\n<script type=\"application\/ld+json\" class=\"yoast-schema-graph\">{\"@context\":\"https:\/\/schema.org\",\"@graph\":[{\"@type\":\"WebSite\",\"@id\":\"https:\/\/www.ceprocim.ro\/#website\",\"url\":\"https:\/\/www.ceprocim.ro\/\",\"name\":\"Ceprocim S.A.\",\"description\":\"Ceprocim Web Site\",\"potentialAction\":[{\"@type\":\"SearchAction\",\"target\":{\"@type\":\"EntryPoint\",\"urlTemplate\":\"https:\/\/www.ceprocim.ro\/?s={search_term_string}\"},\"query-input\":\"required name=search_term_string\"}],\"inLanguage\":\"en-US\"},{\"@type\":\"ImageObject\",\"@id\":\"https:\/\/www.ceprocim.ro\/en\/activitati\/servicii\/scheme-de-incercari-interlaboratoare\/scheme-de-incercari-interlaboratoare-pe-adezivi-pentru-placi-ceramice-domeniu-scop-reglementari-legale\/#primaryimage\",\"inLanguage\":\"en-US\",\"url\":\"http:\/\/www.ceprocim.ro\/wp-content\/uploads\/2010\/03\/linie_rosie_f_mare.jpg\",\"contentUrl\":\"http:\/\/www.ceprocim.ro\/wp-content\/uploads\/2010\/03\/linie_rosie_f_mare.jpg\"},{\"@type\":\"WebPage\",\"@id\":\"https:\/\/www.ceprocim.ro\/en\/activitati\/servicii\/scheme-de-incercari-interlaboratoare\/scheme-de-incercari-interlaboratoare-pe-adezivi-pentru-placi-ceramice-domeniu-scop-reglementari-legale\/#webpage\",\"url\":\"https:\/\/www.ceprocim.ro\/en\/activitati\/servicii\/scheme-de-incercari-interlaboratoare\/scheme-de-incercari-interlaboratoare-pe-adezivi-pentru-placi-ceramice-domeniu-scop-reglementari-legale\/\",\"name\":\"Schemes of interlaboratory tests on adhesives for tilesScheme de \\u00cencerc\\u0103ri interlaboratoare pe adezivi pentru pl\\u0103ci ceramice - Ceprocim S.A.\",\"isPartOf\":{\"@id\":\"https:\/\/www.ceprocim.ro\/#website\"},\"primaryImageOfPage\":{\"@id\":\"https:\/\/www.ceprocim.ro\/en\/activitati\/servicii\/scheme-de-incercari-interlaboratoare\/scheme-de-incercari-interlaboratoare-pe-adezivi-pentru-placi-ceramice-domeniu-scop-reglementari-legale\/#primaryimage\"},\"datePublished\":\"2010-08-20T09:26:45+00:00\",\"dateModified\":\"2024-10-11T08:49:17+00:00\",\"breadcrumb\":{\"@id\":\"https:\/\/www.ceprocim.ro\/en\/activitati\/servicii\/scheme-de-incercari-interlaboratoare\/scheme-de-incercari-interlaboratoare-pe-adezivi-pentru-placi-ceramice-domeniu-scop-reglementari-legale\/#breadcrumb\"},\"inLanguage\":\"en-US\",\"potentialAction\":[{\"@type\":\"ReadAction\",\"target\":[\"https:\/\/www.ceprocim.ro\/en\/activitati\/servicii\/scheme-de-incercari-interlaboratoare\/scheme-de-incercari-interlaboratoare-pe-adezivi-pentru-placi-ceramice-domeniu-scop-reglementari-legale\/\"]}]},{\"@type\":\"BreadcrumbList\",\"@id\":\"https:\/\/www.ceprocim.ro\/en\/activitati\/servicii\/scheme-de-incercari-interlaboratoare\/scheme-de-incercari-interlaboratoare-pe-adezivi-pentru-placi-ceramice-domeniu-scop-reglementari-legale\/#breadcrumb\",\"itemListElement\":[{\"@type\":\"ListItem\",\"position\":1,\"name\":\"Home\",\"item\":\"https:\/\/www.ceprocim.ro\/\"},{\"@type\":\"ListItem\",\"position\":2,\"name\":\"Activit\\u0103\\u021bi\",\"item\":\"https:\/\/www.ceprocim.ro\/activitati\/\"},{\"@type\":\"ListItem\",\"position\":3,\"name\":\"Servicii\",\"item\":\"https:\/\/www.ceprocim.ro\/en\/activitati\/servicii\/\"},{\"@type\":\"ListItem\",\"position\":4,\"name\":\"Scheme de \\u00cencerc\\u0103ri Interlaboratoare\",\"item\":\"https:\/\/www.ceprocim.ro\/en\/activitati\/servicii\/scheme-de-incercari-interlaboratoare\/\"},{\"@type\":\"ListItem\",\"position\":5,\"name\":\"Scheme de \\u00cencerc\\u0103ri interlaboratoare pe adezivi pentru pl\\u0103ci ceramice\"}]}]}<\/script>\n<!-- \/ Yoast SEO plugin. -->","yoast_head_json":{"robots":{"index":"index","follow":"follow","max-snippet":"max-snippet:-1","max-image-preview":"max-image-preview:large","max-video-preview":"max-video-preview:-1"},"canonical":"https:\/\/www.ceprocim.ro\/en\/activitati\/servicii\/scheme-de-incercari-interlaboratoare\/scheme-de-incercari-interlaboratoare-pe-adezivi-pentru-placi-ceramice-domeniu-scop-reglementari-legale\/","og_locale":"en_US","og_type":"article","og_title":"Schemes of interlaboratory tests on adhesives for tilesScheme de \u00cencerc\u0103ri interlaboratoare pe adezivi pentru pl\u0103ci ceramice - Ceprocim S.A.","og_description":"RANGE Physical determinations on adhesives for ceramic tiles, in accordance with European Standards SCOPE Supplying of Schemes of Interlaboratory Tests on Adhesives for ceramic tiles for interested factors from Romania and from abroad for the purpose to inter-compare the results and of establishing the capability of profile laboratory to execute specific determinations. LEGAL RULES SR [&hellip;]","og_url":"https:\/\/www.ceprocim.ro\/en\/activitati\/servicii\/scheme-de-incercari-interlaboratoare\/scheme-de-incercari-interlaboratoare-pe-adezivi-pentru-placi-ceramice-domeniu-scop-reglementari-legale\/","og_site_name":"Ceprocim S.A.","article_modified_time":"2024-10-11T08:49:17+00:00","og_image":[{"url":"http:\/\/www.ceprocim.ro\/wp-content\/uploads\/2010\/03\/linie_rosie_f_mare.jpg"}],"twitter_card":"summary_large_image","twitter_misc":{"Est. reading time":"3 minutes"},"schema":{"@context":"https:\/\/schema.org","@graph":[{"@type":"WebSite","@id":"https:\/\/www.ceprocim.ro\/#website","url":"https:\/\/www.ceprocim.ro\/","name":"Ceprocim S.A.","description":"Ceprocim Web Site","potentialAction":[{"@type":"SearchAction","target":{"@type":"EntryPoint","urlTemplate":"https:\/\/www.ceprocim.ro\/?s={search_term_string}"},"query-input":"required name=search_term_string"}],"inLanguage":"en-US"},{"@type":"ImageObject","@id":"https:\/\/www.ceprocim.ro\/en\/activitati\/servicii\/scheme-de-incercari-interlaboratoare\/scheme-de-incercari-interlaboratoare-pe-adezivi-pentru-placi-ceramice-domeniu-scop-reglementari-legale\/#primaryimage","inLanguage":"en-US","url":"http:\/\/www.ceprocim.ro\/wp-content\/uploads\/2010\/03\/linie_rosie_f_mare.jpg","contentUrl":"http:\/\/www.ceprocim.ro\/wp-content\/uploads\/2010\/03\/linie_rosie_f_mare.jpg"},{"@type":"WebPage","@id":"https:\/\/www.ceprocim.ro\/en\/activitati\/servicii\/scheme-de-incercari-interlaboratoare\/scheme-de-incercari-interlaboratoare-pe-adezivi-pentru-placi-ceramice-domeniu-scop-reglementari-legale\/#webpage","url":"https:\/\/www.ceprocim.ro\/en\/activitati\/servicii\/scheme-de-incercari-interlaboratoare\/scheme-de-incercari-interlaboratoare-pe-adezivi-pentru-placi-ceramice-domeniu-scop-reglementari-legale\/","name":"Schemes of interlaboratory tests on adhesives for tilesScheme de \u00cencerc\u0103ri interlaboratoare pe adezivi pentru pl\u0103ci ceramice - Ceprocim S.A.","isPartOf":{"@id":"https:\/\/www.ceprocim.ro\/#website"},"primaryImageOfPage":{"@id":"https:\/\/www.ceprocim.ro\/en\/activitati\/servicii\/scheme-de-incercari-interlaboratoare\/scheme-de-incercari-interlaboratoare-pe-adezivi-pentru-placi-ceramice-domeniu-scop-reglementari-legale\/#primaryimage"},"datePublished":"2010-08-20T09:26:45+00:00","dateModified":"2024-10-11T08:49:17+00:00","breadcrumb":{"@id":"https:\/\/www.ceprocim.ro\/en\/activitati\/servicii\/scheme-de-incercari-interlaboratoare\/scheme-de-incercari-interlaboratoare-pe-adezivi-pentru-placi-ceramice-domeniu-scop-reglementari-legale\/#breadcrumb"},"inLanguage":"en-US","potentialAction":[{"@type":"ReadAction","target":["https:\/\/www.ceprocim.ro\/en\/activitati\/servicii\/scheme-de-incercari-interlaboratoare\/scheme-de-incercari-interlaboratoare-pe-adezivi-pentru-placi-ceramice-domeniu-scop-reglementari-legale\/"]}]},{"@type":"BreadcrumbList","@id":"https:\/\/www.ceprocim.ro\/en\/activitati\/servicii\/scheme-de-incercari-interlaboratoare\/scheme-de-incercari-interlaboratoare-pe-adezivi-pentru-placi-ceramice-domeniu-scop-reglementari-legale\/#breadcrumb","itemListElement":[{"@type":"ListItem","position":1,"name":"Home","item":"https:\/\/www.ceprocim.ro\/"},{"@type":"ListItem","position":2,"name":"Activit\u0103\u021bi","item":"https:\/\/www.ceprocim.ro\/activitati\/"},{"@type":"ListItem","position":3,"name":"Servicii","item":"https:\/\/www.ceprocim.ro\/en\/activitati\/servicii\/"},{"@type":"ListItem","position":4,"name":"Scheme de \u00cencerc\u0103ri Interlaboratoare","item":"https:\/\/www.ceprocim.ro\/en\/activitati\/servicii\/scheme-de-incercari-interlaboratoare\/"},{"@type":"ListItem","position":5,"name":"Scheme de \u00cencerc\u0103ri interlaboratoare pe adezivi pentru pl\u0103ci ceramice"}]}]}},"_links":{"self":[{"href":"https:\/\/www.ceprocim.ro\/wp-json\/wp\/v2\/pages\/6004"}],"collection":[{"href":"https:\/\/www.ceprocim.ro\/wp-json\/wp\/v2\/pages"}],"about":[{"href":"https:\/\/www.ceprocim.ro\/wp-json\/wp\/v2\/types\/page"}],"author":[{"embeddable":true,"href":"https:\/\/www.ceprocim.ro\/wp-json\/wp\/v2\/users\/3"}],"replies":[{"embeddable":true,"href":"https:\/\/www.ceprocim.ro\/wp-json\/wp\/v2\/comments?post=6004"}],"version-history":[{"count":55,"href":"https:\/\/www.ceprocim.ro\/wp-json\/wp\/v2\/pages\/6004\/revisions"}],"predecessor-version":[{"id":14880,"href":"https:\/\/www.ceprocim.ro\/wp-json\/wp\/v2\/pages\/6004\/revisions\/14880"}],"up":[{"embeddable":true,"href":"https:\/\/www.ceprocim.ro\/wp-json\/wp\/v2\/pages\/765"}],"wp:attachment":[{"href":"https:\/\/www.ceprocim.ro\/wp-json\/wp\/v2\/media?parent=6004"}],"curies":[{"name":"wp","href":"https:\/\/api.w.org\/{rel}","templated":true}]}}