{"id":2966,"date":"2010-03-12T09:02:33","date_gmt":"2010-03-12T06:02:33","guid":{"rendered":"http:\/\/www.ceprocim.ro\/?page_id=2966"},"modified":"2022-03-03T09:03:40","modified_gmt":"2022-03-03T07:03:40","slug":"seminar_inter_laborator-2","status":"publish","type":"page","link":"https:\/\/www.ceprocim.ro\/en\/infrastructur%c4%83-de-cercetare\/organizarea-de-manifestari-stiintifice\/seminar_inter_laborator-2\/","title":{"rendered":"Interlaboratory tests"},"content":{"rendered":"<div><img loading=\"lazy\" src=\"https:\/\/www.ceprocim.ro\/wp-content\/uploads\/2010\/03\/linie_rosie_f_mare.jpg\" alt=\"linie\" width=\"600\" height=\"1\"\/><\/div>\n<p>&nbsp;<\/p>\n<div><img loading=\"lazy\" src=\"https:\/\/www.ceprocim.ro\/wp-content\/uploads\/2010\/05\/Picture2.jpg\" alt=\"\" width=\"100\" height=\"67\"\/><\/div>\n<div><img loading=\"lazy\" src=\"https:\/\/www.ceprocim.ro\/wp-content\/uploads\/2010\/03\/BD21321_.GIF\" alt=\"\" width=\"200\" height=\"1\"\/><\/div>\n<p><strong>SPECIFIC ACTIVITIES (TABLE OF CONTENT)<\/strong><\/p>\n<p>Organizational activities regarding seminar location, data bases, scientific and social program, etc.<\/p>\n<p>Activities concerning elaboration and presentation of the papers at seminar<\/p>\n<p>&nbsp;<\/p>\n<p><strong> <\/strong><\/p>\n<div><img loading=\"lazy\" src=\"https:\/\/www.ceprocim.ro\/wp-content\/uploads\/2010\/05\/Picture5.jpg\" alt=\"\" width=\"100\" height=\"67\"\/><\/div>\n<div><img loading=\"lazy\" src=\"https:\/\/www.ceprocim.ro\/wp-content\/uploads\/2010\/03\/BD21321_.GIF\" alt=\"\" width=\"200\" height=\"1\"\/><\/div>\n<p><strong>ENDOWMENTS<\/strong><\/p>\n<p>Calculation technique and dedicated programs, technique of projection<\/p>\n<p>&nbsp;<\/p>\n<div><img loading=\"lazy\" src=\"https:\/\/www.ceprocim.ro\/wp-content\/uploads\/2010\/05\/Picture7.jpg\" alt=\"\" width=\"100\" height=\"67\"\/><\/div>\n<div><img loading=\"lazy\" src=\"https:\/\/www.ceprocim.ro\/wp-content\/uploads\/2010\/03\/BD21321_.GIF\" alt=\"\" width=\"200\" height=\"1\"\/><\/div>\n<p><strong>REFERENCES<\/strong><\/p>\n<p><strong>Recent seminaries<\/strong><\/p>\n<ol>\n<li>Anniversary Seminar \u201c30 years of Interlaboratory tests for cement\u201d, 14 June 2018, Mamaia.<\/li>\n<li>Anniversary seminar \u201c25 years of Interlaboratory Tests for Cement\u201d, 19<sup>th<\/sup> September 2013.<\/li>\n<li>National Seminar Interlaboratory Tests for cement and adhesives, 10 &#8211; 11 June, 2010, Sibiu<\/li>\n<li>Anniversary seminar (20 years) Interlaboratory tests for cement edition 2007-2008, 5 &#8211; 6 June, 2008, Mangalia<\/li>\n<li>Interlaboratory tests seminar &nbsp;for cement edition 2005-2006, June, 2006, Bucharest<\/li>\n<p>&nbsp;<\/ol>\n","protected":false},"excerpt":{"rendered":"<p>&nbsp; SPECIFIC ACTIVITIES (TABLE OF CONTENT) Organizational activities regarding seminar location, data bases, scientific and social program, etc. Activities concerning elaboration and presentation of the papers at seminar &nbsp; ENDOWMENTS Calculation technique and dedicated programs, technique of projection &nbsp; REFERENCES Recent seminaries Anniversary Seminar \u201c30 years of Interlaboratory tests for cement\u201d, 14 June 2018, Mamaia. [&hellip;]<\/p>\n","protected":false},"author":3,"featured_media":0,"parent":1214,"menu_order":8,"comment_status":"closed","ping_status":"closed","template":"","meta":[],"yoast_head":"<!-- This site is optimized with the Yoast SEO plugin v17.2 - https:\/\/yoast.com\/wordpress\/plugins\/seo\/ -->\n<meta name=\"robots\" content=\"index, follow, max-snippet:-1, max-image-preview:large, max-video-preview:-1\" \/>\n<link rel=\"canonical\" href=\"https:\/\/www.ceprocim.ro\/en\/infrastructur\u0103-de-cercetare\/organizarea-de-manifestari-stiintifice\/seminar_inter_laborator-2\/\" \/>\n<meta property=\"og:locale\" content=\"en_US\" \/>\n<meta property=\"og:type\" content=\"article\" \/>\n<meta property=\"og:title\" content=\"Interlaboratory testsSeminar Interlaboratoare - Ceprocim S.A.\" \/>\n<meta property=\"og:description\" content=\"&nbsp; SPECIFIC ACTIVITIES (TABLE OF CONTENT) Organizational activities regarding seminar location, data bases, scientific and social program, etc. Activities concerning elaboration and presentation of the papers at seminar &nbsp; ENDOWMENTS Calculation technique and dedicated programs, technique of projection &nbsp; REFERENCES Recent seminaries Anniversary Seminar \u201c30 years of Interlaboratory tests for cement\u201d, 14 June 2018, Mamaia. [&hellip;]\" \/>\n<meta property=\"og:url\" content=\"https:\/\/www.ceprocim.ro\/en\/infrastructur\u0103-de-cercetare\/organizarea-de-manifestari-stiintifice\/seminar_inter_laborator-2\/\" \/>\n<meta property=\"og:site_name\" content=\"Ceprocim S.A.\" \/>\n<meta property=\"article:modified_time\" content=\"2022-03-03T07:03:40+00:00\" \/>\n<meta property=\"og:image\" content=\"http:\/\/www.ceprocim.ro\/wp-content\/uploads\/2010\/03\/linie_rosie_f_mare.jpg\" \/>\n<meta name=\"twitter:card\" content=\"summary_large_image\" \/>\n<meta name=\"twitter:label1\" content=\"Est. reading time\" \/>\n\t<meta name=\"twitter:data1\" content=\"4 minutes\" \/>\n<script type=\"application\/ld+json\" class=\"yoast-schema-graph\">{\"@context\":\"https:\/\/schema.org\",\"@graph\":[{\"@type\":\"WebSite\",\"@id\":\"https:\/\/www.ceprocim.ro\/#website\",\"url\":\"https:\/\/www.ceprocim.ro\/\",\"name\":\"Ceprocim S.A.\",\"description\":\"Ceprocim Web Site\",\"potentialAction\":[{\"@type\":\"SearchAction\",\"target\":{\"@type\":\"EntryPoint\",\"urlTemplate\":\"https:\/\/www.ceprocim.ro\/?s={search_term_string}\"},\"query-input\":\"required name=search_term_string\"}],\"inLanguage\":\"en-US\"},{\"@type\":\"ImageObject\",\"@id\":\"https:\/\/www.ceprocim.ro\/en\/infrastructur%c4%83-de-cercetare\/organizarea-de-manifestari-stiintifice\/seminar_inter_laborator-2\/#primaryimage\",\"inLanguage\":\"en-US\",\"url\":\"http:\/\/www.ceprocim.ro\/wp-content\/uploads\/2010\/03\/linie_rosie_f_mare.jpg\",\"contentUrl\":\"http:\/\/www.ceprocim.ro\/wp-content\/uploads\/2010\/03\/linie_rosie_f_mare.jpg\"},{\"@type\":\"WebPage\",\"@id\":\"https:\/\/www.ceprocim.ro\/en\/infrastructur%c4%83-de-cercetare\/organizarea-de-manifestari-stiintifice\/seminar_inter_laborator-2\/#webpage\",\"url\":\"https:\/\/www.ceprocim.ro\/en\/infrastructur%c4%83-de-cercetare\/organizarea-de-manifestari-stiintifice\/seminar_inter_laborator-2\/\",\"name\":\"Interlaboratory testsSeminar Interlaboratoare - Ceprocim S.A.\",\"isPartOf\":{\"@id\":\"https:\/\/www.ceprocim.ro\/#website\"},\"primaryImageOfPage\":{\"@id\":\"https:\/\/www.ceprocim.ro\/en\/infrastructur%c4%83-de-cercetare\/organizarea-de-manifestari-stiintifice\/seminar_inter_laborator-2\/#primaryimage\"},\"datePublished\":\"2010-03-12T06:02:33+00:00\",\"dateModified\":\"2022-03-03T07:03:40+00:00\",\"breadcrumb\":{\"@id\":\"https:\/\/www.ceprocim.ro\/en\/infrastructur%c4%83-de-cercetare\/organizarea-de-manifestari-stiintifice\/seminar_inter_laborator-2\/#breadcrumb\"},\"inLanguage\":\"en-US\",\"potentialAction\":[{\"@type\":\"ReadAction\",\"target\":[\"https:\/\/www.ceprocim.ro\/en\/infrastructur%c4%83-de-cercetare\/organizarea-de-manifestari-stiintifice\/seminar_inter_laborator-2\/\"]}]},{\"@type\":\"BreadcrumbList\",\"@id\":\"https:\/\/www.ceprocim.ro\/en\/infrastructur%c4%83-de-cercetare\/organizarea-de-manifestari-stiintifice\/seminar_inter_laborator-2\/#breadcrumb\",\"itemListElement\":[{\"@type\":\"ListItem\",\"position\":1,\"name\":\"Home\",\"item\":\"https:\/\/www.ceprocim.ro\/\"},{\"@type\":\"ListItem\",\"position\":2,\"name\":\"Infrastructur\\u0103 de cercetare\",\"item\":\"https:\/\/www.ceprocim.ro\/en\/infrastructur%c4%83-de-cercetare\/\"},{\"@type\":\"ListItem\",\"position\":3,\"name\":\"Organizarea de manifest\\u0103ri \\u015ftiin\\u0163ifice\",\"item\":\"https:\/\/www.ceprocim.ro\/en\/infrastructur%c4%83-de-cercetare\/organizarea-de-manifestari-stiintifice\/\"},{\"@type\":\"ListItem\",\"position\":4,\"name\":\"Seminar Interlaboratoare\"}]}]}<\/script>\n<!-- \/ Yoast SEO plugin. -->","yoast_head_json":{"robots":{"index":"index","follow":"follow","max-snippet":"max-snippet:-1","max-image-preview":"max-image-preview:large","max-video-preview":"max-video-preview:-1"},"canonical":"https:\/\/www.ceprocim.ro\/en\/infrastructur\u0103-de-cercetare\/organizarea-de-manifestari-stiintifice\/seminar_inter_laborator-2\/","og_locale":"en_US","og_type":"article","og_title":"Interlaboratory testsSeminar Interlaboratoare - Ceprocim S.A.","og_description":"&nbsp; SPECIFIC ACTIVITIES (TABLE OF CONTENT) Organizational activities regarding seminar location, data bases, scientific and social program, etc. Activities concerning elaboration and presentation of the papers at seminar &nbsp; ENDOWMENTS Calculation technique and dedicated programs, technique of projection &nbsp; REFERENCES Recent seminaries Anniversary Seminar \u201c30 years of Interlaboratory tests for cement\u201d, 14 June 2018, Mamaia. [&hellip;]","og_url":"https:\/\/www.ceprocim.ro\/en\/infrastructur\u0103-de-cercetare\/organizarea-de-manifestari-stiintifice\/seminar_inter_laborator-2\/","og_site_name":"Ceprocim S.A.","article_modified_time":"2022-03-03T07:03:40+00:00","og_image":[{"url":"http:\/\/www.ceprocim.ro\/wp-content\/uploads\/2010\/03\/linie_rosie_f_mare.jpg"}],"twitter_card":"summary_large_image","twitter_misc":{"Est. reading time":"4 minutes"},"schema":{"@context":"https:\/\/schema.org","@graph":[{"@type":"WebSite","@id":"https:\/\/www.ceprocim.ro\/#website","url":"https:\/\/www.ceprocim.ro\/","name":"Ceprocim S.A.","description":"Ceprocim Web Site","potentialAction":[{"@type":"SearchAction","target":{"@type":"EntryPoint","urlTemplate":"https:\/\/www.ceprocim.ro\/?s={search_term_string}"},"query-input":"required name=search_term_string"}],"inLanguage":"en-US"},{"@type":"ImageObject","@id":"https:\/\/www.ceprocim.ro\/en\/infrastructur%c4%83-de-cercetare\/organizarea-de-manifestari-stiintifice\/seminar_inter_laborator-2\/#primaryimage","inLanguage":"en-US","url":"http:\/\/www.ceprocim.ro\/wp-content\/uploads\/2010\/03\/linie_rosie_f_mare.jpg","contentUrl":"http:\/\/www.ceprocim.ro\/wp-content\/uploads\/2010\/03\/linie_rosie_f_mare.jpg"},{"@type":"WebPage","@id":"https:\/\/www.ceprocim.ro\/en\/infrastructur%c4%83-de-cercetare\/organizarea-de-manifestari-stiintifice\/seminar_inter_laborator-2\/#webpage","url":"https:\/\/www.ceprocim.ro\/en\/infrastructur%c4%83-de-cercetare\/organizarea-de-manifestari-stiintifice\/seminar_inter_laborator-2\/","name":"Interlaboratory testsSeminar Interlaboratoare - Ceprocim S.A.","isPartOf":{"@id":"https:\/\/www.ceprocim.ro\/#website"},"primaryImageOfPage":{"@id":"https:\/\/www.ceprocim.ro\/en\/infrastructur%c4%83-de-cercetare\/organizarea-de-manifestari-stiintifice\/seminar_inter_laborator-2\/#primaryimage"},"datePublished":"2010-03-12T06:02:33+00:00","dateModified":"2022-03-03T07:03:40+00:00","breadcrumb":{"@id":"https:\/\/www.ceprocim.ro\/en\/infrastructur%c4%83-de-cercetare\/organizarea-de-manifestari-stiintifice\/seminar_inter_laborator-2\/#breadcrumb"},"inLanguage":"en-US","potentialAction":[{"@type":"ReadAction","target":["https:\/\/www.ceprocim.ro\/en\/infrastructur%c4%83-de-cercetare\/organizarea-de-manifestari-stiintifice\/seminar_inter_laborator-2\/"]}]},{"@type":"BreadcrumbList","@id":"https:\/\/www.ceprocim.ro\/en\/infrastructur%c4%83-de-cercetare\/organizarea-de-manifestari-stiintifice\/seminar_inter_laborator-2\/#breadcrumb","itemListElement":[{"@type":"ListItem","position":1,"name":"Home","item":"https:\/\/www.ceprocim.ro\/"},{"@type":"ListItem","position":2,"name":"Infrastructur\u0103 de cercetare","item":"https:\/\/www.ceprocim.ro\/en\/infrastructur%c4%83-de-cercetare\/"},{"@type":"ListItem","position":3,"name":"Organizarea de manifest\u0103ri \u015ftiin\u0163ifice","item":"https:\/\/www.ceprocim.ro\/en\/infrastructur%c4%83-de-cercetare\/organizarea-de-manifestari-stiintifice\/"},{"@type":"ListItem","position":4,"name":"Seminar Interlaboratoare"}]}]}},"_links":{"self":[{"href":"https:\/\/www.ceprocim.ro\/wp-json\/wp\/v2\/pages\/2966"}],"collection":[{"href":"https:\/\/www.ceprocim.ro\/wp-json\/wp\/v2\/pages"}],"about":[{"href":"https:\/\/www.ceprocim.ro\/wp-json\/wp\/v2\/types\/page"}],"author":[{"embeddable":true,"href":"https:\/\/www.ceprocim.ro\/wp-json\/wp\/v2\/users\/3"}],"replies":[{"embeddable":true,"href":"https:\/\/www.ceprocim.ro\/wp-json\/wp\/v2\/comments?post=2966"}],"version-history":[{"count":37,"href":"https:\/\/www.ceprocim.ro\/wp-json\/wp\/v2\/pages\/2966\/revisions"}],"predecessor-version":[{"id":13630,"href":"https:\/\/www.ceprocim.ro\/wp-json\/wp\/v2\/pages\/2966\/revisions\/13630"}],"up":[{"embeddable":true,"href":"https:\/\/www.ceprocim.ro\/wp-json\/wp\/v2\/pages\/1214"}],"wp:attachment":[{"href":"https:\/\/www.ceprocim.ro\/wp-json\/wp\/v2\/media?parent=2966"}],"curies":[{"name":"wp","href":"https:\/\/api.w.org\/{rel}","templated":true}]}}