{"id":2961,"date":"2010-03-11T15:25:49","date_gmt":"2010-03-11T12:25:49","guid":{"rendered":"http:\/\/www.ceprocim.ro\/certificari\/organizarea-de-manifestari-stiintifice\/consilox-2\/"},"modified":"2017-05-16T11:24:55","modified_gmt":"2017-05-16T08:24:55","slug":"consilox-2","status":"publish","type":"page","link":"https:\/\/www.ceprocim.ro\/en\/infrastructur%c4%83-de-cercetare\/organizarea-de-manifestari-stiintifice\/consilox-2\/","title":{"rendered":"CONSILOX"},"content":{"rendered":"<div><img loading=\"lazy\" src=\"https:\/\/www.ceprocim.ro\/wp-content\/uploads\/2010\/03\/linie_rosie_f_mare.jpg\" alt=\"linie\" width=\"600\" height=\"1\" \/><\/div>\n<p>&nbsp;<\/p>\n<div><img loading=\"lazy\" src=\"https:\/\/www.ceprocim.ro\/wp-content\/uploads\/2017\/05\/Poza-05.jpg\" alt=\"\" width=\"100\" height=\"67\" \/><\/div>\n<div><img loading=\"lazy\" src=\"https:\/\/www.ceprocim.ro\/wp-content\/uploads\/2010\/03\/BD21321_.GIF\" alt=\"\" width=\"200\" height=\"1\" \/><\/div>\n<p><strong>SPECIFIC ACTIVITIES (TABLE OF CONTENT)<\/strong><\/p>\n<ol>\n<li>Organizational activities regarding conference location, web page creation, bank of data, partnerships, exhibition, scientific and social program, etc.<\/li>\n<li>Scientific activities regarding the elaboration, approval and works presentation at conference and also performing and editing of Proceedings and Conference Program<\/li>\n<\/ol>\n<p>&nbsp;<\/p>\n<div><img loading=\"lazy\" src=\"https:\/\/www.ceprocim.ro\/wp-content\/uploads\/2017\/05\/Poza-13.JPG\" alt=\"\" width=\"100\" height=\"67\" \/><\/div>\n<div><img loading=\"lazy\" src=\"https:\/\/www.ceprocim.ro\/wp-content\/uploads\/2010\/03\/BD21321_.GIF\" alt=\"\" width=\"200\" height=\"1\" \/><\/div>\n<p><strong>ENDOWMENTS<\/strong><\/p>\n<p>Calculation technique and dedicated \u00a0,,technique of projection\u201d<\/p>\n<p>&nbsp;<\/p>\n<div><img loading=\"lazy\" src=\"https:\/\/www.ceprocim.ro\/wp-content\/uploads\/2017\/05\/Poza-10.jpg\" alt=\"\" width=\"100\" height=\"67\" \/><\/div>\n<div><img loading=\"lazy\" src=\"https:\/\/www.ceprocim.ro\/wp-content\/uploads\/2010\/03\/BD21321_.GIF\" alt=\"\" width=\"200\" height=\"1\" \/><\/div>\n<p><strong>REFERENCES<\/strong><\/p>\n<p><strong>Recent conference<\/strong><\/p>\n<ol>\n<li>CONSILOX, the XII-th edition, 16-20 September 2016, Sinaia at which were participated 133 specialists from which 7 from Serbia, Slovakia, Mexico, Greece, Republic of Moldavia. From these 11 were from universities, 8 from the institutes of research-design, 11 from economic enterprises and 9 representatives of central and local authorities (ANCS, ANPM, AJPM, CIROM, Ministry of Economy, Ministry of Environment).<\/li>\n<\/ol>\n","protected":false},"excerpt":{"rendered":"<p>&nbsp; SPECIFIC ACTIVITIES (TABLE OF CONTENT) Organizational activities regarding conference location, web page creation, bank of data, partnerships, exhibition, scientific and social program, etc. Scientific activities regarding the elaboration, approval and works presentation at conference and also performing and editing of Proceedings and Conference Program &nbsp; ENDOWMENTS Calculation technique and dedicated \u00a0,,technique of projection\u201d &nbsp; [&hellip;]<\/p>\n","protected":false},"author":3,"featured_media":0,"parent":1214,"menu_order":5,"comment_status":"closed","ping_status":"closed","template":"","meta":[],"yoast_head":"<!-- This site is optimized with the Yoast SEO plugin v17.2 - https:\/\/yoast.com\/wordpress\/plugins\/seo\/ -->\n<meta name=\"robots\" content=\"index, follow, max-snippet:-1, max-image-preview:large, max-video-preview:-1\" \/>\n<link rel=\"canonical\" href=\"https:\/\/www.ceprocim.ro\/en\/infrastructur\u0103-de-cercetare\/organizarea-de-manifestari-stiintifice\/consilox-2\/\" \/>\n<meta property=\"og:locale\" content=\"en_US\" \/>\n<meta property=\"og:type\" content=\"article\" \/>\n<meta property=\"og:title\" content=\"CONSILOXCONSILOX - Ceprocim S.A.\" \/>\n<meta property=\"og:description\" content=\"&nbsp; SPECIFIC ACTIVITIES (TABLE OF CONTENT) Organizational activities regarding conference location, web page creation, bank of data, partnerships, exhibition, scientific and social program, etc. Scientific activities regarding the elaboration, approval and works presentation at conference and also performing and editing of Proceedings and Conference Program &nbsp; ENDOWMENTS Calculation technique and dedicated \u00a0,,technique of projection\u201d &nbsp; [&hellip;]\" \/>\n<meta property=\"og:url\" content=\"https:\/\/www.ceprocim.ro\/en\/infrastructur\u0103-de-cercetare\/organizarea-de-manifestari-stiintifice\/consilox-2\/\" \/>\n<meta property=\"og:site_name\" content=\"Ceprocim S.A.\" \/>\n<meta property=\"article:modified_time\" content=\"2017-05-16T08:24:55+00:00\" \/>\n<meta property=\"og:image\" content=\"http:\/\/www.ceprocim.ro\/wp-content\/uploads\/2010\/03\/linie_rosie_f_mare.jpg\" \/>\n<meta name=\"twitter:card\" content=\"summary_large_image\" \/>\n<meta name=\"twitter:label1\" content=\"Est. reading time\" \/>\n\t<meta name=\"twitter:data1\" content=\"1 minute\" \/>\n<script type=\"application\/ld+json\" class=\"yoast-schema-graph\">{\"@context\":\"https:\/\/schema.org\",\"@graph\":[{\"@type\":\"WebSite\",\"@id\":\"https:\/\/www.ceprocim.ro\/#website\",\"url\":\"https:\/\/www.ceprocim.ro\/\",\"name\":\"Ceprocim S.A.\",\"description\":\"Ceprocim Web Site\",\"potentialAction\":[{\"@type\":\"SearchAction\",\"target\":{\"@type\":\"EntryPoint\",\"urlTemplate\":\"https:\/\/www.ceprocim.ro\/?s={search_term_string}\"},\"query-input\":\"required name=search_term_string\"}],\"inLanguage\":\"en-US\"},{\"@type\":\"ImageObject\",\"@id\":\"https:\/\/www.ceprocim.ro\/en\/infrastructur%c4%83-de-cercetare\/organizarea-de-manifestari-stiintifice\/consilox-2\/#primaryimage\",\"inLanguage\":\"en-US\",\"url\":\"http:\/\/www.ceprocim.ro\/wp-content\/uploads\/2010\/03\/linie_rosie_f_mare.jpg\",\"contentUrl\":\"http:\/\/www.ceprocim.ro\/wp-content\/uploads\/2010\/03\/linie_rosie_f_mare.jpg\"},{\"@type\":\"WebPage\",\"@id\":\"https:\/\/www.ceprocim.ro\/en\/infrastructur%c4%83-de-cercetare\/organizarea-de-manifestari-stiintifice\/consilox-2\/#webpage\",\"url\":\"https:\/\/www.ceprocim.ro\/en\/infrastructur%c4%83-de-cercetare\/organizarea-de-manifestari-stiintifice\/consilox-2\/\",\"name\":\"CONSILOXCONSILOX - Ceprocim S.A.\",\"isPartOf\":{\"@id\":\"https:\/\/www.ceprocim.ro\/#website\"},\"primaryImageOfPage\":{\"@id\":\"https:\/\/www.ceprocim.ro\/en\/infrastructur%c4%83-de-cercetare\/organizarea-de-manifestari-stiintifice\/consilox-2\/#primaryimage\"},\"datePublished\":\"2010-03-11T12:25:49+00:00\",\"dateModified\":\"2017-05-16T08:24:55+00:00\",\"breadcrumb\":{\"@id\":\"https:\/\/www.ceprocim.ro\/en\/infrastructur%c4%83-de-cercetare\/organizarea-de-manifestari-stiintifice\/consilox-2\/#breadcrumb\"},\"inLanguage\":\"en-US\",\"potentialAction\":[{\"@type\":\"ReadAction\",\"target\":[\"https:\/\/www.ceprocim.ro\/en\/infrastructur%c4%83-de-cercetare\/organizarea-de-manifestari-stiintifice\/consilox-2\/\"]}]},{\"@type\":\"BreadcrumbList\",\"@id\":\"https:\/\/www.ceprocim.ro\/en\/infrastructur%c4%83-de-cercetare\/organizarea-de-manifestari-stiintifice\/consilox-2\/#breadcrumb\",\"itemListElement\":[{\"@type\":\"ListItem\",\"position\":1,\"name\":\"Home\",\"item\":\"https:\/\/www.ceprocim.ro\/\"},{\"@type\":\"ListItem\",\"position\":2,\"name\":\"Infrastructur\\u0103 de cercetare\",\"item\":\"https:\/\/www.ceprocim.ro\/en\/infrastructur%c4%83-de-cercetare\/\"},{\"@type\":\"ListItem\",\"position\":3,\"name\":\"Organizarea de manifest\\u0103ri \\u015ftiin\\u0163ifice\",\"item\":\"https:\/\/www.ceprocim.ro\/en\/infrastructur%c4%83-de-cercetare\/organizarea-de-manifestari-stiintifice\/\"},{\"@type\":\"ListItem\",\"position\":4,\"name\":\"CONSILOX\"}]}]}<\/script>\n<!-- \/ Yoast SEO plugin. -->","yoast_head_json":{"robots":{"index":"index","follow":"follow","max-snippet":"max-snippet:-1","max-image-preview":"max-image-preview:large","max-video-preview":"max-video-preview:-1"},"canonical":"https:\/\/www.ceprocim.ro\/en\/infrastructur\u0103-de-cercetare\/organizarea-de-manifestari-stiintifice\/consilox-2\/","og_locale":"en_US","og_type":"article","og_title":"CONSILOXCONSILOX - Ceprocim S.A.","og_description":"&nbsp; SPECIFIC ACTIVITIES (TABLE OF CONTENT) Organizational activities regarding conference location, web page creation, bank of data, partnerships, exhibition, scientific and social program, etc. Scientific activities regarding the elaboration, approval and works presentation at conference and also performing and editing of Proceedings and Conference Program &nbsp; ENDOWMENTS Calculation technique and dedicated \u00a0,,technique of projection\u201d &nbsp; [&hellip;]","og_url":"https:\/\/www.ceprocim.ro\/en\/infrastructur\u0103-de-cercetare\/organizarea-de-manifestari-stiintifice\/consilox-2\/","og_site_name":"Ceprocim S.A.","article_modified_time":"2017-05-16T08:24:55+00:00","og_image":[{"url":"http:\/\/www.ceprocim.ro\/wp-content\/uploads\/2010\/03\/linie_rosie_f_mare.jpg"}],"twitter_card":"summary_large_image","twitter_misc":{"Est. reading time":"1 minute"},"schema":{"@context":"https:\/\/schema.org","@graph":[{"@type":"WebSite","@id":"https:\/\/www.ceprocim.ro\/#website","url":"https:\/\/www.ceprocim.ro\/","name":"Ceprocim S.A.","description":"Ceprocim Web Site","potentialAction":[{"@type":"SearchAction","target":{"@type":"EntryPoint","urlTemplate":"https:\/\/www.ceprocim.ro\/?s={search_term_string}"},"query-input":"required name=search_term_string"}],"inLanguage":"en-US"},{"@type":"ImageObject","@id":"https:\/\/www.ceprocim.ro\/en\/infrastructur%c4%83-de-cercetare\/organizarea-de-manifestari-stiintifice\/consilox-2\/#primaryimage","inLanguage":"en-US","url":"http:\/\/www.ceprocim.ro\/wp-content\/uploads\/2010\/03\/linie_rosie_f_mare.jpg","contentUrl":"http:\/\/www.ceprocim.ro\/wp-content\/uploads\/2010\/03\/linie_rosie_f_mare.jpg"},{"@type":"WebPage","@id":"https:\/\/www.ceprocim.ro\/en\/infrastructur%c4%83-de-cercetare\/organizarea-de-manifestari-stiintifice\/consilox-2\/#webpage","url":"https:\/\/www.ceprocim.ro\/en\/infrastructur%c4%83-de-cercetare\/organizarea-de-manifestari-stiintifice\/consilox-2\/","name":"CONSILOXCONSILOX - Ceprocim S.A.","isPartOf":{"@id":"https:\/\/www.ceprocim.ro\/#website"},"primaryImageOfPage":{"@id":"https:\/\/www.ceprocim.ro\/en\/infrastructur%c4%83-de-cercetare\/organizarea-de-manifestari-stiintifice\/consilox-2\/#primaryimage"},"datePublished":"2010-03-11T12:25:49+00:00","dateModified":"2017-05-16T08:24:55+00:00","breadcrumb":{"@id":"https:\/\/www.ceprocim.ro\/en\/infrastructur%c4%83-de-cercetare\/organizarea-de-manifestari-stiintifice\/consilox-2\/#breadcrumb"},"inLanguage":"en-US","potentialAction":[{"@type":"ReadAction","target":["https:\/\/www.ceprocim.ro\/en\/infrastructur%c4%83-de-cercetare\/organizarea-de-manifestari-stiintifice\/consilox-2\/"]}]},{"@type":"BreadcrumbList","@id":"https:\/\/www.ceprocim.ro\/en\/infrastructur%c4%83-de-cercetare\/organizarea-de-manifestari-stiintifice\/consilox-2\/#breadcrumb","itemListElement":[{"@type":"ListItem","position":1,"name":"Home","item":"https:\/\/www.ceprocim.ro\/"},{"@type":"ListItem","position":2,"name":"Infrastructur\u0103 de cercetare","item":"https:\/\/www.ceprocim.ro\/en\/infrastructur%c4%83-de-cercetare\/"},{"@type":"ListItem","position":3,"name":"Organizarea de manifest\u0103ri \u015ftiin\u0163ifice","item":"https:\/\/www.ceprocim.ro\/en\/infrastructur%c4%83-de-cercetare\/organizarea-de-manifestari-stiintifice\/"},{"@type":"ListItem","position":4,"name":"CONSILOX"}]}]}},"_links":{"self":[{"href":"https:\/\/www.ceprocim.ro\/wp-json\/wp\/v2\/pages\/2961"}],"collection":[{"href":"https:\/\/www.ceprocim.ro\/wp-json\/wp\/v2\/pages"}],"about":[{"href":"https:\/\/www.ceprocim.ro\/wp-json\/wp\/v2\/types\/page"}],"author":[{"embeddable":true,"href":"https:\/\/www.ceprocim.ro\/wp-json\/wp\/v2\/users\/3"}],"replies":[{"embeddable":true,"href":"https:\/\/www.ceprocim.ro\/wp-json\/wp\/v2\/comments?post=2961"}],"version-history":[{"count":24,"href":"https:\/\/www.ceprocim.ro\/wp-json\/wp\/v2\/pages\/2961\/revisions"}],"predecessor-version":[{"id":11065,"href":"https:\/\/www.ceprocim.ro\/wp-json\/wp\/v2\/pages\/2961\/revisions\/11065"}],"up":[{"embeddable":true,"href":"https:\/\/www.ceprocim.ro\/wp-json\/wp\/v2\/pages\/1214"}],"wp:attachment":[{"href":"https:\/\/www.ceprocim.ro\/wp-json\/wp\/v2\/media?parent=2961"}],"curies":[{"name":"wp","href":"https:\/\/api.w.org\/{rel}","templated":true}]}}