{"id":2960,"date":"2010-03-11T15:24:24","date_gmt":"2010-03-11T12:24:24","guid":{"rendered":"http:\/\/www.ceprocim.ro\/certificari\/organizarea-de-manifestari-stiintifice\/consilox\/"},"modified":"2010-04-22T09:40:58","modified_gmt":"2010-04-22T06:40:58","slug":"consilox","status":"publish","type":"page","link":"https:\/\/www.ceprocim.ro\/en\/infrastructur%c4%83-de-cercetare\/organizarea-de-manifestari-stiintifice\/consilox\/","title":{"rendered":"CONSILOX"},"content":{"rendered":"<p>&nbsp;<\/p>\n<p><strong>RANGE<\/strong><\/p>\n<div><img loading=\"lazy\" src=\"https:\/\/www.ceprocim.ro\/wp-content\/uploads\/2010\/03\/BD21318_.GIF\" alt=\"linie\" width=\"300\" height=\"2\" \/><\/div>\n<p>Conference on the Science and Engineering of Oxide Materials<strong> <\/strong>(CONSILOX) is a traditional scientific conference of the specialists from science range and oxide materials engineering range which is developed once at four years.<\/p>\n<p>The first edition took place at Brasov in 1972, then at Bucharest 1976, Bra\u015fov 1980, Cluj Napoca 1984, Timi\u015foara 1988, Ploie\u015fti 1992, Constan\u0163a 1996, Alba Iulia 2000, Sighi\u015foara 2004, Timisoara 2008. From the first edition, CEPROCIM (before of 1990 as denomination ICPILA) was co-organizer \u00a0of the conference and from the VIII-th edition, from Alba Iulia, main organizer and sponsor.<\/p>\n<p><strong>SCOPE<\/strong><\/p>\n<div><img loading=\"lazy\" src=\"https:\/\/www.ceprocim.ro\/wp-content\/uploads\/2010\/03\/BD21318_.GIF\" alt=\"linie\" width=\"300\" height=\"2\" \/><\/div>\n<p>Dissemination of specialty knowledge \u00a0in range of science and silicates engineering and oxide materials \u00a0(cement, ceramic, glass)<\/p>\n","protected":false},"excerpt":{"rendered":"<p>&nbsp; RANGE Conference on the Science and Engineering of Oxide Materials (CONSILOX) is a traditional scientific conference of the specialists from science range and oxide materials engineering range which is developed once at four years. The first edition took place at Brasov in 1972, then at Bucharest 1976, Bra\u015fov 1980, Cluj Napoca 1984, Timi\u015foara 1988, [&hellip;]<\/p>\n","protected":false},"author":3,"featured_media":0,"parent":1214,"menu_order":4,"comment_status":"closed","ping_status":"closed","template":"","meta":[],"yoast_head":"<!-- This site is optimized with the Yoast SEO plugin v17.2 - https:\/\/yoast.com\/wordpress\/plugins\/seo\/ -->\n<meta name=\"robots\" content=\"index, follow, max-snippet:-1, max-image-preview:large, max-video-preview:-1\" \/>\n<link rel=\"canonical\" href=\"https:\/\/www.ceprocim.ro\/en\/infrastructur\u0103-de-cercetare\/organizarea-de-manifestari-stiintifice\/consilox\/\" \/>\n<meta property=\"og:locale\" content=\"en_US\" \/>\n<meta property=\"og:type\" content=\"article\" \/>\n<meta property=\"og:title\" content=\"CONSILOXCONSILOX - Ceprocim S.A.\" \/>\n<meta property=\"og:description\" content=\"&nbsp; RANGE Conference on the Science and Engineering of Oxide Materials (CONSILOX) is a traditional scientific conference of the specialists from science range and oxide materials engineering range which is developed once at four years. The first edition took place at Brasov in 1972, then at Bucharest 1976, Bra\u015fov 1980, Cluj Napoca 1984, Timi\u015foara 1988, [&hellip;]\" \/>\n<meta property=\"og:url\" content=\"https:\/\/www.ceprocim.ro\/en\/infrastructur\u0103-de-cercetare\/organizarea-de-manifestari-stiintifice\/consilox\/\" \/>\n<meta property=\"og:site_name\" content=\"Ceprocim S.A.\" \/>\n<meta property=\"article:modified_time\" content=\"2010-04-22T06:40:58+00:00\" \/>\n<meta property=\"og:image\" content=\"http:\/\/www.ceprocim.ro\/wp-content\/uploads\/2010\/03\/BD21318_.GIF\" \/>\n<meta name=\"twitter:card\" content=\"summary_large_image\" \/>\n<meta name=\"twitter:label1\" content=\"Est. reading time\" \/>\n\t<meta name=\"twitter:data1\" content=\"1 minute\" \/>\n<script type=\"application\/ld+json\" class=\"yoast-schema-graph\">{\"@context\":\"https:\/\/schema.org\",\"@graph\":[{\"@type\":\"WebSite\",\"@id\":\"https:\/\/www.ceprocim.ro\/#website\",\"url\":\"https:\/\/www.ceprocim.ro\/\",\"name\":\"Ceprocim S.A.\",\"description\":\"Ceprocim Web Site\",\"potentialAction\":[{\"@type\":\"SearchAction\",\"target\":{\"@type\":\"EntryPoint\",\"urlTemplate\":\"https:\/\/www.ceprocim.ro\/?s={search_term_string}\"},\"query-input\":\"required name=search_term_string\"}],\"inLanguage\":\"en-US\"},{\"@type\":\"ImageObject\",\"@id\":\"https:\/\/www.ceprocim.ro\/en\/infrastructur%c4%83-de-cercetare\/organizarea-de-manifestari-stiintifice\/consilox\/#primaryimage\",\"inLanguage\":\"en-US\",\"url\":\"http:\/\/www.ceprocim.ro\/wp-content\/uploads\/2010\/03\/BD21318_.GIF\",\"contentUrl\":\"http:\/\/www.ceprocim.ro\/wp-content\/uploads\/2010\/03\/BD21318_.GIF\"},{\"@type\":\"WebPage\",\"@id\":\"https:\/\/www.ceprocim.ro\/en\/infrastructur%c4%83-de-cercetare\/organizarea-de-manifestari-stiintifice\/consilox\/#webpage\",\"url\":\"https:\/\/www.ceprocim.ro\/en\/infrastructur%c4%83-de-cercetare\/organizarea-de-manifestari-stiintifice\/consilox\/\",\"name\":\"CONSILOXCONSILOX - Ceprocim S.A.\",\"isPartOf\":{\"@id\":\"https:\/\/www.ceprocim.ro\/#website\"},\"primaryImageOfPage\":{\"@id\":\"https:\/\/www.ceprocim.ro\/en\/infrastructur%c4%83-de-cercetare\/organizarea-de-manifestari-stiintifice\/consilox\/#primaryimage\"},\"datePublished\":\"2010-03-11T12:24:24+00:00\",\"dateModified\":\"2010-04-22T06:40:58+00:00\",\"breadcrumb\":{\"@id\":\"https:\/\/www.ceprocim.ro\/en\/infrastructur%c4%83-de-cercetare\/organizarea-de-manifestari-stiintifice\/consilox\/#breadcrumb\"},\"inLanguage\":\"en-US\",\"potentialAction\":[{\"@type\":\"ReadAction\",\"target\":[\"https:\/\/www.ceprocim.ro\/en\/infrastructur%c4%83-de-cercetare\/organizarea-de-manifestari-stiintifice\/consilox\/\"]}]},{\"@type\":\"BreadcrumbList\",\"@id\":\"https:\/\/www.ceprocim.ro\/en\/infrastructur%c4%83-de-cercetare\/organizarea-de-manifestari-stiintifice\/consilox\/#breadcrumb\",\"itemListElement\":[{\"@type\":\"ListItem\",\"position\":1,\"name\":\"Home\",\"item\":\"https:\/\/www.ceprocim.ro\/en\/\"},{\"@type\":\"ListItem\",\"position\":2,\"name\":\"Infrastructur\\u0103 de cercetare\",\"item\":\"https:\/\/www.ceprocim.ro\/infrastructur%c4%83-de-cercetare\/\"},{\"@type\":\"ListItem\",\"position\":3,\"name\":\"Organizarea de manifest\\u0103ri \\u015ftiin\\u0163ifice\",\"item\":\"https:\/\/www.ceprocim.ro\/infrastructur%c4%83-de-cercetare\/organizarea-de-manifestari-stiintifice\/\"},{\"@type\":\"ListItem\",\"position\":4,\"name\":\"CONSILOX\"}]}]}<\/script>\n<!-- \/ Yoast SEO plugin. -->","yoast_head_json":{"robots":{"index":"index","follow":"follow","max-snippet":"max-snippet:-1","max-image-preview":"max-image-preview:large","max-video-preview":"max-video-preview:-1"},"canonical":"https:\/\/www.ceprocim.ro\/en\/infrastructur\u0103-de-cercetare\/organizarea-de-manifestari-stiintifice\/consilox\/","og_locale":"en_US","og_type":"article","og_title":"CONSILOXCONSILOX - Ceprocim S.A.","og_description":"&nbsp; RANGE Conference on the Science and Engineering of Oxide Materials (CONSILOX) is a traditional scientific conference of the specialists from science range and oxide materials engineering range which is developed once at four years. The first edition took place at Brasov in 1972, then at Bucharest 1976, Bra\u015fov 1980, Cluj Napoca 1984, Timi\u015foara 1988, [&hellip;]","og_url":"https:\/\/www.ceprocim.ro\/en\/infrastructur\u0103-de-cercetare\/organizarea-de-manifestari-stiintifice\/consilox\/","og_site_name":"Ceprocim S.A.","article_modified_time":"2010-04-22T06:40:58+00:00","og_image":[{"url":"http:\/\/www.ceprocim.ro\/wp-content\/uploads\/2010\/03\/BD21318_.GIF"}],"twitter_card":"summary_large_image","twitter_misc":{"Est. reading time":"1 minute"},"schema":{"@context":"https:\/\/schema.org","@graph":[{"@type":"WebSite","@id":"https:\/\/www.ceprocim.ro\/#website","url":"https:\/\/www.ceprocim.ro\/","name":"Ceprocim S.A.","description":"Ceprocim Web Site","potentialAction":[{"@type":"SearchAction","target":{"@type":"EntryPoint","urlTemplate":"https:\/\/www.ceprocim.ro\/?s={search_term_string}"},"query-input":"required name=search_term_string"}],"inLanguage":"en-US"},{"@type":"ImageObject","@id":"https:\/\/www.ceprocim.ro\/en\/infrastructur%c4%83-de-cercetare\/organizarea-de-manifestari-stiintifice\/consilox\/#primaryimage","inLanguage":"en-US","url":"http:\/\/www.ceprocim.ro\/wp-content\/uploads\/2010\/03\/BD21318_.GIF","contentUrl":"http:\/\/www.ceprocim.ro\/wp-content\/uploads\/2010\/03\/BD21318_.GIF"},{"@type":"WebPage","@id":"https:\/\/www.ceprocim.ro\/en\/infrastructur%c4%83-de-cercetare\/organizarea-de-manifestari-stiintifice\/consilox\/#webpage","url":"https:\/\/www.ceprocim.ro\/en\/infrastructur%c4%83-de-cercetare\/organizarea-de-manifestari-stiintifice\/consilox\/","name":"CONSILOXCONSILOX - Ceprocim S.A.","isPartOf":{"@id":"https:\/\/www.ceprocim.ro\/#website"},"primaryImageOfPage":{"@id":"https:\/\/www.ceprocim.ro\/en\/infrastructur%c4%83-de-cercetare\/organizarea-de-manifestari-stiintifice\/consilox\/#primaryimage"},"datePublished":"2010-03-11T12:24:24+00:00","dateModified":"2010-04-22T06:40:58+00:00","breadcrumb":{"@id":"https:\/\/www.ceprocim.ro\/en\/infrastructur%c4%83-de-cercetare\/organizarea-de-manifestari-stiintifice\/consilox\/#breadcrumb"},"inLanguage":"en-US","potentialAction":[{"@type":"ReadAction","target":["https:\/\/www.ceprocim.ro\/en\/infrastructur%c4%83-de-cercetare\/organizarea-de-manifestari-stiintifice\/consilox\/"]}]},{"@type":"BreadcrumbList","@id":"https:\/\/www.ceprocim.ro\/en\/infrastructur%c4%83-de-cercetare\/organizarea-de-manifestari-stiintifice\/consilox\/#breadcrumb","itemListElement":[{"@type":"ListItem","position":1,"name":"Home","item":"https:\/\/www.ceprocim.ro\/en\/"},{"@type":"ListItem","position":2,"name":"Infrastructur\u0103 de cercetare","item":"https:\/\/www.ceprocim.ro\/infrastructur%c4%83-de-cercetare\/"},{"@type":"ListItem","position":3,"name":"Organizarea de manifest\u0103ri \u015ftiin\u0163ifice","item":"https:\/\/www.ceprocim.ro\/infrastructur%c4%83-de-cercetare\/organizarea-de-manifestari-stiintifice\/"},{"@type":"ListItem","position":4,"name":"CONSILOX"}]}]}},"_links":{"self":[{"href":"https:\/\/www.ceprocim.ro\/wp-json\/wp\/v2\/pages\/2960"}],"collection":[{"href":"https:\/\/www.ceprocim.ro\/wp-json\/wp\/v2\/pages"}],"about":[{"href":"https:\/\/www.ceprocim.ro\/wp-json\/wp\/v2\/types\/page"}],"author":[{"embeddable":true,"href":"https:\/\/www.ceprocim.ro\/wp-json\/wp\/v2\/users\/3"}],"replies":[{"embeddable":true,"href":"https:\/\/www.ceprocim.ro\/wp-json\/wp\/v2\/comments?post=2960"}],"version-history":[{"count":10,"href":"https:\/\/www.ceprocim.ro\/wp-json\/wp\/v2\/pages\/2960\/revisions"}],"predecessor-version":[{"id":5244,"href":"https:\/\/www.ceprocim.ro\/wp-json\/wp\/v2\/pages\/2960\/revisions\/5244"}],"up":[{"embeddable":true,"href":"https:\/\/www.ceprocim.ro\/wp-json\/wp\/v2\/pages\/1214"}],"wp:attachment":[{"href":"https:\/\/www.ceprocim.ro\/wp-json\/wp\/v2\/media?parent=2960"}],"curies":[{"name":"wp","href":"https:\/\/api.w.org\/{rel}","templated":true}]}}