{"id":2955,"date":"2010-03-11T15:19:04","date_gmt":"2010-03-11T12:19:04","guid":{"rendered":"http:\/\/www.ceprocim.ro\/?page_id=2955"},"modified":"2010-04-20T09:24:07","modified_gmt":"2010-04-20T06:24:07","slug":"pt-conf","status":"publish","type":"page","link":"https:\/\/www.ceprocim.ro\/en\/infrastructur%c4%83-de-cercetare\/organizarea-de-manifestari-stiintifice\/pt-conf\/","title":{"rendered":"PT-Conf"},"content":{"rendered":"<div><img loading=\"lazy\" src=\"https:\/\/www.ceprocim.ro\/wp-content\/uploads\/2010\/03\/linie_rosie_f_mare.jpg\" alt=\"linie\" width=\"600\" height=\"1\" \/><\/div>\n<p>&nbsp;<\/p>\n<p><strong>RANGE<\/strong><\/p>\n<div><img loading=\"lazy\" src=\"https:\/\/www.ceprocim.ro\/wp-content\/uploads\/2010\/03\/BD21318_.GIF\" alt=\"linie\" width=\"300\" height=\"2\" \/><\/div>\n<p>Conference is addressed to suppliers of schemes for capability tests (Proficiency Testing \u2013 PT), specialists from the laboratories of analyses and tests worldwide and from all ranges (aggregates, chemistry, electrotechnics, food and food stuffs, environment, building materials, plastic materials, mechanics, metallurgy, microbiology, petrochemistry, lasers physics, plasma and radiations, soils, textile etc.).<\/p>\n<p>&nbsp;<\/p>\n<p><strong>SCOPE<\/strong><\/p>\n<div><img loading=\"lazy\" src=\"https:\/\/www.ceprocim.ro\/wp-content\/uploads\/2010\/03\/BD21318_.GIF\" alt=\"linie\" width=\"300\" height=\"2\" \/><\/div>\n<p>Constituting of a forum where the participants from institutes, universities, laboratories, organizers of PT schemes worldwide, may compare their opinions and disseminate their knowledge, innovatory ideas regarding the organization and participation at tests schemes for capability (PT) and also at connection themes such as using of reference materials, incertitude of measuring, metrology and traceability, etc, once at two years.<\/p>\n","protected":false},"excerpt":{"rendered":"<p>&nbsp; RANGE Conference is addressed to suppliers of schemes for capability tests (Proficiency Testing \u2013 PT), specialists from the laboratories of analyses and tests worldwide and from all ranges (aggregates, chemistry, electrotechnics, food and food stuffs, environment, building materials, plastic materials, mechanics, metallurgy, microbiology, petrochemistry, lasers physics, plasma and radiations, soils, textile etc.). &nbsp; SCOPE [&hellip;]<\/p>\n","protected":false},"author":3,"featured_media":0,"parent":1214,"menu_order":1,"comment_status":"closed","ping_status":"closed","template":"","meta":[],"yoast_head":"<!-- This site is optimized with the Yoast SEO plugin v17.2 - https:\/\/yoast.com\/wordpress\/plugins\/seo\/ -->\n<meta name=\"robots\" content=\"index, follow, max-snippet:-1, max-image-preview:large, max-video-preview:-1\" \/>\n<link rel=\"canonical\" href=\"https:\/\/www.ceprocim.ro\/en\/infrastructur\u0103-de-cercetare\/organizarea-de-manifestari-stiintifice\/pt-conf\/\" \/>\n<meta property=\"og:locale\" content=\"en_US\" \/>\n<meta property=\"og:type\" content=\"article\" \/>\n<meta property=\"og:title\" content=\"PT-ConfPT-Conf - Ceprocim S.A.\" \/>\n<meta property=\"og:description\" content=\"&nbsp; RANGE Conference is addressed to suppliers of schemes for capability tests (Proficiency Testing \u2013 PT), specialists from the laboratories of analyses and tests worldwide and from all ranges (aggregates, chemistry, electrotechnics, food and food stuffs, environment, building materials, plastic materials, mechanics, metallurgy, microbiology, petrochemistry, lasers physics, plasma and radiations, soils, textile etc.). &nbsp; SCOPE [&hellip;]\" \/>\n<meta property=\"og:url\" content=\"https:\/\/www.ceprocim.ro\/infrastructur\u0103-de-cercetare\/organizarea-de-manifestari-stiintifice\/pt-conf\/\" \/>\n<meta property=\"og:site_name\" content=\"Ceprocim S.A.\" \/>\n<meta property=\"article:modified_time\" content=\"2010-04-20T06:24:07+00:00\" \/>\n<meta property=\"og:image\" content=\"http:\/\/www.ceprocim.ro\/wp-content\/uploads\/2010\/03\/linie_rosie_f_mare.jpg\" \/>\n<meta name=\"twitter:card\" content=\"summary_large_image\" \/>\n<meta name=\"twitter:label1\" content=\"Est. reading time\" \/>\n\t<meta name=\"twitter:data1\" content=\"1 minute\" \/>\n<script type=\"application\/ld+json\" class=\"yoast-schema-graph\">{\"@context\":\"https:\/\/schema.org\",\"@graph\":[{\"@type\":\"WebSite\",\"@id\":\"https:\/\/www.ceprocim.ro\/#website\",\"url\":\"https:\/\/www.ceprocim.ro\/\",\"name\":\"Ceprocim S.A.\",\"description\":\"Ceprocim Web Site\",\"potentialAction\":[{\"@type\":\"SearchAction\",\"target\":{\"@type\":\"EntryPoint\",\"urlTemplate\":\"https:\/\/www.ceprocim.ro\/?s={search_term_string}\"},\"query-input\":\"required name=search_term_string\"}],\"inLanguage\":\"en-US\"},{\"@type\":\"ImageObject\",\"@id\":\"https:\/\/www.ceprocim.ro\/infrastructur%c4%83-de-cercetare\/organizarea-de-manifestari-stiintifice\/pt-conf\/#primaryimage\",\"inLanguage\":\"en-US\",\"url\":\"http:\/\/www.ceprocim.ro\/wp-content\/uploads\/2010\/03\/linie_rosie_f_mare.jpg\",\"contentUrl\":\"http:\/\/www.ceprocim.ro\/wp-content\/uploads\/2010\/03\/linie_rosie_f_mare.jpg\"},{\"@type\":\"WebPage\",\"@id\":\"https:\/\/www.ceprocim.ro\/infrastructur%c4%83-de-cercetare\/organizarea-de-manifestari-stiintifice\/pt-conf\/#webpage\",\"url\":\"https:\/\/www.ceprocim.ro\/infrastructur%c4%83-de-cercetare\/organizarea-de-manifestari-stiintifice\/pt-conf\/\",\"name\":\"PT-ConfPT-Conf - Ceprocim S.A.\",\"isPartOf\":{\"@id\":\"https:\/\/www.ceprocim.ro\/#website\"},\"primaryImageOfPage\":{\"@id\":\"https:\/\/www.ceprocim.ro\/infrastructur%c4%83-de-cercetare\/organizarea-de-manifestari-stiintifice\/pt-conf\/#primaryimage\"},\"datePublished\":\"2010-03-11T12:19:04+00:00\",\"dateModified\":\"2010-04-20T06:24:07+00:00\",\"breadcrumb\":{\"@id\":\"https:\/\/www.ceprocim.ro\/infrastructur%c4%83-de-cercetare\/organizarea-de-manifestari-stiintifice\/pt-conf\/#breadcrumb\"},\"inLanguage\":\"en-US\",\"potentialAction\":[{\"@type\":\"ReadAction\",\"target\":[\"https:\/\/www.ceprocim.ro\/infrastructur%c4%83-de-cercetare\/organizarea-de-manifestari-stiintifice\/pt-conf\/\"]}]},{\"@type\":\"BreadcrumbList\",\"@id\":\"https:\/\/www.ceprocim.ro\/infrastructur%c4%83-de-cercetare\/organizarea-de-manifestari-stiintifice\/pt-conf\/#breadcrumb\",\"itemListElement\":[{\"@type\":\"ListItem\",\"position\":1,\"name\":\"Home\",\"item\":\"https:\/\/www.ceprocim.ro\/en\/infrastructur%c4%83-de-cercetare\/\"},{\"@type\":\"ListItem\",\"position\":2,\"name\":\"Organizarea de manifest\\u0103ri \\u015ftiin\\u0163ifice\",\"item\":\"https:\/\/www.ceprocim.ro\/en\/infrastructur%c4%83-de-cercetare\/organizarea-de-manifestari-stiintifice\/\"},{\"@type\":\"ListItem\",\"position\":3,\"name\":\"PT-Conf\"}]}]}<\/script>\n<!-- \/ Yoast SEO plugin. -->","yoast_head_json":{"robots":{"index":"index","follow":"follow","max-snippet":"max-snippet:-1","max-image-preview":"max-image-preview:large","max-video-preview":"max-video-preview:-1"},"canonical":"https:\/\/www.ceprocim.ro\/infrastructur\u0103-de-cercetare\/organizarea-de-manifestari-stiintifice\/pt-conf\/","og_locale":"en_US","og_type":"article","og_title":"PT-ConfPT-Conf - Ceprocim S.A.","og_description":"&nbsp; RANGE Conference is addressed to suppliers of schemes for capability tests (Proficiency Testing \u2013 PT), specialists from the laboratories of analyses and tests worldwide and from all ranges (aggregates, chemistry, electrotechnics, food and food stuffs, environment, building materials, plastic materials, mechanics, metallurgy, microbiology, petrochemistry, lasers physics, plasma and radiations, soils, textile etc.). &nbsp; SCOPE [&hellip;]","og_url":"https:\/\/www.ceprocim.ro\/infrastructur\u0103-de-cercetare\/organizarea-de-manifestari-stiintifice\/pt-conf\/","og_site_name":"Ceprocim S.A.","article_modified_time":"2010-04-20T06:24:07+00:00","og_image":[{"url":"http:\/\/www.ceprocim.ro\/wp-content\/uploads\/2010\/03\/linie_rosie_f_mare.jpg"}],"twitter_card":"summary_large_image","twitter_misc":{"Est. reading time":"1 minute"},"schema":{"@context":"https:\/\/schema.org","@graph":[{"@type":"WebSite","@id":"https:\/\/www.ceprocim.ro\/#website","url":"https:\/\/www.ceprocim.ro\/","name":"Ceprocim S.A.","description":"Ceprocim Web Site","potentialAction":[{"@type":"SearchAction","target":{"@type":"EntryPoint","urlTemplate":"https:\/\/www.ceprocim.ro\/?s={search_term_string}"},"query-input":"required name=search_term_string"}],"inLanguage":"en-US"},{"@type":"ImageObject","@id":"https:\/\/www.ceprocim.ro\/infrastructur%c4%83-de-cercetare\/organizarea-de-manifestari-stiintifice\/pt-conf\/#primaryimage","inLanguage":"en-US","url":"http:\/\/www.ceprocim.ro\/wp-content\/uploads\/2010\/03\/linie_rosie_f_mare.jpg","contentUrl":"http:\/\/www.ceprocim.ro\/wp-content\/uploads\/2010\/03\/linie_rosie_f_mare.jpg"},{"@type":"WebPage","@id":"https:\/\/www.ceprocim.ro\/infrastructur%c4%83-de-cercetare\/organizarea-de-manifestari-stiintifice\/pt-conf\/#webpage","url":"https:\/\/www.ceprocim.ro\/infrastructur%c4%83-de-cercetare\/organizarea-de-manifestari-stiintifice\/pt-conf\/","name":"PT-ConfPT-Conf - Ceprocim S.A.","isPartOf":{"@id":"https:\/\/www.ceprocim.ro\/#website"},"primaryImageOfPage":{"@id":"https:\/\/www.ceprocim.ro\/infrastructur%c4%83-de-cercetare\/organizarea-de-manifestari-stiintifice\/pt-conf\/#primaryimage"},"datePublished":"2010-03-11T12:19:04+00:00","dateModified":"2010-04-20T06:24:07+00:00","breadcrumb":{"@id":"https:\/\/www.ceprocim.ro\/infrastructur%c4%83-de-cercetare\/organizarea-de-manifestari-stiintifice\/pt-conf\/#breadcrumb"},"inLanguage":"en-US","potentialAction":[{"@type":"ReadAction","target":["https:\/\/www.ceprocim.ro\/infrastructur%c4%83-de-cercetare\/organizarea-de-manifestari-stiintifice\/pt-conf\/"]}]},{"@type":"BreadcrumbList","@id":"https:\/\/www.ceprocim.ro\/infrastructur%c4%83-de-cercetare\/organizarea-de-manifestari-stiintifice\/pt-conf\/#breadcrumb","itemListElement":[{"@type":"ListItem","position":1,"name":"Home","item":"https:\/\/www.ceprocim.ro\/en\/infrastructur%c4%83-de-cercetare\/"},{"@type":"ListItem","position":2,"name":"Organizarea de manifest\u0103ri \u015ftiin\u0163ifice","item":"https:\/\/www.ceprocim.ro\/en\/infrastructur%c4%83-de-cercetare\/organizarea-de-manifestari-stiintifice\/"},{"@type":"ListItem","position":3,"name":"PT-Conf"}]}]}},"_links":{"self":[{"href":"https:\/\/www.ceprocim.ro\/wp-json\/wp\/v2\/pages\/2955"}],"collection":[{"href":"https:\/\/www.ceprocim.ro\/wp-json\/wp\/v2\/pages"}],"about":[{"href":"https:\/\/www.ceprocim.ro\/wp-json\/wp\/v2\/types\/page"}],"author":[{"embeddable":true,"href":"https:\/\/www.ceprocim.ro\/wp-json\/wp\/v2\/users\/3"}],"replies":[{"embeddable":true,"href":"https:\/\/www.ceprocim.ro\/wp-json\/wp\/v2\/comments?post=2955"}],"version-history":[{"count":14,"href":"https:\/\/www.ceprocim.ro\/wp-json\/wp\/v2\/pages\/2955\/revisions"}],"predecessor-version":[{"id":5180,"href":"https:\/\/www.ceprocim.ro\/wp-json\/wp\/v2\/pages\/2955\/revisions\/5180"}],"up":[{"embeddable":true,"href":"https:\/\/www.ceprocim.ro\/wp-json\/wp\/v2\/pages\/1214"}],"wp:attachment":[{"href":"https:\/\/www.ceprocim.ro\/wp-json\/wp\/v2\/media?parent=2955"}],"curies":[{"name":"wp","href":"https:\/\/api.w.org\/{rel}","templated":true}]}}