{"id":1791,"date":"2010-02-14T22:15:03","date_gmt":"2010-02-14T20:15:03","guid":{"rendered":"http:\/\/www.ceprocim.ro\/?page_id=1791"},"modified":"2025-08-28T10:16:41","modified_gmt":"2025-08-28T07:16:41","slug":"scheme-de-incercari-interlaboratoare-pe-adezivi-pentru-placi-ceramice-activitati-specifice-cadru-de-continut-dotari-referinte-clienti-2","status":"publish","type":"page","link":"https:\/\/www.ceprocim.ro\/en\/activitati\/servicii\/scheme-de-incercari-interlaboratoare\/scheme-de-incercari-interlaboratoare-pe-adezivi-pentru-placi-ceramice-activitati-specifice-cadru-de-continut-dotari-referinte-clienti-2\/","title":{"rendered":"Schemes of interlaboratory tests on adhesives for tiles"},"content":{"rendered":"<div><img loading=\"lazy\" src=\"https:\/\/www.ceprocim.ro\/wp-content\/uploads\/2010\/03\/linie_rosie_f_mare.jpg\" alt=\"linie\" width=\"600\" height=\"1\"\/><\/div>\n<p>&nbsp;<\/p>\n<div><img loading=\"lazy\" src=\"https:\/\/www.ceprocim.ro\/wp-content\/uploads\/2010\/04\/DSC_0420.jpg\" alt=\"\" width=\"100\" height=\"75\"\/><\/div>\n<div><img loading=\"lazy\" src=\"https:\/\/www.ceprocim.ro\/wp-content\/uploads\/2010\/03\/BD21321_.GIF\" alt=\"\" width=\"200\" height=\"1\"\/><\/div>\n<p><strong>SPECIFIC ACTIVITIES &nbsp;(TABLE OF CONTENT)<\/strong><\/p>\n<p>CEPROCIM Testing laboratory organize yearly, since 2008, Interlaboratory Tests on adhesives for tiles at which participated laboratories from Austria, Belgium, Bulgaria, Croatia, Czech Republic, Finland, Germany, Greece, Hungary, Italy, Lithuania, Netherlands, Poland, Portugal, Romania Serbia, Slovenia, Spain, Turkey, United Arab Emirates &#8211; Dubai and United Kingdom of Great Britain and Northern Ireland <em>(countries given in alphabetical order)<\/em>.<\/p>\n<p>1.1&nbsp;<strong>Yearly calendar of Interlaboratory Tests for Adhesives for tiles<\/strong><\/p>\n<p>&nbsp;<\/p>\n<table border=\"1\" cellspacing=\"0\" cellpadding=\"0\">\n<tbody>\n<tr>\n<td width=\"500\" valign=\"top\"><span style=\"font-size: 11px;\">Launch of the invitation<\/span><\/td>\n<td width=\"168\" valign=\"top\"><span style=\"font-size: 11px;\">September<\/span><\/td>\n<\/tr>\n<tr>\n<td width=\"500\" valign=\"top\">Samples distribution<\/td>\n<td width=\"168\" valign=\"top\"><span style=\"font-size: 11px;\">October<\/span><\/td>\n<\/tr>\n<tr>\n<td width=\"500\" valign=\"top\">Carrying out tests<\/td>\n<td width=\"168\" valign=\"top\"><span style=\"font-size: 11px;\">November<\/span><\/td>\n<\/tr>\n<tr>\n<td width=\"500\" valign=\"top\">Deadline to receive the results<\/td>\n<td width=\"168;\" valign=\"top\"><span style=\"font-size: 11px;\">December<\/span><\/td>\n<\/tr>\n<tr>\n<td width=\"500\" valign=\"top\">Final report<\/td>\n<td width=\"168;\" valign=\"top\"><span style=\"font-size: 11px;\">March<\/span><\/td>\n<\/tr>\n<\/tbody>\n<\/table>\n<p>&nbsp;<\/p>\n<p><sup>1)<\/sup> Registration form for the Interlaboratory Tests on Adhesives for tiles <em>(<a href=\"https:\/\/www.ceprocim.ro\/wp-content\/uploads\/2025\/08\/REGISTRATION-FORM_17.docx\" target=\"_blank\" rel=\"noopener\">more<\/a>)<\/em><\/p>\n<p><sup>2)<\/sup> Guidelines and Forms for the Interlaboratory Tests on adhesives for tiles&nbsp;<em>(<a href=\"https:\/\/www.ceprocim.ro\/wp-content\/uploads\/2025\/08\/Instruction_EN_IIA17.docx\" target=\"_blank\" rel=\"noopener\">more<\/a>)<\/em><\/p>\n<p>&nbsp;<\/p>\n<p>1.2 &nbsp;<strong>Determinations that make the object of &nbsp;Interlaboratory Tests on Adhesives for tiles<\/strong><\/p>\n<ul>\n<li>initial adhesion strength;<\/li>\n<li> tensile adhesion strength after water immersion;<\/li>\n<li> tensile adhesion strength after heat ageing;<\/li>\n<li> tensile adhesion strength after freeze\u2013thaw cycle;<\/li>\n<li> open-time after not less than 20 minutes;<\/li>\n<p>&nbsp;<\/ul>\n","protected":false},"excerpt":{"rendered":"<p>&nbsp; SPECIFIC ACTIVITIES &nbsp;(TABLE OF CONTENT) CEPROCIM Testing laboratory organize yearly, since 2008, Interlaboratory Tests on adhesives for tiles at which participated laboratories from Austria, Belgium, Bulgaria, Croatia, Czech Republic, Finland, Germany, Greece, Hungary, Italy, Lithuania, Netherlands, Poland, Portugal, Romania Serbia, Slovenia, Spain, Turkey, United Arab Emirates &#8211; Dubai and United Kingdom of Great Britain [&hellip;]<\/p>\n","protected":false},"author":3,"featured_media":0,"parent":765,"menu_order":5,"comment_status":"closed","ping_status":"closed","template":"","meta":[],"yoast_head":"<!-- This site is optimized with the Yoast SEO plugin v17.2 - https:\/\/yoast.com\/wordpress\/plugins\/seo\/ -->\n<meta name=\"robots\" content=\"index, follow, max-snippet:-1, max-image-preview:large, max-video-preview:-1\" \/>\n<link rel=\"canonical\" href=\"https:\/\/www.ceprocim.ro\/en\/activitati\/servicii\/scheme-de-incercari-interlaboratoare\/scheme-de-incercari-interlaboratoare-pe-adezivi-pentru-placi-ceramice-activitati-specifice-cadru-de-continut-dotari-referinte-clienti-2\/\" \/>\n<meta property=\"og:locale\" content=\"en_US\" \/>\n<meta property=\"og:type\" content=\"article\" \/>\n<meta property=\"og:title\" content=\"Schemes of interlaboratory tests on adhesives for tilesScheme de \u00eencerc\u0103ri interlaboratoare pe adezivi pentru pl\u0103ci ceramice - Ceprocim S.A.\" \/>\n<meta property=\"og:description\" content=\"&nbsp; SPECIFIC ACTIVITIES &nbsp;(TABLE OF CONTENT) CEPROCIM Testing laboratory organize yearly, since 2008, Interlaboratory Tests on adhesives for tiles at which participated laboratories from Austria, Belgium, Bulgaria, Croatia, Czech Republic, Finland, Germany, Greece, Hungary, Italy, Lithuania, Netherlands, Poland, Portugal, Romania Serbia, Slovenia, Spain, Turkey, United Arab Emirates &#8211; Dubai and United Kingdom of Great Britain [&hellip;]\" \/>\n<meta property=\"og:url\" content=\"https:\/\/www.ceprocim.ro\/en\/activitati\/servicii\/scheme-de-incercari-interlaboratoare\/scheme-de-incercari-interlaboratoare-pe-adezivi-pentru-placi-ceramice-activitati-specifice-cadru-de-continut-dotari-referinte-clienti-2\/\" \/>\n<meta property=\"og:site_name\" content=\"Ceprocim S.A.\" \/>\n<meta property=\"article:modified_time\" content=\"2025-08-28T07:16:41+00:00\" \/>\n<meta property=\"og:image\" content=\"http:\/\/www.ceprocim.ro\/wp-content\/uploads\/2010\/03\/linie_rosie_f_mare.jpg\" \/>\n<meta name=\"twitter:card\" content=\"summary_large_image\" \/>\n<meta name=\"twitter:label1\" content=\"Est. reading time\" \/>\n\t<meta name=\"twitter:data1\" content=\"3 minutes\" \/>\n<script type=\"application\/ld+json\" class=\"yoast-schema-graph\">{\"@context\":\"https:\/\/schema.org\",\"@graph\":[{\"@type\":\"WebSite\",\"@id\":\"https:\/\/www.ceprocim.ro\/#website\",\"url\":\"https:\/\/www.ceprocim.ro\/\",\"name\":\"Ceprocim S.A.\",\"description\":\"Ceprocim Web Site\",\"potentialAction\":[{\"@type\":\"SearchAction\",\"target\":{\"@type\":\"EntryPoint\",\"urlTemplate\":\"https:\/\/www.ceprocim.ro\/?s={search_term_string}\"},\"query-input\":\"required name=search_term_string\"}],\"inLanguage\":\"en-US\"},{\"@type\":\"ImageObject\",\"@id\":\"https:\/\/www.ceprocim.ro\/en\/activitati\/servicii\/scheme-de-incercari-interlaboratoare\/scheme-de-incercari-interlaboratoare-pe-adezivi-pentru-placi-ceramice-activitati-specifice-cadru-de-continut-dotari-referinte-clienti-2\/#primaryimage\",\"inLanguage\":\"en-US\",\"url\":\"http:\/\/www.ceprocim.ro\/wp-content\/uploads\/2010\/03\/linie_rosie_f_mare.jpg\",\"contentUrl\":\"http:\/\/www.ceprocim.ro\/wp-content\/uploads\/2010\/03\/linie_rosie_f_mare.jpg\"},{\"@type\":\"WebPage\",\"@id\":\"https:\/\/www.ceprocim.ro\/en\/activitati\/servicii\/scheme-de-incercari-interlaboratoare\/scheme-de-incercari-interlaboratoare-pe-adezivi-pentru-placi-ceramice-activitati-specifice-cadru-de-continut-dotari-referinte-clienti-2\/#webpage\",\"url\":\"https:\/\/www.ceprocim.ro\/en\/activitati\/servicii\/scheme-de-incercari-interlaboratoare\/scheme-de-incercari-interlaboratoare-pe-adezivi-pentru-placi-ceramice-activitati-specifice-cadru-de-continut-dotari-referinte-clienti-2\/\",\"name\":\"Schemes of interlaboratory tests on adhesives for tilesScheme de \\u00eencerc\\u0103ri interlaboratoare pe adezivi pentru pl\\u0103ci ceramice - Ceprocim S.A.\",\"isPartOf\":{\"@id\":\"https:\/\/www.ceprocim.ro\/#website\"},\"primaryImageOfPage\":{\"@id\":\"https:\/\/www.ceprocim.ro\/en\/activitati\/servicii\/scheme-de-incercari-interlaboratoare\/scheme-de-incercari-interlaboratoare-pe-adezivi-pentru-placi-ceramice-activitati-specifice-cadru-de-continut-dotari-referinte-clienti-2\/#primaryimage\"},\"datePublished\":\"2010-02-14T20:15:03+00:00\",\"dateModified\":\"2025-08-28T07:16:41+00:00\",\"breadcrumb\":{\"@id\":\"https:\/\/www.ceprocim.ro\/en\/activitati\/servicii\/scheme-de-incercari-interlaboratoare\/scheme-de-incercari-interlaboratoare-pe-adezivi-pentru-placi-ceramice-activitati-specifice-cadru-de-continut-dotari-referinte-clienti-2\/#breadcrumb\"},\"inLanguage\":\"en-US\",\"potentialAction\":[{\"@type\":\"ReadAction\",\"target\":[\"https:\/\/www.ceprocim.ro\/en\/activitati\/servicii\/scheme-de-incercari-interlaboratoare\/scheme-de-incercari-interlaboratoare-pe-adezivi-pentru-placi-ceramice-activitati-specifice-cadru-de-continut-dotari-referinte-clienti-2\/\"]}]},{\"@type\":\"BreadcrumbList\",\"@id\":\"https:\/\/www.ceprocim.ro\/en\/activitati\/servicii\/scheme-de-incercari-interlaboratoare\/scheme-de-incercari-interlaboratoare-pe-adezivi-pentru-placi-ceramice-activitati-specifice-cadru-de-continut-dotari-referinte-clienti-2\/#breadcrumb\",\"itemListElement\":[{\"@type\":\"ListItem\",\"position\":1,\"name\":\"Home\",\"item\":\"https:\/\/www.ceprocim.ro\/\"},{\"@type\":\"ListItem\",\"position\":2,\"name\":\"Activit\\u0103\\u021bi\",\"item\":\"https:\/\/www.ceprocim.ro\/activitati\/\"},{\"@type\":\"ListItem\",\"position\":3,\"name\":\"Servicii\",\"item\":\"https:\/\/www.ceprocim.ro\/en\/activitati\/servicii\/\"},{\"@type\":\"ListItem\",\"position\":4,\"name\":\"Scheme de \\u00cencerc\\u0103ri Interlaboratoare\",\"item\":\"https:\/\/www.ceprocim.ro\/en\/activitati\/servicii\/scheme-de-incercari-interlaboratoare\/\"},{\"@type\":\"ListItem\",\"position\":5,\"name\":\"Scheme de \\u00eencerc\\u0103ri interlaboratoare pe adezivi pentru pl\\u0103ci ceramice\"}]}]}<\/script>\n<!-- \/ Yoast SEO plugin. -->","yoast_head_json":{"robots":{"index":"index","follow":"follow","max-snippet":"max-snippet:-1","max-image-preview":"max-image-preview:large","max-video-preview":"max-video-preview:-1"},"canonical":"https:\/\/www.ceprocim.ro\/en\/activitati\/servicii\/scheme-de-incercari-interlaboratoare\/scheme-de-incercari-interlaboratoare-pe-adezivi-pentru-placi-ceramice-activitati-specifice-cadru-de-continut-dotari-referinte-clienti-2\/","og_locale":"en_US","og_type":"article","og_title":"Schemes of interlaboratory tests on adhesives for tilesScheme de \u00eencerc\u0103ri interlaboratoare pe adezivi pentru pl\u0103ci ceramice - Ceprocim S.A.","og_description":"&nbsp; SPECIFIC ACTIVITIES &nbsp;(TABLE OF CONTENT) CEPROCIM Testing laboratory organize yearly, since 2008, Interlaboratory Tests on adhesives for tiles at which participated laboratories from Austria, Belgium, Bulgaria, Croatia, Czech Republic, Finland, Germany, Greece, Hungary, Italy, Lithuania, Netherlands, Poland, Portugal, Romania Serbia, Slovenia, Spain, Turkey, United Arab Emirates &#8211; Dubai and United Kingdom of Great Britain [&hellip;]","og_url":"https:\/\/www.ceprocim.ro\/en\/activitati\/servicii\/scheme-de-incercari-interlaboratoare\/scheme-de-incercari-interlaboratoare-pe-adezivi-pentru-placi-ceramice-activitati-specifice-cadru-de-continut-dotari-referinte-clienti-2\/","og_site_name":"Ceprocim S.A.","article_modified_time":"2025-08-28T07:16:41+00:00","og_image":[{"url":"http:\/\/www.ceprocim.ro\/wp-content\/uploads\/2010\/03\/linie_rosie_f_mare.jpg"}],"twitter_card":"summary_large_image","twitter_misc":{"Est. reading time":"3 minutes"},"schema":{"@context":"https:\/\/schema.org","@graph":[{"@type":"WebSite","@id":"https:\/\/www.ceprocim.ro\/#website","url":"https:\/\/www.ceprocim.ro\/","name":"Ceprocim S.A.","description":"Ceprocim Web Site","potentialAction":[{"@type":"SearchAction","target":{"@type":"EntryPoint","urlTemplate":"https:\/\/www.ceprocim.ro\/?s={search_term_string}"},"query-input":"required name=search_term_string"}],"inLanguage":"en-US"},{"@type":"ImageObject","@id":"https:\/\/www.ceprocim.ro\/en\/activitati\/servicii\/scheme-de-incercari-interlaboratoare\/scheme-de-incercari-interlaboratoare-pe-adezivi-pentru-placi-ceramice-activitati-specifice-cadru-de-continut-dotari-referinte-clienti-2\/#primaryimage","inLanguage":"en-US","url":"http:\/\/www.ceprocim.ro\/wp-content\/uploads\/2010\/03\/linie_rosie_f_mare.jpg","contentUrl":"http:\/\/www.ceprocim.ro\/wp-content\/uploads\/2010\/03\/linie_rosie_f_mare.jpg"},{"@type":"WebPage","@id":"https:\/\/www.ceprocim.ro\/en\/activitati\/servicii\/scheme-de-incercari-interlaboratoare\/scheme-de-incercari-interlaboratoare-pe-adezivi-pentru-placi-ceramice-activitati-specifice-cadru-de-continut-dotari-referinte-clienti-2\/#webpage","url":"https:\/\/www.ceprocim.ro\/en\/activitati\/servicii\/scheme-de-incercari-interlaboratoare\/scheme-de-incercari-interlaboratoare-pe-adezivi-pentru-placi-ceramice-activitati-specifice-cadru-de-continut-dotari-referinte-clienti-2\/","name":"Schemes of interlaboratory tests on adhesives for tilesScheme de \u00eencerc\u0103ri interlaboratoare pe adezivi pentru pl\u0103ci ceramice - Ceprocim S.A.","isPartOf":{"@id":"https:\/\/www.ceprocim.ro\/#website"},"primaryImageOfPage":{"@id":"https:\/\/www.ceprocim.ro\/en\/activitati\/servicii\/scheme-de-incercari-interlaboratoare\/scheme-de-incercari-interlaboratoare-pe-adezivi-pentru-placi-ceramice-activitati-specifice-cadru-de-continut-dotari-referinte-clienti-2\/#primaryimage"},"datePublished":"2010-02-14T20:15:03+00:00","dateModified":"2025-08-28T07:16:41+00:00","breadcrumb":{"@id":"https:\/\/www.ceprocim.ro\/en\/activitati\/servicii\/scheme-de-incercari-interlaboratoare\/scheme-de-incercari-interlaboratoare-pe-adezivi-pentru-placi-ceramice-activitati-specifice-cadru-de-continut-dotari-referinte-clienti-2\/#breadcrumb"},"inLanguage":"en-US","potentialAction":[{"@type":"ReadAction","target":["https:\/\/www.ceprocim.ro\/en\/activitati\/servicii\/scheme-de-incercari-interlaboratoare\/scheme-de-incercari-interlaboratoare-pe-adezivi-pentru-placi-ceramice-activitati-specifice-cadru-de-continut-dotari-referinte-clienti-2\/"]}]},{"@type":"BreadcrumbList","@id":"https:\/\/www.ceprocim.ro\/en\/activitati\/servicii\/scheme-de-incercari-interlaboratoare\/scheme-de-incercari-interlaboratoare-pe-adezivi-pentru-placi-ceramice-activitati-specifice-cadru-de-continut-dotari-referinte-clienti-2\/#breadcrumb","itemListElement":[{"@type":"ListItem","position":1,"name":"Home","item":"https:\/\/www.ceprocim.ro\/"},{"@type":"ListItem","position":2,"name":"Activit\u0103\u021bi","item":"https:\/\/www.ceprocim.ro\/activitati\/"},{"@type":"ListItem","position":3,"name":"Servicii","item":"https:\/\/www.ceprocim.ro\/en\/activitati\/servicii\/"},{"@type":"ListItem","position":4,"name":"Scheme de \u00cencerc\u0103ri Interlaboratoare","item":"https:\/\/www.ceprocim.ro\/en\/activitati\/servicii\/scheme-de-incercari-interlaboratoare\/"},{"@type":"ListItem","position":5,"name":"Scheme de \u00eencerc\u0103ri interlaboratoare pe adezivi pentru pl\u0103ci ceramice"}]}]}},"_links":{"self":[{"href":"https:\/\/www.ceprocim.ro\/wp-json\/wp\/v2\/pages\/1791"}],"collection":[{"href":"https:\/\/www.ceprocim.ro\/wp-json\/wp\/v2\/pages"}],"about":[{"href":"https:\/\/www.ceprocim.ro\/wp-json\/wp\/v2\/types\/page"}],"author":[{"embeddable":true,"href":"https:\/\/www.ceprocim.ro\/wp-json\/wp\/v2\/users\/3"}],"replies":[{"embeddable":true,"href":"https:\/\/www.ceprocim.ro\/wp-json\/wp\/v2\/comments?post=1791"}],"version-history":[{"count":344,"href":"https:\/\/www.ceprocim.ro\/wp-json\/wp\/v2\/pages\/1791\/revisions"}],"predecessor-version":[{"id":15021,"href":"https:\/\/www.ceprocim.ro\/wp-json\/wp\/v2\/pages\/1791\/revisions\/15021"}],"up":[{"embeddable":true,"href":"https:\/\/www.ceprocim.ro\/wp-json\/wp\/v2\/pages\/765"}],"wp:attachment":[{"href":"https:\/\/www.ceprocim.ro\/wp-json\/wp\/v2\/media?parent=1791"}],"curies":[{"name":"wp","href":"https:\/\/api.w.org\/{rel}","templated":true}]}}