{"id":14639,"date":"2024-03-07T14:10:58","date_gmt":"2024-03-07T12:10:58","guid":{"rendered":"https:\/\/www.ceprocim.ro\/?page_id=14639"},"modified":"2024-03-12T08:20:40","modified_gmt":"2024-03-12T06:20:40","slug":"pnrr","status":"publish","type":"page","link":"https:\/\/www.ceprocim.ro\/en\/activitati\/proiecte\/pnrr\/","title":{"rendered":"(Rom\u00e2n\u0103) PNRR"},"content":{"rendered":"<div><img loading=\"lazy\" src=\"https:\/\/www.ceprocim.ro\/wp-content\/uploads\/2024\/03\/Sigla-PNRR.jpg\" alt=\"\" width=\"620\" height=\"200\"\/><\/div>\n<p style=\"padding-left: 30px;\"><strong><span style=\"color: #000000;\">Proiect finanan\u021bat prin Programul Na\u021bional de Redresare \u0219i Rezilien\u021b\u0103 (PNRR)<\/span><\/strong><\/p>\n<p>\u201e\u00cenfiin\u0163area \u015fi opera\u0163ionalizarea unui Centru de Competen\u0163\u0103 pentru S\u0103n\u0103tatea Solului \u015fi Siguran\u0163a Alimentar\u0103\u201d \u2013 CeSoH<br \/>\nContract de finan\u021bare nr: 760005\/30.12.2022, Cod proiect 2.<br \/>\nFinan\u021bat prin: Planul Na\u021bional de Redresare \u0219i Rezilien\u021b\u0103 (PNRR), Componenta C9. Suport pentru sectorul privat, cercetare, dezvoltare \u0219i inovare, Investi\u021bia I5. \u201e\u00cenfiin\u021barea \u0219i opera\u021bionalizarea Centrelor de Competen\u021ba\u201d. Apel nr. PNRR-III-C9-2022 \u2013 I5.<\/p>\n<p><strong><span style=\"color: #000000;\">Coordonator de reforme \u0219i\/sau investi\u021bii pentru Planul Na\u021bional de Redresare \u0219i Rezilien\u021b\u0103<\/span><\/strong> \u2013 MINISTERUL CERCET\u0102RII, INOV\u0102RII \u0218I DIGITALIZ\u0102RII.<\/p>\n<p><strong><span style=\"color: #000000;\">Durata proiectului:<\/span><\/strong> 36 luni (01.01.2023 \u2013 31.12.2025).<\/p>\n<p><a href=\"https:\/\/www.ceprocim.ro\/wp-content\/uploads\/2024\/01\/Consortiu.pdf\"><strong><span style=\"color: #000000;\">Consor\u021biu<\/span><\/strong><\/a><\/p>\n<p>Obiectivul general al proiectului: \u00cenfiin\u021barea \u0219i opera\u021bionalizarea Centrului de Competen\u021be pentru S\u0103n\u0103tatea Solului \u0219i Siguran\u021ba Alimentelor la nivel na\u021bional, prin crearea de parteneriate public-private pentru a ob\u021bine interdisciplinaritatea \u0219i abilit\u0103\u021bile necesare \u00een vederea abord\u0103rii provoc\u0103rilor societ\u0103\u021bii asociate misiunii UE din Horizon Europe.<br \/>\nMisiunea Centrului este de a \u00eembun\u0103t\u0103\u0163i gestionarea durabil\u0103 a solului \u015fi de a restaura, la nivel na\u0163ional, ca parte a unei schimb\u0103ri ecologice mai mari, at\u00e2t \u00een zonele rurale, c\u00e2t \u015fi \u00een cele urbane, prin dezvoltarea de solu\u0163ii practice, crearea unei baze importante pentru provoc\u0103rile viitoare \u015fi cre\u015fterea gradului de con\u015ftientizare a societ\u0103\u0163ii. \u0162inta Centrului se concentreaz\u0103 pe cercetarea ce urm\u0103re\u015fte restabilirea s\u0103n\u0103t\u0103\u0163ii solului pentru terenuri neproductive prin: conservare, practici organice \u015fi culturi de biomas\u0103, determinarea concentra\u0163iei de poluan\u0163i organici\/anorganici, investigarea transferului de componente din sol-plant\u0103-animale-produs final, pentru a \u00een\u0163elege necesitatea activit\u0103\u0163ilor de restabilire a s\u0103n\u0103t\u0103\u0163ii solului ca un factor important pentru sus\u0163inerea vie\u0163ii, pentru a cerceta schimb\u0103ri \u015fi pentru a anticipa provoc\u0103rile viitoare, precum \u015fi pentru a dezvolta solu\u0163ii inovatoare \u015fi a le transpune \u00een practic\u0103.<\/p>\n<p><strong><span style=\"color: #000000;\">Implicarea CEPROCIM:<\/span><\/strong><\/p>\n<p><strong>PS 1<\/strong> S\u0103n\u0103tatea solului \u0219i siguran\u021ba alimentelor prin introducerea unui protocol de remediere a solului \u0219i prin dezvoltarea unui echipament mobil de remediere \u00een vederea reducerii concentra\u021biei de poluan\u021bi organici\/anorganici.<\/p>\n<p><strong>WP1-1<\/strong> Identificarea problemelor majore la nivel na\u021bional \u0219i interna\u021bional legate de contaminarea solului \u0219i influen\u021ba asupra unor culturi agricole comune.<br \/>\n<strong>WP1-2<\/strong> Aplicarea, in situ, a protocolului de remediere ob\u021binut la nivel de laborator \u0219i testarea echipamentului mobil pentru remedierea in situ.<br \/>\n<strong>WP1-3<\/strong> Identificarea unui protocol de remediere a contamin\u0103rii organice\/anorganice a solului \u0219i construirea unui echipament mobil pentru remedierea in situ.<br \/>\n<strong>WP 1-4<\/strong> Diseminarea rezultatelor prin sprijinul diferitelor autorit\u0103\u021bi \u0219i entit\u0103\u021bi (conform misiunii UE 3.4).<br \/>\n<strong>WP 1-5<\/strong> \u00cembunat\u0103\u021birea bazei materiale \u00een vederea sus\u021binerii activit\u0103\u021bilor de cercetare.<br \/>\n&nbsp;<br \/>\n&nbsp;<br \/>\n<strong>PS 4<\/strong> Solu\u021bii inovatoare \u0219i emergente pentru valorificarea inteligent\u0103 a resurselor reziduale de impact asupra s\u0103n\u0103t\u0103\u021bii \u0219i siguran\u021bei axei sol-aliment (InnES).<\/p>\n<p><strong>WP 4.1<\/strong> Cuno\u0219tin\u021be actualizate privind resursele reziduale ca poten\u021biali candida\u021bi pentru remedierea solurilor contaminate cu elemente toxice.<br \/>\n<strong>WP 4.2<\/strong> Proiectarea de re\u021bete inovatoare pe baz\u0103 de zgur\u0103, dolomit, CKD, tescovin\u0103 de struguri \u0219i deriva\u021bi din drojdie de vi\u021b\u0103 de vie pentru bioremedierea \u0219i \u00eembun\u0103t\u0103\u021birea bioctivit\u0103\u021bii solului.<br \/>\n<strong>WP 4.3<\/strong> Tranzi\u021bia de la un sol s\u0103n\u0103tos la o hran\u0103 s\u0103n\u0103toas\u0103 \u2013 evaluarea impactului bioremedian\u021bilor compozi\u021bi ob\u021binu\u021bi asupra axei sol-plant\u0103-hran\u0103.<br \/>\n<strong>WP 4.4<\/strong> Sus\u021binerea \u0219i diseminarea cercet\u0103rii \u0219tiin\u021bifice \u0219i implementarea Misiunii Orizont Europa \u00een Rom\u00e2nia.<\/p>\n<p style=\"padding-left: 30px;\"><strong><span style=\"color: #000000;\">\u201ePNRR. Finan\u021bat de Uniunea European\u0103 \u2013 Urm\u0103toareaGenera\u021bieUE\u201d<\/span><\/strong><\/p>\n<p style=\"padding-left: 30px;\"><a href=\"https:\/\/mfe.gov.ro\/pnrr\">https:\/\/mfe.gov.ro\/pnrr<\/a><\/p>\n<p style=\"padding-left: 30px;\"><a href=\"https:\/\/www.facebook.com\/pnrroficial\">https:\/\/www.facebook.com\/pnrroficial<\/a><\/p>\n","protected":false},"excerpt":{"rendered":"<p>Proiect finanan\u021bat prin Programul Na\u021bional de Redresare \u0219i Rezilien\u021b\u0103 (PNRR) \u201e\u00cenfiin\u0163area \u015fi opera\u0163ionalizarea unui Centru de Competen\u0163\u0103 pentru S\u0103n\u0103tatea Solului \u015fi Siguran\u0163a Alimentar\u0103\u201d \u2013 CeSoH Contract de finan\u021bare nr: 760005\/30.12.2022, Cod proiect 2. Finan\u021bat prin: Planul Na\u021bional de Redresare \u0219i Rezilien\u021b\u0103 (PNRR), Componenta C9. Suport pentru sectorul privat, cercetare, dezvoltare \u0219i inovare, Investi\u021bia I5. \u201e\u00cenfiin\u021barea [&hellip;]<\/p>\n","protected":false},"author":4,"featured_media":0,"parent":1952,"menu_order":9,"comment_status":"closed","ping_status":"closed","template":"","meta":[],"yoast_head":"<!-- This site is optimized with the Yoast SEO plugin v17.2 - https:\/\/yoast.com\/wordpress\/plugins\/seo\/ -->\n<meta name=\"robots\" content=\"index, follow, max-snippet:-1, max-image-preview:large, max-video-preview:-1\" \/>\n<link rel=\"canonical\" href=\"https:\/\/www.ceprocim.ro\/en\/activitati\/proiecte\/pnrr\/\" \/>\n<meta property=\"og:locale\" content=\"en_US\" \/>\n<meta property=\"og:type\" content=\"article\" \/>\n<meta property=\"og:title\" content=\"PNRR - Ceprocim S.A.\" \/>\n<meta property=\"og:description\" content=\"Proiect finanan\u021bat prin Programul Na\u021bional de Redresare \u0219i Rezilien\u021b\u0103 (PNRR) \u201e\u00cenfiin\u0163area \u015fi opera\u0163ionalizarea unui Centru de Competen\u0163\u0103 pentru S\u0103n\u0103tatea Solului \u015fi Siguran\u0163a Alimentar\u0103\u201d \u2013 CeSoH Contract de finan\u021bare nr: 760005\/30.12.2022, Cod proiect 2. Finan\u021bat prin: Planul Na\u021bional de Redresare \u0219i Rezilien\u021b\u0103 (PNRR), Componenta C9. Suport pentru sectorul privat, cercetare, dezvoltare \u0219i inovare, Investi\u021bia I5. \u201e\u00cenfiin\u021barea [&hellip;]\" \/>\n<meta property=\"og:url\" content=\"https:\/\/www.ceprocim.ro\/en\/activitati\/proiecte\/pnrr\/\" \/>\n<meta property=\"og:site_name\" content=\"Ceprocim S.A.\" \/>\n<meta property=\"article:modified_time\" content=\"2024-03-12T06:20:40+00:00\" \/>\n<meta property=\"og:image\" content=\"http:\/\/www.ceprocim.ro\/wp-content\/uploads\/2024\/03\/Sigla-PNRR.jpg\" \/>\n<meta name=\"twitter:card\" content=\"summary_large_image\" \/>\n<meta name=\"twitter:label1\" content=\"Est. reading time\" \/>\n\t<meta name=\"twitter:data1\" content=\"3 minutes\" \/>\n<script type=\"application\/ld+json\" class=\"yoast-schema-graph\">{\"@context\":\"https:\/\/schema.org\",\"@graph\":[{\"@type\":\"WebSite\",\"@id\":\"https:\/\/www.ceprocim.ro\/#website\",\"url\":\"https:\/\/www.ceprocim.ro\/\",\"name\":\"Ceprocim S.A.\",\"description\":\"Ceprocim Web Site\",\"potentialAction\":[{\"@type\":\"SearchAction\",\"target\":{\"@type\":\"EntryPoint\",\"urlTemplate\":\"https:\/\/www.ceprocim.ro\/?s={search_term_string}\"},\"query-input\":\"required name=search_term_string\"}],\"inLanguage\":\"en-US\"},{\"@type\":\"ImageObject\",\"@id\":\"https:\/\/www.ceprocim.ro\/en\/activitati\/proiecte\/pnrr\/#primaryimage\",\"inLanguage\":\"en-US\",\"url\":\"http:\/\/www.ceprocim.ro\/wp-content\/uploads\/2024\/03\/Sigla-PNRR.jpg\",\"contentUrl\":\"http:\/\/www.ceprocim.ro\/wp-content\/uploads\/2024\/03\/Sigla-PNRR.jpg\"},{\"@type\":\"WebPage\",\"@id\":\"https:\/\/www.ceprocim.ro\/en\/activitati\/proiecte\/pnrr\/#webpage\",\"url\":\"https:\/\/www.ceprocim.ro\/en\/activitati\/proiecte\/pnrr\/\",\"name\":\"PNRR - Ceprocim S.A.\",\"isPartOf\":{\"@id\":\"https:\/\/www.ceprocim.ro\/#website\"},\"primaryImageOfPage\":{\"@id\":\"https:\/\/www.ceprocim.ro\/en\/activitati\/proiecte\/pnrr\/#primaryimage\"},\"datePublished\":\"2024-03-07T12:10:58+00:00\",\"dateModified\":\"2024-03-12T06:20:40+00:00\",\"breadcrumb\":{\"@id\":\"https:\/\/www.ceprocim.ro\/en\/activitati\/proiecte\/pnrr\/#breadcrumb\"},\"inLanguage\":\"en-US\",\"potentialAction\":[{\"@type\":\"ReadAction\",\"target\":[\"https:\/\/www.ceprocim.ro\/en\/activitati\/proiecte\/pnrr\/\"]}]},{\"@type\":\"BreadcrumbList\",\"@id\":\"https:\/\/www.ceprocim.ro\/en\/activitati\/proiecte\/pnrr\/#breadcrumb\",\"itemListElement\":[{\"@type\":\"ListItem\",\"position\":1,\"name\":\"Home\",\"item\":\"https:\/\/www.ceprocim.ro\/\"},{\"@type\":\"ListItem\",\"position\":2,\"name\":\"Activit\\u0103\\u021bi\",\"item\":\"https:\/\/www.ceprocim.ro\/activitati\/\"},{\"@type\":\"ListItem\",\"position\":3,\"name\":\"Proiecte Na\\u021bionale\",\"item\":\"https:\/\/www.ceprocim.ro\/activitati\/proiecte\/\"},{\"@type\":\"ListItem\",\"position\":4,\"name\":\"PNRR\"}]}]}<\/script>\n<!-- \/ Yoast SEO plugin. -->","yoast_head_json":{"robots":{"index":"index","follow":"follow","max-snippet":"max-snippet:-1","max-image-preview":"max-image-preview:large","max-video-preview":"max-video-preview:-1"},"canonical":"https:\/\/www.ceprocim.ro\/en\/activitati\/proiecte\/pnrr\/","og_locale":"en_US","og_type":"article","og_title":"PNRR - Ceprocim S.A.","og_description":"Proiect finanan\u021bat prin Programul Na\u021bional de Redresare \u0219i Rezilien\u021b\u0103 (PNRR) \u201e\u00cenfiin\u0163area \u015fi opera\u0163ionalizarea unui Centru de Competen\u0163\u0103 pentru S\u0103n\u0103tatea Solului \u015fi Siguran\u0163a Alimentar\u0103\u201d \u2013 CeSoH Contract de finan\u021bare nr: 760005\/30.12.2022, Cod proiect 2. Finan\u021bat prin: Planul Na\u021bional de Redresare \u0219i Rezilien\u021b\u0103 (PNRR), Componenta C9. Suport pentru sectorul privat, cercetare, dezvoltare \u0219i inovare, Investi\u021bia I5. \u201e\u00cenfiin\u021barea [&hellip;]","og_url":"https:\/\/www.ceprocim.ro\/en\/activitati\/proiecte\/pnrr\/","og_site_name":"Ceprocim S.A.","article_modified_time":"2024-03-12T06:20:40+00:00","og_image":[{"url":"http:\/\/www.ceprocim.ro\/wp-content\/uploads\/2024\/03\/Sigla-PNRR.jpg"}],"twitter_card":"summary_large_image","twitter_misc":{"Est. reading time":"3 minutes"},"schema":{"@context":"https:\/\/schema.org","@graph":[{"@type":"WebSite","@id":"https:\/\/www.ceprocim.ro\/#website","url":"https:\/\/www.ceprocim.ro\/","name":"Ceprocim S.A.","description":"Ceprocim Web Site","potentialAction":[{"@type":"SearchAction","target":{"@type":"EntryPoint","urlTemplate":"https:\/\/www.ceprocim.ro\/?s={search_term_string}"},"query-input":"required name=search_term_string"}],"inLanguage":"en-US"},{"@type":"ImageObject","@id":"https:\/\/www.ceprocim.ro\/en\/activitati\/proiecte\/pnrr\/#primaryimage","inLanguage":"en-US","url":"http:\/\/www.ceprocim.ro\/wp-content\/uploads\/2024\/03\/Sigla-PNRR.jpg","contentUrl":"http:\/\/www.ceprocim.ro\/wp-content\/uploads\/2024\/03\/Sigla-PNRR.jpg"},{"@type":"WebPage","@id":"https:\/\/www.ceprocim.ro\/en\/activitati\/proiecte\/pnrr\/#webpage","url":"https:\/\/www.ceprocim.ro\/en\/activitati\/proiecte\/pnrr\/","name":"PNRR - Ceprocim S.A.","isPartOf":{"@id":"https:\/\/www.ceprocim.ro\/#website"},"primaryImageOfPage":{"@id":"https:\/\/www.ceprocim.ro\/en\/activitati\/proiecte\/pnrr\/#primaryimage"},"datePublished":"2024-03-07T12:10:58+00:00","dateModified":"2024-03-12T06:20:40+00:00","breadcrumb":{"@id":"https:\/\/www.ceprocim.ro\/en\/activitati\/proiecte\/pnrr\/#breadcrumb"},"inLanguage":"en-US","potentialAction":[{"@type":"ReadAction","target":["https:\/\/www.ceprocim.ro\/en\/activitati\/proiecte\/pnrr\/"]}]},{"@type":"BreadcrumbList","@id":"https:\/\/www.ceprocim.ro\/en\/activitati\/proiecte\/pnrr\/#breadcrumb","itemListElement":[{"@type":"ListItem","position":1,"name":"Home","item":"https:\/\/www.ceprocim.ro\/"},{"@type":"ListItem","position":2,"name":"Activit\u0103\u021bi","item":"https:\/\/www.ceprocim.ro\/activitati\/"},{"@type":"ListItem","position":3,"name":"Proiecte Na\u021bionale","item":"https:\/\/www.ceprocim.ro\/activitati\/proiecte\/"},{"@type":"ListItem","position":4,"name":"PNRR"}]}]}},"_links":{"self":[{"href":"https:\/\/www.ceprocim.ro\/wp-json\/wp\/v2\/pages\/14639"}],"collection":[{"href":"https:\/\/www.ceprocim.ro\/wp-json\/wp\/v2\/pages"}],"about":[{"href":"https:\/\/www.ceprocim.ro\/wp-json\/wp\/v2\/types\/page"}],"author":[{"embeddable":true,"href":"https:\/\/www.ceprocim.ro\/wp-json\/wp\/v2\/users\/4"}],"replies":[{"embeddable":true,"href":"https:\/\/www.ceprocim.ro\/wp-json\/wp\/v2\/comments?post=14639"}],"version-history":[{"count":69,"href":"https:\/\/www.ceprocim.ro\/wp-json\/wp\/v2\/pages\/14639\/revisions"}],"predecessor-version":[{"id":14785,"href":"https:\/\/www.ceprocim.ro\/wp-json\/wp\/v2\/pages\/14639\/revisions\/14785"}],"up":[{"embeddable":true,"href":"https:\/\/www.ceprocim.ro\/wp-json\/wp\/v2\/pages\/1952"}],"wp:attachment":[{"href":"https:\/\/www.ceprocim.ro\/wp-json\/wp\/v2\/media?parent=14639"}],"curies":[{"name":"wp","href":"https:\/\/api.w.org\/{rel}","templated":true}]}}