{"id":14167,"date":"2023-07-27T12:18:04","date_gmt":"2023-07-27T09:18:04","guid":{"rendered":"https:\/\/www.ceprocim.ro\/?page_id=14167"},"modified":"2023-12-08T09:29:42","modified_gmt":"2023-12-08T07:29:42","slug":"tehnic%c4%83-de-calcul-%c8%99i-echipamente-de-tip%c4%83rire","status":"publish","type":"page","link":"https:\/\/www.ceprocim.ro\/en\/noutati\/achizitii-publice\/tehnic%c4%83-de-calcul-%c8%99i-echipamente-de-tip%c4%83rire\/","title":{"rendered":"(Rom\u00e2n\u0103) Tehnic\u0103 de calcul \u0219i echipamente de tip\u0103rire"},"content":{"rendered":"<div><img loading=\"lazy\" src=\"https:\/\/www.ceprocim.ro\/wp-content\/uploads\/2010\/03\/linie_rosie_f_mare.jpg\" alt=\"linie\" width=\"600\" height=\"1\"\/><\/div>\n<p><strong>06.12.2023<\/strong><\/p>\n<p style=\"text-align: center;\"><strong>ANUN\u021a<\/strong><\/p>\n<p style=\"text-align: center;\"><strong>Proiect: \u00cenfiin\u021barea \u0219i opera\u021bionalizarea Centrelor de Competen\u021b\u0103,<br \/>\nPNRR-III-C9-2022 \u2013 I5<\/strong><\/p>\n<p>Contract de finan\u021bare nr. 760005\/30.12.2022, cod 2<br \/>\nCod proiect. 2 CeSoH<br \/>\nBeneficiar proiect: CEPROCIM SA<\/p>\n<p>CEPROCIM SA, cu sediul \u00een Bucure\u0219ti, Bd. Preciziei nr. 6, sector 6, cod 062203, anun\u021b\u0103 lansarea procedurii de achizi\u021bie direct\u0103 pentru furnizarea dou\u0103 buc\u0103\u021bi laptop &#8211; cod CPV 30213100-6, respectiv dou\u0103 buc\u0103\u021bi desktop computer &#8211; cod CPV 30213300-8, cu urm\u0103toarele caracteristici:<\/p>\n<table border=\"1\" cellspacing=\"0\" cellpadding=\"0\">\n<tbody>\n<tr>\n<td valign=\"top\" width=\"600\">Denumirea produsului: Laptop<\/td>\n<\/tr>\n<tr>\n<td valign=\"top\" width=\"600\">\n<p style=\"text-align: left;\">Detalii specifice minime:<\/p>\n<ul>\n<li>Procesor \u2013 Intel I7 gen. 12, preferabil gen. 13 sau I9 gen. 12, preferabil gen. 13;<\/li>\n<li>Memorie \u2013 minim 16 GB<\/li>\n<li>Stocare date \u2013 minim 512 GB \u2013 1 TB SSD;<\/li>\n<li>Display \u2013 15,6 inch;<\/li>\n<li>Plac\u0103 grafic\u0103 \u2013 integrat\u0103;<\/li>\n<li>Re\u021bea \u0219i comunica\u021bii \u2013 Wi-Fi + Bluetooth;<\/li>\n<li>Camer\u0103;<\/li>\n<li>Tastatur\u0103 numeric\u0103;<\/li>\n<li>Sistem de operare Windows 11, Windows 11 Pro;<\/li>\n<li>Greutate \u2013 sub 2 kg.;<\/li>\n<li>Mouse;<\/li>\n<li>Geant\u0103.<\/li>\n<\/ul>\n<p><em>Manual\/instructiuni de utilizare<\/em><br \/>\n<em>Certificat de garan\u021bie \u0219i declara\u021bie de conformitate.<\/em><\/td>\n<\/tr>\n<tr>\n<td valign=\"top\" width=\"600\"><em>Garan\u021bie: 36 luni<\/em><\/td>\n<\/tr>\n<tr>\n<td valign=\"top\" width=\"600\"><em>Cantitatea necesar\u0103: 2 buc\u0103\u021bi<\/em><\/td>\n<\/tr>\n<\/tbody>\n<\/table>\n<p>&nbsp;<\/p>\n<table border=\"1\" cellspacing=\"0\" cellpadding=\"0\">\n<tbody>\n<tr>\n<td valign=\"top\" width=\"600\">Denumirea produsului: Desktop computer<\/td>\n<\/tr>\n<tr>\n<td valign=\"top\" width=\"600\">\n<p style=\"text-align: left;\">Detalii specifice minime:<\/p>\n<ul>\n<li>Procesor \u2013 Intel I7 gen. 12, preferabil gen. 13;<\/li>\n<li>Memorie \u2013 minim 16 GB<\/li>\n<li>Stocare date \u2013 minim \u2013 1 TB SSD;<\/li>\n<li>Plac\u0103 grafic\u0103 \u2013 integrat\u0103;<\/li>\n<li>Re\u021bea \u0219i comunica\u021bii \u2013 Ethernet, Wi-Fi + Bluetooth ar fi un avantaj;<\/li>\n<li>Sistem de operare Windows 11, Windows 11 Pro;<\/li>\n<li>Mouse;<\/li>\n<li>Tastatur\u0103;<\/li>\n<li>Monitor color \u2013 21 &#8211; 25 inch.<\/li>\n<\/ul>\n<p><em>Certificat de garan\u021bie \u0219i declara\u021bie de conformitate.<\/em><\/td>\n<\/tr>\n<tr>\n<td valign=\"top\" width=\"600\"><em>Garan\u021bie: 36 luni<\/em><\/td>\n<\/tr>\n<tr>\n<td valign=\"top\" width=\"600\"><em>Cantitatea necesar\u0103: 2 buc\u0103\u021bi<\/em><\/td>\n<\/tr>\n<\/tbody>\n<\/table>\n<p>Produsul va fi utilizat \u00een scopul atingerii obiectivelor proiectului \u201d\u00cenfiin\u021barea \u0219i opera\u021bionalizarea unui Centru de competen\u021b\u0103 pentru S\u0103n\u0103tatea solului \u0219i Siguran\u021b\u0103 Alimentar\u0103\u201d, finan\u021bat prin PNRR, Componenta 9 &#8211; Suport pentru sectorul privat, cercetare, dezvoltare \u0219i inovare, Investi\u021bia nr. 5: \u00cenfiin\u021barea \u0219i Opera\u021bionalizarea centrelor de competen\u021b\u0103, apel PNRR\/2022\/C9\/MCID\/I5.<\/p>\n<p>Valoarea estimat\u0103 a achizi\u021biei pentru cele dou\u0103 buc\u0103\u021bi laptop este de: <em>15.370<\/em> lei f\u0103r\u0103 TVA, iar valoarea estimat\u0103 a celor dou\u0103 buc\u0103\u021bi desktop computer este de <em>14.670<\/em> lei f\u0103r\u0103 TVA. Nu se accept\u0103 oferte alternative.<\/p>\n<p>Ofertele cuprinz\u00e2nd detaliile tehnice \u0219i de pre\u021b se vor transmite pe adresa de e-mail <a href=\"mailto:office@ceprocim.ro\">office@ceprocim.ro<\/a> sau <a href=\"mailto:razvan.lisnic@ceprocim.ro\">razvan.lisnic@ceprocim.ro<\/a> sau <a href=\"mailto:george.constantin@ceprocim.ro\">george.constantin@ceprocim.ro<\/a>, fie la sediul societ\u0103\u021bii, p\u00e2n\u0103 la data de 08.12.2023 ora 14:00. Oferta de pre\u021b va include \u0219i costul transportului la sediul CEPROCIM SA.<\/p>\n<p>Evaluarea ofertelor se va face \u00een data de 08.12.2023, ora 15:00.<\/p>\n<p>Criteriul de atribuire este pre\u021bul cel mai sc\u0103zut.<br \/>\nLivrarea produselor se va face la sediul CEPROCIM SA, \u00een termen de maxim 10 zile de la acceptarea ofertei (dar nu mai t\u00e2rziu de 29.12.2023).<\/p>\n<p>Ofertantul va depune un extras ONRC sau un certificat constatator pentru verificarea domeniului de activitate, iar \u00een cazul \u00een care oferta sa va fi c\u00e2\u0219tig\u0103toare va da o declara\u021bie pe proprie r\u0103spundere pentru verificarea beneficiarului real, \u00eenainte de semnarea notei de comand\u0103\/contractului.<\/p>\n<p>Achizi\u021bia direct se realizeaz\u0103 \u00een cadrul proiectului specific 1 (PS1) .<\/p>\n<p>Rela\u021bii suplimentare se pot ob\u021bine la adresa de e-mail <a href=\"mailto:office@ceprocim.ro\">office@ceprocim.ro<\/a> \u0219i la telefon 0213188893\/106.<\/p>\n<p><strong><a href=\"https:\/\/www.ceprocim.ro\/wp-content\/uploads\/2023\/12\/Caiet-de-sarcini-Laptop-si-desktop.pdf\" =\"\"=\"\">Caiet de sarcini<\/a><\/strong><br \/>\n&nbsp;<br \/>\n&nbsp;<br \/>\n<strong>29.11.2023<\/strong><\/p>\n<p style=\"text-align: center;\"><strong>ANUN\u021a<\/strong><\/p>\n<p style=\"text-align: center;\"><strong>Proiect: \u00cenfiin\u021barea \u0219i opera\u021bionalizarea Centrelor de Competen\u021b\u0103,<br \/>\nPNRR-III-C9-2022 \u2013 I5<\/strong><\/p>\n<p>Contract de finan\u021bare nr. 760005\/30.12.2022, cod 2<br \/>\nCod proiect. 2 CeSoH<br \/>\nBeneficiar proiect: CEPROCIM SA<\/p>\n<p>CEPROCIM SA, cu sediul \u00een Bucure\u0219ti, Bd. Preciziei nr. 6, sector 6, cod 062203, anun\u021b\u0103 lansarea procedurii de achizi\u021bie direct\u0103 pentru furnizarea unui Plotter A0+ &#8211; cod CPV 30232100-5, cu urm\u0103toarele caracteristici:<\/p>\n<table border=\"1\" cellspacing=\"0\" cellpadding=\"0\">\n<tbody>\n<tr>\n<td valign=\"top\" width=\"600\">Denumirea produsului: Plotter A0+<\/td>\n<\/tr>\n<tr>\n<td valign=\"top\" width=\"600\">\n<p style=\"text-align: left;\">Descriere general\u0103:<\/p>\n<ul>\n<li>Plotter A0+<\/li>\n<li>Alimentare: 230 V, 50 Hz.<\/li>\n<\/ul>\n<\/td>\n<\/tr>\n<tr>\n<td valign=\"top\" width=\"600\">\n<p style=\"text-align: left;\">Detalii specifice:<\/p>\n<ul>\n<li>Imprimant\u0103 A0+, 44 inch;<\/li>\n<li>Tehnologie &#8211; inkjet;<\/li>\n<li>Nr. culori &#8211; 6;<\/li>\n<li>Rezolu\u021bie &#8211; 2400x1200dpi;<\/li>\n<li>Memorie intern\u0103 &#8211; minim 4GB;<\/li>\n<li>Tip\u0103rire: foaie sau rol\u0103;<\/li>\n<li>Formate h\u00e2rtie: 17\u2033, 24\u2033, 36\u2033, 44\u2033, A1, A0, B0, B1;<\/li>\n<li>L\u0103\u021bime rol\u0103 &#8211; 44\u2033 (111,8 cm);<\/li>\n<li>Lungime rola &#8211; minim 91 m;<\/li>\n<li>Conexiuni:&nbsp;USB, Ethernet (1000 Base-T);<\/li>\n<li>Imprimare direct\u0103 din suportul USB;<\/li>\n<li>Sisteme operative compatibile: Windows XP, Windows 7, Windows 8, Windows 8.1, Windows 10, Windows 11.<\/li>\n<\/ul>\n<p><em>Aparatul va fi \u00eenso\u021bit de Manual de func\u021bionare sau echivalent \u00een limba rom\u00e2n\u0103 \u0219i Certificat de conformitate.<\/em><\/td>\n<\/tr>\n<tr>\n<td valign=\"top\" width=\"600\"><em>Garan\u021bie: minim 24 luni<\/em><\/td>\n<\/tr>\n<tr>\n<td valign=\"top\" width=\"600\"><em>Cantitatea necesar\u0103: 1 bucat\u0103<\/em><\/td>\n<\/tr>\n<\/tbody>\n<\/table>\n<p>Produsul va fi utilizat \u00een scopul atingerii obiectivelor proiectului \u201d\u00cenfiin\u021barea \u0219i opera\u021bionalizarea unui Centru de competen\u021b\u0103 pentru S\u0103n\u0103tatea solului \u0219i Siguran\u021b\u0103 Alimentar\u0103\u201d, finan\u021bat prin PNRR, Componenta 9 &#8211; Suport pentru sectorul privat, cercetare, dezvoltare \u0219i inovare, Investi\u021bia nr. 5: \u00cenfiin\u021barea \u0219i Opera\u021bionalizarea centrelor de competen\u021b\u0103, apel PNRR\/2022\/C9\/MCID\/I5.<\/p>\n<p>Valoarea estimat\u0103, f\u0103r\u0103 TVA: <em>23.834 <\/em>lei f\u0103r\u0103 TVA. Nu se accepta oferte alternative.<\/p>\n<p>Ofertele cuprinz\u00e2nd detaliile tehnice \u0219i de pre\u021b se vor transmite pe adresa de e-mail <a href=\"mailto:office@ceprocim.ro\">office@ceprocim.ro<\/a> sau <a href=\"mailto:razvan.lisnic@ceprocim.ro\">razvan.lisnic@ceprocim.ro<\/a> sau <a href=\"mailto:george.constantin@ceprocim.ro\">george.constantin@ceprocim.ro<\/a>, fie la sediul societ\u0103\u021bii, p\u00e2n\u0103 la data de 05.12.2023 ora 16:00. Oferta de pre\u021b va include \u0219i costul transportului la sediul CEPROCIM SA, precum \u0219i instruirea a dou\u0103 persoane.<\/p>\n<p>Evaluarea ofertelor se va face \u00een data de 06.12.2023, ora 10:00.<\/p>\n<p>Criteriul de atribuire este pre\u021bul cel mai sc\u0103zut.<\/p>\n<p>Livrarea produselor se va face la sediul CEPROCIM SA, \u00een termen de maxim 10 zile de la acceptarea ofertei (dar nu mai t\u00e2rziu de 29.12.2023).<\/p>\n<p>Ofertantul va depune un extras ONRC sau un certificat constatator pentru verificarea domeniului de activitate, iar \u00een cazul \u00een care oferta sa va fi c\u00e2\u0219tig\u0103toare va da o declara\u021bie pe proprie r\u0103spundere pentru verificarea beneficiarului real, \u00eenainte de semnarea notei de comand\u0103\/contractului.<\/p>\n<p>Achizi\u021bia direct se realizeaz\u0103 \u00een cadrul proiectului specific 1 (PS1) .<\/p>\n<p>Rela\u021bii suplimentare se pot ob\u021bine la adresa de e-mail <a href=\"mailto:office@ceprocim.ro\">office@ceprocim.ro<\/a> \u0219i la telefon 0213188893\/106.<\/p>\n","protected":false},"excerpt":{"rendered":"<p>06.12.2023 ANUN\u021a Proiect: \u00cenfiin\u021barea \u0219i opera\u021bionalizarea Centrelor de Competen\u021b\u0103, PNRR-III-C9-2022 \u2013 I5 Contract de finan\u021bare nr. 760005\/30.12.2022, cod 2 Cod proiect. 2 CeSoH Beneficiar proiect: CEPROCIM SA CEPROCIM SA, cu sediul \u00een Bucure\u0219ti, Bd. Preciziei nr. 6, sector 6, cod 062203, anun\u021b\u0103 lansarea procedurii de achizi\u021bie direct\u0103 pentru furnizarea dou\u0103 buc\u0103\u021bi laptop &#8211; cod CPV [&hellip;]<\/p>\n","protected":false},"author":4,"featured_media":0,"parent":54,"menu_order":4,"comment_status":"closed","ping_status":"closed","template":"","meta":[],"yoast_head":"<!-- This site is optimized with the Yoast SEO plugin v17.2 - https:\/\/yoast.com\/wordpress\/plugins\/seo\/ -->\n<meta name=\"robots\" content=\"index, follow, max-snippet:-1, max-image-preview:large, max-video-preview:-1\" \/>\n<link rel=\"canonical\" href=\"https:\/\/www.ceprocim.ro\/en\/noutati\/achizitii-publice\/tehnic\u0103-de-calcul-\u0219i-echipamente-de-tip\u0103rire\/\" \/>\n<meta property=\"og:locale\" content=\"en_US\" \/>\n<meta property=\"og:type\" content=\"article\" \/>\n<meta property=\"og:title\" content=\"Tehnic\u0103 de calcul \u0219i echipamente de tip\u0103rire - Ceprocim S.A.\" \/>\n<meta property=\"og:description\" content=\"06.12.2023 ANUN\u021a Proiect: \u00cenfiin\u021barea \u0219i opera\u021bionalizarea Centrelor de Competen\u021b\u0103, PNRR-III-C9-2022 \u2013 I5 Contract de finan\u021bare nr. 760005\/30.12.2022, cod 2 Cod proiect. 2 CeSoH Beneficiar proiect: CEPROCIM SA CEPROCIM SA, cu sediul \u00een Bucure\u0219ti, Bd. Preciziei nr. 6, sector 6, cod 062203, anun\u021b\u0103 lansarea procedurii de achizi\u021bie direct\u0103 pentru furnizarea dou\u0103 buc\u0103\u021bi laptop &#8211; cod CPV [&hellip;]\" \/>\n<meta property=\"og:url\" content=\"https:\/\/www.ceprocim.ro\/noutati\/achizitii-publice\/tehnic\u0103-de-calcul-\u0219i-echipamente-de-tip\u0103rire\/\" \/>\n<meta property=\"og:site_name\" content=\"Ceprocim S.A.\" \/>\n<meta property=\"article:modified_time\" content=\"2023-12-08T07:29:42+00:00\" \/>\n<meta property=\"og:image\" content=\"http:\/\/www.ceprocim.ro\/wp-content\/uploads\/2010\/03\/linie_rosie_f_mare.jpg\" \/>\n<meta name=\"twitter:card\" content=\"summary_large_image\" \/>\n<meta name=\"twitter:label1\" content=\"Est. reading time\" \/>\n\t<meta name=\"twitter:data1\" content=\"4 minutes\" \/>\n<script type=\"application\/ld+json\" class=\"yoast-schema-graph\">{\"@context\":\"https:\/\/schema.org\",\"@graph\":[{\"@type\":\"WebSite\",\"@id\":\"https:\/\/www.ceprocim.ro\/#website\",\"url\":\"https:\/\/www.ceprocim.ro\/\",\"name\":\"Ceprocim S.A.\",\"description\":\"Ceprocim Web Site\",\"potentialAction\":[{\"@type\":\"SearchAction\",\"target\":{\"@type\":\"EntryPoint\",\"urlTemplate\":\"https:\/\/www.ceprocim.ro\/?s={search_term_string}\"},\"query-input\":\"required name=search_term_string\"}],\"inLanguage\":\"en-US\"},{\"@type\":\"ImageObject\",\"@id\":\"https:\/\/www.ceprocim.ro\/noutati\/achizitii-publice\/tehnic%c4%83-de-calcul-%c8%99i-echipamente-de-tip%c4%83rire\/#primaryimage\",\"inLanguage\":\"en-US\",\"url\":\"http:\/\/www.ceprocim.ro\/wp-content\/uploads\/2010\/03\/linie_rosie_f_mare.jpg\",\"contentUrl\":\"http:\/\/www.ceprocim.ro\/wp-content\/uploads\/2010\/03\/linie_rosie_f_mare.jpg\"},{\"@type\":\"WebPage\",\"@id\":\"https:\/\/www.ceprocim.ro\/noutati\/achizitii-publice\/tehnic%c4%83-de-calcul-%c8%99i-echipamente-de-tip%c4%83rire\/#webpage\",\"url\":\"https:\/\/www.ceprocim.ro\/noutati\/achizitii-publice\/tehnic%c4%83-de-calcul-%c8%99i-echipamente-de-tip%c4%83rire\/\",\"name\":\"Tehnic\\u0103 de calcul \\u0219i echipamente de tip\\u0103rire - Ceprocim S.A.\",\"isPartOf\":{\"@id\":\"https:\/\/www.ceprocim.ro\/#website\"},\"primaryImageOfPage\":{\"@id\":\"https:\/\/www.ceprocim.ro\/noutati\/achizitii-publice\/tehnic%c4%83-de-calcul-%c8%99i-echipamente-de-tip%c4%83rire\/#primaryimage\"},\"datePublished\":\"2023-07-27T09:18:04+00:00\",\"dateModified\":\"2023-12-08T07:29:42+00:00\",\"breadcrumb\":{\"@id\":\"https:\/\/www.ceprocim.ro\/noutati\/achizitii-publice\/tehnic%c4%83-de-calcul-%c8%99i-echipamente-de-tip%c4%83rire\/#breadcrumb\"},\"inLanguage\":\"en-US\",\"potentialAction\":[{\"@type\":\"ReadAction\",\"target\":[\"https:\/\/www.ceprocim.ro\/noutati\/achizitii-publice\/tehnic%c4%83-de-calcul-%c8%99i-echipamente-de-tip%c4%83rire\/\"]}]},{\"@type\":\"BreadcrumbList\",\"@id\":\"https:\/\/www.ceprocim.ro\/noutati\/achizitii-publice\/tehnic%c4%83-de-calcul-%c8%99i-echipamente-de-tip%c4%83rire\/#breadcrumb\",\"itemListElement\":[{\"@type\":\"ListItem\",\"position\":1,\"name\":\"Home\",\"item\":\"https:\/\/www.ceprocim.ro\/\"},{\"@type\":\"ListItem\",\"position\":2,\"name\":\"Nout\\u0103\\u021bi\",\"item\":\"https:\/\/www.ceprocim.ro\/noutati\/\"},{\"@type\":\"ListItem\",\"position\":3,\"name\":\"Achizi\\u021bii publice\",\"item\":\"https:\/\/www.ceprocim.ro\/noutati\/achizitii-publice\/\"},{\"@type\":\"ListItem\",\"position\":4,\"name\":\"Tehnic\\u0103 de calcul \\u0219i echipamente de tip\\u0103rire\"}]}]}<\/script>\n<!-- \/ Yoast SEO plugin. -->","yoast_head_json":{"robots":{"index":"index","follow":"follow","max-snippet":"max-snippet:-1","max-image-preview":"max-image-preview:large","max-video-preview":"max-video-preview:-1"},"canonical":"https:\/\/www.ceprocim.ro\/noutati\/achizitii-publice\/tehnic\u0103-de-calcul-\u0219i-echipamente-de-tip\u0103rire\/","og_locale":"en_US","og_type":"article","og_title":"Tehnic\u0103 de calcul \u0219i echipamente de tip\u0103rire - Ceprocim S.A.","og_description":"06.12.2023 ANUN\u021a Proiect: \u00cenfiin\u021barea \u0219i opera\u021bionalizarea Centrelor de Competen\u021b\u0103, PNRR-III-C9-2022 \u2013 I5 Contract de finan\u021bare nr. 760005\/30.12.2022, cod 2 Cod proiect. 2 CeSoH Beneficiar proiect: CEPROCIM SA CEPROCIM SA, cu sediul \u00een Bucure\u0219ti, Bd. Preciziei nr. 6, sector 6, cod 062203, anun\u021b\u0103 lansarea procedurii de achizi\u021bie direct\u0103 pentru furnizarea dou\u0103 buc\u0103\u021bi laptop &#8211; cod CPV [&hellip;]","og_url":"https:\/\/www.ceprocim.ro\/noutati\/achizitii-publice\/tehnic\u0103-de-calcul-\u0219i-echipamente-de-tip\u0103rire\/","og_site_name":"Ceprocim S.A.","article_modified_time":"2023-12-08T07:29:42+00:00","og_image":[{"url":"http:\/\/www.ceprocim.ro\/wp-content\/uploads\/2010\/03\/linie_rosie_f_mare.jpg"}],"twitter_card":"summary_large_image","twitter_misc":{"Est. reading time":"4 minutes"},"schema":{"@context":"https:\/\/schema.org","@graph":[{"@type":"WebSite","@id":"https:\/\/www.ceprocim.ro\/#website","url":"https:\/\/www.ceprocim.ro\/","name":"Ceprocim S.A.","description":"Ceprocim Web Site","potentialAction":[{"@type":"SearchAction","target":{"@type":"EntryPoint","urlTemplate":"https:\/\/www.ceprocim.ro\/?s={search_term_string}"},"query-input":"required name=search_term_string"}],"inLanguage":"en-US"},{"@type":"ImageObject","@id":"https:\/\/www.ceprocim.ro\/noutati\/achizitii-publice\/tehnic%c4%83-de-calcul-%c8%99i-echipamente-de-tip%c4%83rire\/#primaryimage","inLanguage":"en-US","url":"http:\/\/www.ceprocim.ro\/wp-content\/uploads\/2010\/03\/linie_rosie_f_mare.jpg","contentUrl":"http:\/\/www.ceprocim.ro\/wp-content\/uploads\/2010\/03\/linie_rosie_f_mare.jpg"},{"@type":"WebPage","@id":"https:\/\/www.ceprocim.ro\/noutati\/achizitii-publice\/tehnic%c4%83-de-calcul-%c8%99i-echipamente-de-tip%c4%83rire\/#webpage","url":"https:\/\/www.ceprocim.ro\/noutati\/achizitii-publice\/tehnic%c4%83-de-calcul-%c8%99i-echipamente-de-tip%c4%83rire\/","name":"Tehnic\u0103 de calcul \u0219i echipamente de tip\u0103rire - Ceprocim S.A.","isPartOf":{"@id":"https:\/\/www.ceprocim.ro\/#website"},"primaryImageOfPage":{"@id":"https:\/\/www.ceprocim.ro\/noutati\/achizitii-publice\/tehnic%c4%83-de-calcul-%c8%99i-echipamente-de-tip%c4%83rire\/#primaryimage"},"datePublished":"2023-07-27T09:18:04+00:00","dateModified":"2023-12-08T07:29:42+00:00","breadcrumb":{"@id":"https:\/\/www.ceprocim.ro\/noutati\/achizitii-publice\/tehnic%c4%83-de-calcul-%c8%99i-echipamente-de-tip%c4%83rire\/#breadcrumb"},"inLanguage":"en-US","potentialAction":[{"@type":"ReadAction","target":["https:\/\/www.ceprocim.ro\/noutati\/achizitii-publice\/tehnic%c4%83-de-calcul-%c8%99i-echipamente-de-tip%c4%83rire\/"]}]},{"@type":"BreadcrumbList","@id":"https:\/\/www.ceprocim.ro\/noutati\/achizitii-publice\/tehnic%c4%83-de-calcul-%c8%99i-echipamente-de-tip%c4%83rire\/#breadcrumb","itemListElement":[{"@type":"ListItem","position":1,"name":"Home","item":"https:\/\/www.ceprocim.ro\/"},{"@type":"ListItem","position":2,"name":"Nout\u0103\u021bi","item":"https:\/\/www.ceprocim.ro\/noutati\/"},{"@type":"ListItem","position":3,"name":"Achizi\u021bii publice","item":"https:\/\/www.ceprocim.ro\/noutati\/achizitii-publice\/"},{"@type":"ListItem","position":4,"name":"Tehnic\u0103 de calcul \u0219i echipamente de tip\u0103rire"}]}]}},"_links":{"self":[{"href":"https:\/\/www.ceprocim.ro\/wp-json\/wp\/v2\/pages\/14167"}],"collection":[{"href":"https:\/\/www.ceprocim.ro\/wp-json\/wp\/v2\/pages"}],"about":[{"href":"https:\/\/www.ceprocim.ro\/wp-json\/wp\/v2\/types\/page"}],"author":[{"embeddable":true,"href":"https:\/\/www.ceprocim.ro\/wp-json\/wp\/v2\/users\/4"}],"replies":[{"embeddable":true,"href":"https:\/\/www.ceprocim.ro\/wp-json\/wp\/v2\/comments?post=14167"}],"version-history":[{"count":25,"href":"https:\/\/www.ceprocim.ro\/wp-json\/wp\/v2\/pages\/14167\/revisions"}],"predecessor-version":[{"id":14377,"href":"https:\/\/www.ceprocim.ro\/wp-json\/wp\/v2\/pages\/14167\/revisions\/14377"}],"up":[{"embeddable":true,"href":"https:\/\/www.ceprocim.ro\/wp-json\/wp\/v2\/pages\/54"}],"wp:attachment":[{"href":"https:\/\/www.ceprocim.ro\/wp-json\/wp\/v2\/media?parent=14167"}],"curies":[{"name":"wp","href":"https:\/\/api.w.org\/{rel}","templated":true}]}}