{"id":14165,"date":"2023-07-27T12:17:05","date_gmt":"2023-07-27T09:17:05","guid":{"rendered":"https:\/\/www.ceprocim.ro\/?page_id=14165"},"modified":"2023-08-21T15:39:35","modified_gmt":"2023-08-21T12:39:35","slug":"echipamente-preg%c4%83tire-%c8%99i-testare-probe","status":"publish","type":"page","link":"https:\/\/www.ceprocim.ro\/en\/noutati\/achizitii-publice\/echipamente-preg%c4%83tire-%c8%99i-testare-probe\/","title":{"rendered":"(Rom\u00e2n\u0103) Echipamente preg\u0103tire \u0219i testare probe"},"content":{"rendered":"<div><img loading=\"lazy\" src=\"https:\/\/www.ceprocim.ro\/wp-content\/uploads\/2010\/03\/linie_rosie_f_mare.jpg\" alt=\"linie\" width=\"600\" height=\"1\"\/><\/div>\n<p><strong>11.08.2023<\/strong><\/p>\n<p style=\"text-align: center;\"><strong>ANUN\u021a<\/strong><\/p>\n<p style=\"text-align: center;\"><strong>Proiect: \u00cenfiin\u021barea \u0219i opera\u021bionalizarea Centrelor de Competen\u021b\u0103,<br \/>\nPNRR-III-C9-2022 \u2013 I5<\/strong><\/p>\n<p>Contract de finan\u021bare nr. 760005\/30.12.2022, cod 2<br \/>\nCod proiect &#8211; CeSoH<br \/>\nBeneficiar proiect: CEPROCIM SA<\/p>\n<p>CEPROCIM SA, cu sediul \u00een Bucure\u0219ti, Bd. Preciziei nr. 6, sector 6, cod 062203, \u00een calitate de autoritate contractant\u0103 anun\u021b\u0103 lansarea <span style=\"text-decoration: underline;\">procedurii competitive<\/span> pentru furnizarea unui aparat de determinare a nutrien\u021bilor din sol &#8211; cod 38000000-5.<br \/>\nDetalii suplimentare se g\u0103sesc pe pagina web <strong><a href=\"https:\/\/proiecte.pnrr.gov.ro\/#\/anunturi-proceduri\/detalii\/cdf426ad-b2cc-4a74-bef0-a613bb31862f\" target=\" _blank\" rel=\"noopener\">http:\/\/proiecte.pnrr.gov.ro<\/a><\/strong> &#8211; sec\u021biunea Anun\u021buri-proceduri.<br \/>\n&nbsp;<br \/>\nAparatul de determinare a nutrien\u021bilor din sol va fi utilizat  \u00een procesul de cercetare destinat atingerii obiectivelor proiectului \u201d\u00cenfiin\u021barea \u0219i opera\u021bionalizarea unui Centru de competen\u021b\u0103 pentru S\u0103n\u0103tatea solului \u0219i Siguran\u021b\u0103 Alimentar\u0103\u201d, finan\u021bat prin PNRR, Componenta 9 &#8211; Suport pentru sectorul privat, cercetare, dezvoltare \u0219i inovare, Investi\u021bia nr. 5: \u00cenfiin\u021barea \u0219i Opera\u021bionalizarea centrelor de competen\u021b\u0103, apel PNRR\/2022\/C9\/MCID\/I5.<\/p>\n<p>Valoarea estimat\u0103, f\u0103r\u0103 TVA: 7.600 lei. Nu se accept\u0103 oferte alternative.<\/p>\n<p>Ofertele cuprinz\u00e2nd detaliile tehnice \u0219i de pre\u021b se vor transmite pe adresa de <strong><a href=\"mailto:office@ceprocim.ro\">office@ceprocim.ro<\/a><\/strong> \u0219i\/sau <strong><a href=\"mailto:razvan.lisnic@ceprocim.ro\">razvan.lisnic@ceprocim.ro<\/a><\/strong> sau la sediul societ\u0103\u021bii, p\u00e2n\u0103 la data de 29.08.2023, ora 16:00. Oferta financiar\u0103 va include \u0219i transportul la sediul CEPROCIM SA, al certificatului de calibrare precum \u0219i instruirea a dou\u0103 persoane (conform cerin\u021be Caiet de sarcini).<br \/>\nEvaluarea ofertelor se va face \u00een data de 30.08.2023, ora 10:00.<\/p>\n<p><strong>Criteriul de atribuire este pre\u021bul cel mai sc\u0103zut.<\/strong><\/p>\n<p>Livrarea produselor se va face la sediul CEPROCIM SA, \u00een termen de maxim 3 luni de la acceptarea ofertei.<br \/>\nOfertantul va depune un extras ONRC, pentru verificarea beneficiarului real.<br \/>\nAchizi\u021bia direct\u0103 se realizeaz\u0103 \u00een cadrul proiectului specific 1 (PS1).<\/p>\n<p>Rela\u021bii suplimentare se pot ob\u021bine la adresa de e-mail <strong><a href=\"mailto:office@ceprocim.ro\">office@ceprocim.ro<\/a><\/strong> \u0219i la telefon 0213188893\/106.<\/p>\n<p><strong><a href=\"https:\/\/www.ceprocim.ro\/wp-content\/uploads\/2023\/08\/Caiet-de-sarcini-Aparat-determinare-nutrienti-sol.pdf\" =\"\"=\"\">Caiet de sarcini<\/a><\/strong><\/p>\n<p>&nbsp;<br \/>\n&nbsp;<br \/>\n<strong>11.08.2023<\/strong><\/p>\n<p style=\"text-align: center;\"><strong>ANUN\u021a<\/strong><\/p>\n<p style=\"text-align: center;\"><strong>Proiect: \u00cenfiin\u021barea \u0219i opera\u021bionalizarea Centrelor de Competen\u021b\u0103,<br \/>\nPNRR-III-C9-2022 \u2013 I5<\/strong><\/p>\n<p>Contract de finan\u021bare nr. 760005\/30.12.2022, cod 2<br \/>\nCod proiect &#8211; CeSoH<br \/>\nBeneficiar proiect: CEPROCIM SA<\/p>\n<p>CEPROCIM SA, cu sediul \u00een Bucure\u0219ti, Bd. Preciziei nr. 6, sector 6, cod 062203, \u00een calitate de autoritate contractant\u0103 anun\u021b\u0103 lansarea <span style=\"text-decoration: underline;\">procedurii competitive<\/span> pentru furnizarea a dou\u0103 omogenizatoare de laborator &#8211; cod 38000000-5, cu urm\u0103toarele caracteristici:<\/p>\n<table border=\"1\" cellspacing=\"0\" cellpadding=\"0\">\n<tbody>\n<tr>\n<td valign=\"top\" width=\"600\">Denumirea produsului: <strong>Omogenizator de laborator<\/strong><\/td>\n<\/tr>\n<tr>\n<td valign=\"top\" width=\"600\">\n<p style=\"text-align: left;\">Descriere general\u0103:<\/p>\n<p>Omogenizator de laborator, prev\u0103zut cu control digital al vitezei \u0219i afi\u0219aj tura\u021bie \u0219i timp de procesare prob\u0103. Alimentare: 230 V, 50 Hz.<\/td>\n<\/tr>\n<tr>\n<td valign=\"top\" width=\"600\">\n<p style=\"text-align: left;\">Descriere specifice:<\/p>\n<ul>\n<li>Tura\u021bie: 5.000 &#8230; 28.000 rpm;<\/li>\n<li>Putere motor: 850W;<\/li>\n<li>Domeniu de procesare: 0,2 ml &#8211; 10l;<\/li>\n<li>Nivel de zgomot: &lt;72dB;<\/li>\n<li>Accesorii incluse: clem\u0103 pentru suport, tij\u0103 pentru suport.<\/li>\n<\/ul>\n<p>Aparatul va fi \u00eenso\u021bit de Manual de func\u021bionare sau echivalent \u00een limba rom\u00e2n\u0103 \u0219i Certificat de conformitate.<\/td>\n<\/tr>\n<tr>\n<td valign=\"top\" width=\"600\">Garan\u021bie: minim 12 luni<\/td>\n<\/tr>\n<tr>\n<td valign=\"top\" width=\"600\">Cantitatea necesar\u0103: 2 buc\u0103\u021bi<\/td>\n<\/tr>\n<\/tbody>\n<\/table>\n<p>Detalii suplimentare se g\u0103sesc pe pagina web <strong><a href=\"https:\/\/proiecte.pnrr.gov.ro\/#\/anunturi-proceduri\/detalii\/d833d4b2-04af-4215-afdc-eca05fc8ff95\" target=\" _blank\" rel=\"noopener\">http:\/\/proiecte.pnrr.gov.ro<\/a><\/strong> &#8211; sec\u021biunea Anun\u021buri-proceduri.<br \/>\n&nbsp;<br \/>\nOmogenizatoarele de laborator vor fi utilizate \u00een procesul de cercetare destinat atingerii obiectivelor proiectului \u201d\u00cenfiin\u021barea \u0219i opera\u021bionalizarea unui Centru de competen\u021b\u0103 pentru S\u0103n\u0103tatea solului \u0219i Siguran\u021b\u0103 Alimentar\u0103\u201d, finan\u021bat prin PNRR, Componenta 9 &#8211; Suport pentru sectorul privat, cercetare, dezvoltare \u0219i inovare, Investi\u021bia nr. 5: \u00cenfiin\u021barea \u0219i Opera\u021bionalizarea centrelor de competen\u021b\u0103, apel PNRR\/2022\/C9\/MCID\/I5.<\/p>\n<p>Valoarea estimat\u0103, f\u0103r\u0103 TVA: 24.080 lei. Nu se accept\u0103 oferte alternative.<\/p>\n<p>Ofertele cuprinz\u00e2nd detaliile tehnice \u0219i de pre\u021b se vor transmite pe adresa de <strong><a href=\"mailto:office@ceprocim.ro\">office@ceprocim.ro<\/a><\/strong> \u0219i\/sau <strong><a href=\"mailto:razvan.lisnic@ceprocim.ro\">razvan.lisnic@ceprocim.ro<\/a><\/strong> sau la sediul societ\u0103\u021bii, p\u00e2n\u0103 la data de 29.08.2023, ora 16:00. Oferta financiar\u0103 va include \u0219i transportul la sediul CEPROCIM SA, al certificatului de calibrare precum \u0219i instruirea a dou\u0103 persoane (conform cerin\u021be Caiet de sarcini).<br \/>\nEvaluarea ofertelor se va face \u00een data de 30.08.2023, ora 10:00.<\/p>\n<p><strong>Criteriul de atribuire este pre\u021bul cel mai sc\u0103zut.<\/strong><\/p>\n<p>Livrarea produselor se va face la sediul CEPROCIM SA, \u00een termen de maxim 3 luni de la acceptarea ofertei.<br \/>\nOfertantul va depune un extras ONRC, pentru verificarea beneficiarului real.<br \/>\nAchizi\u021bia direct\u0103 se realizeaz\u0103 \u00een cadrul proiectului specific 1 (PS1).<\/p>\n<p>Rela\u021bii suplimentare se pot ob\u021bine la adresa de e-mail <strong><a href=\"mailto:office@ceprocim.ro\">office@ceprocim.ro<\/a><\/strong> \u0219i la telefon 0213188893\/106.<\/p>\n<p><strong><a href=\"https:\/\/www.ceprocim.ro\/wp-content\/uploads\/2023\/08\/Caiet-de-sarcini-Omogenizator-laborator.pdf\" =\"\"=\"\">Caiet de sarcini<\/a><\/strong><\/p>\n<p>&nbsp;<br \/>\n&nbsp;<br \/>\n<strong>10.08.2023<\/strong><\/p>\n<p style=\"text-align: center;\"><strong>ANUN\u021a<\/strong><\/p>\n<p style=\"text-align: center;\"><strong>Proiect: \u00cenfiin\u021barea \u0219i opera\u021bionalizarea Centrelor de Competen\u021b\u0103,<br \/>\nPNRR-III-C9-2022 \u2013 I5<\/strong><\/p>\n<p>Contract de finan\u021bare nr. 760005\/30.12.2022, cod 2<br \/>\nCod proiect &#8211; CeSoH<br \/>\nBeneficiar proiect: CEPROCIM SA<\/p>\n<p>CEPROCIM SA, cu sediul \u00een Bucure\u0219ti, Bd. Preciziei nr. 6, sector 6, cod 062203, \u00een calitate de autoritate contractant\u0103 anun\u021b\u0103 lansarea <span style=\"text-decoration: underline;\">procedurii de achizi\u021bie direct\u0103<\/span> pentru furnizarea unei balan\u021be de umiditate &#8211; cod CPV 42923110-6, cu urm\u0103toarele caracteristici:<\/p>\n<table border=\"1\" cellspacing=\"0\" cellpadding=\"0\">\n<tbody>\n<tr>\n<td valign=\"top\" width=\"600\">Denumirea produsului: <strong>Balan\u021b\u0103 de umiditate<\/strong><\/td>\n<\/tr>\n<tr>\n<td valign=\"top\" width=\"600\">\n<p style=\"text-align: left;\">Descriere general\u0103:<\/p>\n<p>Balan\u021b\u0103 de umiditate prev\u0103zut\u0103 cu memorie intern\u0103 pentru 15 programe uscare; cu capac prev\u0103zut cu o fanta transparent\u0103 ce permite vizualizarea \u00een interiorul camerei de c\u00e2nt\u0103rire. Carcasa este confec\u021bionat\u0103 din material plastic, iar platanul de c\u00e2nt\u0103rire din o\u021bel inoxidabil. \u00cenc\u0103lzirea se efectueaz\u0103 prin intermediul unui bec cu halogen de 400 W. Alimentare: 230 V, 50 Hz.<\/td>\n<\/tr>\n<tr>\n<td valign=\"top\" width=\"600\">\n<p style=\"text-align: left;\">Descriere specifice:<\/p>\n<ul>\n<li>Dimensiuni platan: diametru 92 mm;<\/li>\n<li>Unit\u0103\u021bi de m\u0103sur\u0103: %, g;<\/li>\n<li>Precizie: 0,001g;<\/li>\n<li>Precizie: umiditate (0,010%);<\/li>\n<li>Linearitate: \u00b10,003 g;<\/li>\n<li>Reproductibilitate: 0,001g;<\/li>\n<li>Temperatura maxim\u0103: 199 <sup>o<\/sup>C;<\/li>\n<li>Calibrare: extern\u0103;<\/li>\n<li>Capacitate maxim\u0103 de c\u00e2nt\u0103rire: 110 g;<\/li>\n<li>Condi\u021bii ambientale de utilizare: 5&#8230;40 <sup>o<\/sup>C;<\/li>\n<li>Timp de stabilizare: 3 secunde;<\/li>\n<li>Timp de \u00eenc\u0103lzire: maxim 2 ore;<\/li>\n<li>Afi\u0219aj LCD iluminat, cu \u00een\u0103l\u021bimea cifrelor de 14 mm;<\/li>\n<li>4 Func\u021bii: TARA, stand-by;<\/li>\n<li>Interfa\u021b\u0103 PC: RS232;<\/li>\n<li>Accesorii incluse: minim 50 t\u0103vi\u021be pentru c\u00e2nt\u0103rire.<\/li>\n<\/ul>\n<p>Aparatul va fi \u00eenso\u021bit de Manual de func\u021bionare sau echivalent \u00een limba rom\u00e2n\u0103 \u0219i Certificat de conformitate, inclusiv certificat de calibrare.<\/td>\n<\/tr>\n<tr>\n<td valign=\"top\" width=\"600\">Garan\u021bie: minim 24 luni<\/td>\n<\/tr>\n<tr>\n<td valign=\"top\" width=\"600\">Cantitatea necesar\u0103: 1 bucat\u0103<\/td>\n<\/tr>\n<\/tbody>\n<\/table>\n<p>Balan\u021ba de umiditate va fi utilizat\u0103 \u00een procesul de cercetare destinat atingerii obiectivelor proiectului \u201d\u00cenfiin\u021barea \u0219i opera\u021bionalizarea unui Centru de competen\u021b\u0103 pentru S\u0103n\u0103tatea solului \u0219i Siguran\u021b\u0103 Alimentar\u0103\u201d, finan\u021bat prin PNRR, Componenta 9 &#8211; Suport pentru sectorul privat, cercetare, dezvoltare \u0219i inovare, Investi\u021bia nr. 5: \u00cenfiin\u021barea \u0219i Opera\u021bionalizarea centrelor de competen\u021b\u0103, apel PNRR\/2022\/C9\/MCID\/I5.<\/p>\n<p>Valoarea estimat\u0103, f\u0103r\u0103 TVA: 6.100 lei. Nu se accept\u0103 oferte alternative.<\/p>\n<p>Ofertele cuprinz\u00e2nd detaliile tehnice \u0219i de pre\u021b se vor transmite pe adresa de <strong><a href=\"mailto:office@ceprocim.ro\">office@ceprocim.ro<\/a><\/strong> \u0219i\/sau <strong><a href=\"mailto:razvan.lisnic@ceprocim.ro\">razvan.lisnic@ceprocim.ro<\/a><\/strong> sau la sediul societ\u0103\u021bii, p\u00e2n\u0103 la data de 28.08.2023, ora 23:59. Oferta financiar\u0103 va include \u0219i transportul la sediul CEPROCIM SA, al certificatului de calibrare precum \u0219i instruirea a dou\u0103 persoane (conform cerin\u021be Caiet de sarcini).<br \/>\nEvaluarea ofertelor se va face \u00een data de 29.08.2023, ora 10:00.<\/p>\n<p><strong>Criteriul de atribuire este pre\u021bul cel mai sc\u0103zut.<\/strong><\/p>\n<p>Livrarea produselor se va face la sediul CEPROCIM SA, \u00een termen de maxim 1 lun\u0103 de la acceptarea ofertei.<br \/>\nOfertantul va depune un extras ONRC, pentru verificarea beneficiarului real.<br \/>\nAchizi\u021bia direct\u0103 se realizeaz\u0103 \u00een cadrul proiectului specific 1 (PS1).<\/p>\n<p>Rela\u021bii suplimentare se pot ob\u021bine la adresa de e-mail <strong><a href=\"mailto:office@ceprocim.ro\">office@ceprocim.ro<\/a><\/strong> \u0219i la telefon 0213188893\/106.<\/p>\n<p><strong><a href=\"https:\/\/www.ceprocim.ro\/wp-content\/uploads\/2023\/08\/Caiet-de-sarcini-balanta-umiditate.pdf\" =\"\"=\"\">Caiet de sarcini<\/a><\/strong><\/p>\n<p>&nbsp;<br \/>\n&nbsp;<br \/>\n&nbsp;<br \/>\n<strong>27.07.2023<\/strong><\/p>\n<p style=\"text-align: center;\"><strong>ANUN\u021a<\/strong><\/p>\n<p>Proiect: \u00cenfiin\u021barea \u0219i opera\u021bionalizarea Centrelor de Competen\u021b\u0103, PNRR-III-C9-2022 \u2013 I5<br \/>\nContract de finan\u021bare nr. 760005\/30.12.2022, cod 2<br \/>\nBeneficiar proiect: CEPROCIM SA<br \/>\nCEPROCIM SA, cu sediul \u00een Bucure\u0219ti, Bd. Preciziei nr. 6, sector 6, cod 062203, \u00een calitate de autoritate contractant\u0103 anun\u021b\u0103 lansarea procedurii de achizi\u021bie direct\u0103 pentru site de laborator &#8211; cod CPV 42670000-3, cu urm\u0103toarele caracteristici:<\/p>\n<table border=\"1\" cellspacing=\"0\" cellpadding=\"0\">\n<tbody>\n<tr>\n<td valign=\"top\" width=\"20\">\n<p style=\"text-align: center;\"><strong>Nr. crt.<\/strong><\/p>\n<\/td>\n<td valign=\"top\" width=\"600\">\n<p style=\"text-align: center;\"><strong>Denumirea produsului<\/strong><\/p>\n<\/td>\n<td valign=\"top\" width=\"20\">\n<p style=\"text-align: center;\"><strong>Cant.<\/strong><\/p>\n<\/td>\n<\/tr>\n<tr>\n<td valign=\"top\" width=\"20\">\n<p style=\"text-align: center;\">1<\/p>\n<\/td>\n<td valign=\"top\" width=\"600\">\n<p style=\"text-align: left;\">Sit\u0103 DIN ISO 3310, 200 x 50 mm, cu ochiuri de 63\u00b5m, din inox sau o\u021bel inoxidabil sau echivalent, prevazut\u0103 cu inel de etan\u0219are, cu certificat de conformitate<\/p>\n<\/td>\n<td valign=\"top\" width=\"20\">\n<p style=\"text-align: center;\">1<\/p>\n<\/td>\n<\/tr>\n<tr>\n<td valign=\"top\" width=\"20\">\n<p style=\"text-align: center;\">2<\/p>\n<\/td>\n<td valign=\"top\" width=\"600\">\n<p style=\"text-align: left;\">Sit\u0103 DIN ISO 3310, 200 x 50 mm, cu ochiuri  de 45\u00b5m, din inox sau o\u021bel inoxidabil sau echivalent, prevazut\u0103 cu inel de etan\u0219are, cu certificat de conformitate<\/p>\n<\/td>\n<td valign=\"top\" width=\"20\">\n<p style=\"text-align: center;\">1<\/p>\n<\/td>\n<\/tr>\n<tr>\n<td valign=\"top\" width=\"20\">\n<p style=\"text-align: center;\">3<\/p>\n<\/td>\n<td valign=\"top\" width=\"600\">\n<p style=\"text-align: left;\">Sit\u0103 DIN ISO 3310, 200 x 50 mm, cu ochiuri  de 32\u00b5m, din inox sau o\u021bel inoxidabil sau echivalent, prevazut\u0103 cu inel de etan\u0219are, cu certificat de conformitate<\/p>\n<\/td>\n<td valign=\"top\" width=\"20\">\n<p style=\"text-align: center;\">1<\/p>\n<\/td>\n<\/tr>\n<tr>\n<td valign=\"top\" width=\"20\">\n<p style=\"text-align: center;\">4<\/p>\n<\/td>\n<td valign=\"top\" width=\"600\">\n<p style=\"text-align: left;\">Sit\u0103 DIN ISO 3310, 200 x 50 mm, cu ochiuri  de 1,00 mm, din inox sau o\u021bel inoxidabil sau echivalent, prevazut\u0103 cu inel de etan\u0219are, cu certificat de conformitate<\/p>\n<\/td>\n<td valign=\"top\" width=\"20\">\n<p style=\"text-align: center;\">1<\/p>\n<\/td>\n<\/tr>\n<\/tbody>\n<\/table>\n<p>Sitele de laborator vor fi utilizate \u00een procesul de cercetare destinat atingerii obiectivelor proiectului \u201d\u00cenfiin\u021barea \u0219i opera\u021bionalizarea unui Centru de competen\u021b\u0103 pentru S\u0103n\u0103tatea solului \u0219i Siguran\u021b\u0103 Alimentar\u0103\u201d, finan\u021bat prin PNRR, Componenta 9 Suport pentru sectorul privat, cercetare, dezvoltare \u0219i inovare, Investi\u021bia nr. 5 \u00cenfiin\u021barea \u0219i Opera\u021bionalizarea centrelor de competen\u021b\u0103, apel PNRR\/2022\/C9\/MCID\/I5.<\/p>\n<p>Valoarea estimata, f\u0103r\u0103 TVA: 1.599 lei. Nu se accepta oferte alternative.<\/p>\n<p>Ofertele se transmit pe adresa <a href=\"mailto:office@ceprocim.ro\">office@ceprocim.ro<\/a> sau la sediul societ\u0103\u021bii, p\u00e2n\u0103 la data de 01.08.2023, ora 12:00.  Oferta financiar\u0103 va include \u0219i transportul la sediul CEPROCIM SA.<br \/>\nEvaluarea ofertelor se va face \u00een data de 01.08.2023, ora 13:00.<\/p>\n<p><strong>Criteriul de atribuire este pre\u021bul cel mai sc\u0103zut<\/strong>.<\/p>\n<p>Livrarea produselor se va face la sediul CEPROCIM SA, \u00een termen de maxim 30 zile de la acceptarea ofertei.<br \/>\nOfertantul declarat c\u00e2\u0219tigator va depune la acceptarea comenzii un extras ONRC, pentru verificarea beneficiarului real.<br \/>\nAchizi\u021bia direct\u0103 se realizeaz\u0103 \u00een cadrul proiectului specific 1 (PS1).<\/p>\n<p>Rela\u021bii suplimentare se pot ob\u021bine la adresa de e-mail <a href=\"mailto:office@ceprocim.ro\">office@ceprocim.ro<\/a> \u0219i la telefon 0213188893\/106.<\/p>\n","protected":false},"excerpt":{"rendered":"<p>11.08.2023 ANUN\u021a Proiect: \u00cenfiin\u021barea \u0219i opera\u021bionalizarea Centrelor de Competen\u021b\u0103, PNRR-III-C9-2022 \u2013 I5 Contract de finan\u021bare nr. 760005\/30.12.2022, cod 2 Cod proiect &#8211; CeSoH Beneficiar proiect: CEPROCIM SA CEPROCIM SA, cu sediul \u00een Bucure\u0219ti, Bd. Preciziei nr. 6, sector 6, cod 062203, \u00een calitate de autoritate contractant\u0103 anun\u021b\u0103 lansarea procedurii competitive pentru furnizarea unui aparat de [&hellip;]<\/p>\n","protected":false},"author":4,"featured_media":0,"parent":54,"menu_order":3,"comment_status":"closed","ping_status":"closed","template":"","meta":[],"yoast_head":"<!-- This site is optimized with the Yoast SEO plugin v17.2 - https:\/\/yoast.com\/wordpress\/plugins\/seo\/ -->\n<meta name=\"robots\" content=\"index, follow, max-snippet:-1, max-image-preview:large, max-video-preview:-1\" \/>\n<link rel=\"canonical\" href=\"https:\/\/www.ceprocim.ro\/en\/noutati\/achizitii-publice\/echipamente-preg\u0103tire-\u0219i-testare-probe\/\" \/>\n<meta property=\"og:locale\" content=\"en_US\" \/>\n<meta property=\"og:type\" content=\"article\" \/>\n<meta property=\"og:title\" content=\"Echipamente preg\u0103tire \u0219i testare probe - Ceprocim S.A.\" \/>\n<meta property=\"og:description\" content=\"11.08.2023 ANUN\u021a Proiect: \u00cenfiin\u021barea \u0219i opera\u021bionalizarea Centrelor de Competen\u021b\u0103, PNRR-III-C9-2022 \u2013 I5 Contract de finan\u021bare nr. 760005\/30.12.2022, cod 2 Cod proiect &#8211; CeSoH Beneficiar proiect: CEPROCIM SA CEPROCIM SA, cu sediul \u00een Bucure\u0219ti, Bd. Preciziei nr. 6, sector 6, cod 062203, \u00een calitate de autoritate contractant\u0103 anun\u021b\u0103 lansarea procedurii competitive pentru furnizarea unui aparat de [&hellip;]\" \/>\n<meta property=\"og:url\" content=\"https:\/\/www.ceprocim.ro\/noutati\/achizitii-publice\/echipamente-preg\u0103tire-\u0219i-testare-probe\/\" \/>\n<meta property=\"og:site_name\" content=\"Ceprocim S.A.\" \/>\n<meta property=\"article:modified_time\" content=\"2023-08-21T12:39:35+00:00\" \/>\n<meta property=\"og:image\" content=\"http:\/\/www.ceprocim.ro\/wp-content\/uploads\/2010\/03\/linie_rosie_f_mare.jpg\" \/>\n<meta name=\"twitter:card\" content=\"summary_large_image\" \/>\n<meta name=\"twitter:label1\" content=\"Est. reading time\" \/>\n\t<meta name=\"twitter:data1\" content=\"7 minutes\" \/>\n<script type=\"application\/ld+json\" class=\"yoast-schema-graph\">{\"@context\":\"https:\/\/schema.org\",\"@graph\":[{\"@type\":\"WebSite\",\"@id\":\"https:\/\/www.ceprocim.ro\/#website\",\"url\":\"https:\/\/www.ceprocim.ro\/\",\"name\":\"Ceprocim S.A.\",\"description\":\"Ceprocim Web Site\",\"potentialAction\":[{\"@type\":\"SearchAction\",\"target\":{\"@type\":\"EntryPoint\",\"urlTemplate\":\"https:\/\/www.ceprocim.ro\/?s={search_term_string}\"},\"query-input\":\"required name=search_term_string\"}],\"inLanguage\":\"en-US\"},{\"@type\":\"ImageObject\",\"@id\":\"https:\/\/www.ceprocim.ro\/noutati\/achizitii-publice\/echipamente-preg%c4%83tire-%c8%99i-testare-probe\/#primaryimage\",\"inLanguage\":\"en-US\",\"url\":\"http:\/\/www.ceprocim.ro\/wp-content\/uploads\/2010\/03\/linie_rosie_f_mare.jpg\",\"contentUrl\":\"http:\/\/www.ceprocim.ro\/wp-content\/uploads\/2010\/03\/linie_rosie_f_mare.jpg\"},{\"@type\":\"WebPage\",\"@id\":\"https:\/\/www.ceprocim.ro\/noutati\/achizitii-publice\/echipamente-preg%c4%83tire-%c8%99i-testare-probe\/#webpage\",\"url\":\"https:\/\/www.ceprocim.ro\/noutati\/achizitii-publice\/echipamente-preg%c4%83tire-%c8%99i-testare-probe\/\",\"name\":\"Echipamente preg\\u0103tire \\u0219i testare probe - Ceprocim S.A.\",\"isPartOf\":{\"@id\":\"https:\/\/www.ceprocim.ro\/#website\"},\"primaryImageOfPage\":{\"@id\":\"https:\/\/www.ceprocim.ro\/noutati\/achizitii-publice\/echipamente-preg%c4%83tire-%c8%99i-testare-probe\/#primaryimage\"},\"datePublished\":\"2023-07-27T09:17:05+00:00\",\"dateModified\":\"2023-08-21T12:39:35+00:00\",\"breadcrumb\":{\"@id\":\"https:\/\/www.ceprocim.ro\/noutati\/achizitii-publice\/echipamente-preg%c4%83tire-%c8%99i-testare-probe\/#breadcrumb\"},\"inLanguage\":\"en-US\",\"potentialAction\":[{\"@type\":\"ReadAction\",\"target\":[\"https:\/\/www.ceprocim.ro\/noutati\/achizitii-publice\/echipamente-preg%c4%83tire-%c8%99i-testare-probe\/\"]}]},{\"@type\":\"BreadcrumbList\",\"@id\":\"https:\/\/www.ceprocim.ro\/noutati\/achizitii-publice\/echipamente-preg%c4%83tire-%c8%99i-testare-probe\/#breadcrumb\",\"itemListElement\":[{\"@type\":\"ListItem\",\"position\":1,\"name\":\"Home\",\"item\":\"https:\/\/www.ceprocim.ro\/\"},{\"@type\":\"ListItem\",\"position\":2,\"name\":\"Nout\\u0103\\u021bi\",\"item\":\"https:\/\/www.ceprocim.ro\/en\/noutati\/\"},{\"@type\":\"ListItem\",\"position\":3,\"name\":\"Achizi\\u021bii publice\",\"item\":\"https:\/\/www.ceprocim.ro\/noutati\/achizitii-publice\/\"},{\"@type\":\"ListItem\",\"position\":4,\"name\":\"Echipamente preg\\u0103tire \\u0219i testare probe\"}]}]}<\/script>\n<!-- \/ Yoast SEO plugin. -->","yoast_head_json":{"robots":{"index":"index","follow":"follow","max-snippet":"max-snippet:-1","max-image-preview":"max-image-preview:large","max-video-preview":"max-video-preview:-1"},"canonical":"https:\/\/www.ceprocim.ro\/noutati\/achizitii-publice\/echipamente-preg\u0103tire-\u0219i-testare-probe\/","og_locale":"en_US","og_type":"article","og_title":"Echipamente preg\u0103tire \u0219i testare probe - Ceprocim S.A.","og_description":"11.08.2023 ANUN\u021a Proiect: \u00cenfiin\u021barea \u0219i opera\u021bionalizarea Centrelor de Competen\u021b\u0103, PNRR-III-C9-2022 \u2013 I5 Contract de finan\u021bare nr. 760005\/30.12.2022, cod 2 Cod proiect &#8211; CeSoH Beneficiar proiect: CEPROCIM SA CEPROCIM SA, cu sediul \u00een Bucure\u0219ti, Bd. Preciziei nr. 6, sector 6, cod 062203, \u00een calitate de autoritate contractant\u0103 anun\u021b\u0103 lansarea procedurii competitive pentru furnizarea unui aparat de [&hellip;]","og_url":"https:\/\/www.ceprocim.ro\/noutati\/achizitii-publice\/echipamente-preg\u0103tire-\u0219i-testare-probe\/","og_site_name":"Ceprocim S.A.","article_modified_time":"2023-08-21T12:39:35+00:00","og_image":[{"url":"http:\/\/www.ceprocim.ro\/wp-content\/uploads\/2010\/03\/linie_rosie_f_mare.jpg"}],"twitter_card":"summary_large_image","twitter_misc":{"Est. reading time":"7 minutes"},"schema":{"@context":"https:\/\/schema.org","@graph":[{"@type":"WebSite","@id":"https:\/\/www.ceprocim.ro\/#website","url":"https:\/\/www.ceprocim.ro\/","name":"Ceprocim S.A.","description":"Ceprocim Web Site","potentialAction":[{"@type":"SearchAction","target":{"@type":"EntryPoint","urlTemplate":"https:\/\/www.ceprocim.ro\/?s={search_term_string}"},"query-input":"required name=search_term_string"}],"inLanguage":"en-US"},{"@type":"ImageObject","@id":"https:\/\/www.ceprocim.ro\/noutati\/achizitii-publice\/echipamente-preg%c4%83tire-%c8%99i-testare-probe\/#primaryimage","inLanguage":"en-US","url":"http:\/\/www.ceprocim.ro\/wp-content\/uploads\/2010\/03\/linie_rosie_f_mare.jpg","contentUrl":"http:\/\/www.ceprocim.ro\/wp-content\/uploads\/2010\/03\/linie_rosie_f_mare.jpg"},{"@type":"WebPage","@id":"https:\/\/www.ceprocim.ro\/noutati\/achizitii-publice\/echipamente-preg%c4%83tire-%c8%99i-testare-probe\/#webpage","url":"https:\/\/www.ceprocim.ro\/noutati\/achizitii-publice\/echipamente-preg%c4%83tire-%c8%99i-testare-probe\/","name":"Echipamente preg\u0103tire \u0219i testare probe - Ceprocim S.A.","isPartOf":{"@id":"https:\/\/www.ceprocim.ro\/#website"},"primaryImageOfPage":{"@id":"https:\/\/www.ceprocim.ro\/noutati\/achizitii-publice\/echipamente-preg%c4%83tire-%c8%99i-testare-probe\/#primaryimage"},"datePublished":"2023-07-27T09:17:05+00:00","dateModified":"2023-08-21T12:39:35+00:00","breadcrumb":{"@id":"https:\/\/www.ceprocim.ro\/noutati\/achizitii-publice\/echipamente-preg%c4%83tire-%c8%99i-testare-probe\/#breadcrumb"},"inLanguage":"en-US","potentialAction":[{"@type":"ReadAction","target":["https:\/\/www.ceprocim.ro\/noutati\/achizitii-publice\/echipamente-preg%c4%83tire-%c8%99i-testare-probe\/"]}]},{"@type":"BreadcrumbList","@id":"https:\/\/www.ceprocim.ro\/noutati\/achizitii-publice\/echipamente-preg%c4%83tire-%c8%99i-testare-probe\/#breadcrumb","itemListElement":[{"@type":"ListItem","position":1,"name":"Home","item":"https:\/\/www.ceprocim.ro\/"},{"@type":"ListItem","position":2,"name":"Nout\u0103\u021bi","item":"https:\/\/www.ceprocim.ro\/en\/noutati\/"},{"@type":"ListItem","position":3,"name":"Achizi\u021bii publice","item":"https:\/\/www.ceprocim.ro\/noutati\/achizitii-publice\/"},{"@type":"ListItem","position":4,"name":"Echipamente preg\u0103tire \u0219i testare probe"}]}]}},"_links":{"self":[{"href":"https:\/\/www.ceprocim.ro\/wp-json\/wp\/v2\/pages\/14165"}],"collection":[{"href":"https:\/\/www.ceprocim.ro\/wp-json\/wp\/v2\/pages"}],"about":[{"href":"https:\/\/www.ceprocim.ro\/wp-json\/wp\/v2\/types\/page"}],"author":[{"embeddable":true,"href":"https:\/\/www.ceprocim.ro\/wp-json\/wp\/v2\/users\/4"}],"replies":[{"embeddable":true,"href":"https:\/\/www.ceprocim.ro\/wp-json\/wp\/v2\/comments?post=14165"}],"version-history":[{"count":21,"href":"https:\/\/www.ceprocim.ro\/wp-json\/wp\/v2\/pages\/14165\/revisions"}],"predecessor-version":[{"id":14327,"href":"https:\/\/www.ceprocim.ro\/wp-json\/wp\/v2\/pages\/14165\/revisions\/14327"}],"up":[{"embeddable":true,"href":"https:\/\/www.ceprocim.ro\/wp-json\/wp\/v2\/pages\/54"}],"wp:attachment":[{"href":"https:\/\/www.ceprocim.ro\/wp-json\/wp\/v2\/media?parent=14165"}],"curies":[{"name":"wp","href":"https:\/\/api.w.org\/{rel}","templated":true}]}}