{"id":1223,"date":"2009-12-02T12:45:41","date_gmt":"2009-12-02T09:45:41","guid":{"rendered":"http:\/\/www.ceprocim.ro\/activitati\/alerte-manifestari-stiintifice\/"},"modified":"2022-02-28T09:50:36","modified_gmt":"2022-02-28T07:50:36","slug":"manifestari-stiintifice","status":"publish","type":"page","link":"https:\/\/www.ceprocim.ro\/en\/noutati\/manifestari-stiintifice\/","title":{"rendered":"Participations\/communications at scientific conferences"},"content":{"rendered":"<div><img loading=\"lazy\" src=\"https:\/\/www.ceprocim.ro\/wp-content\/uploads\/2010\/03\/linie_rosie_f_mare.jpg\" alt=\"linie\" width=\"600\" height=\"1\"\/><\/div>\n<p>&nbsp;<\/p>\n<h2 style=\"text-align: center;\"><strong>PAPERS PRESENTED AT NATIONAL AND INTERNATIONAL SCIENTIFIC EVENTS<\/strong><\/h2>\n<div><img loading=\"lazy\" src=\"https:\/\/www.ceprocim.ro\/wp-content\/uploads\/2010\/03\/linie_rosie_f_mare.jpg\" alt=\"linie\" width=\"600\" height=\"1\"\/><\/div>\n<p>&nbsp;<\/p>\n<p><strong>2017<\/strong><\/p>\n<ul>\n<li><span style=\"font-style: italic; font-weight: 700;\">Lower molasse deposits of Doftana Molasse and Sl\u0103nic Molasse, located in Eastern Carpathians &#8211; <\/span>R. M. Fechet, 17<sup>th<\/sup><sub> <\/sub>International Multidisciplinary Scientific GeoConference &#8211; SGEM 2017, Albena, Bulgaria<\/li>\n<li><span style=\"font-style: italic; font-weight: 700;\">Tailing&nbsp; ponds &#8211; source of silica raw materials potentially useful in cement manufacture &#8211; <\/span>R. M. Fechet, A. Moan\u0163\u0103, J. Paceagiu, I. Mohanu, 17<sup>th<\/sup><sub> <\/sub>International Multidisciplinary Scientific GeoConference &#8211; SGEM 2017, Albena, Bulgaria<\/li>\n<li><span style=\"font-style: italic; font-weight: 700;\">Bacteria as self-healing agent, an alternative to recover cement materials &#8211; <\/span>V. Fruth, I. Atkinson, L. Predoana, J. Pandele-Cusu, S. Petrescu, I. Raut, M. Doni, L. Jecu, D. Nastac, I. Barcan, A. Badanoiu, 4<sup>th<\/sup> Conference of the Serbian Society for Ceramic Materials, Belgrade, Serbia and Montenegro, 14-16 June, 2017<\/li>\n<li><span style=\"font-style: italic; font-weight: 700;\">The influence of dredge waste and effluent treatment plants sludge on the Portland cement clinker manufacture &#8211; <\/span>D. Nastac<strong>, <\/strong>L. Predoana, V. Fruth, 4<sup>th<\/sup> Conference of the Serbian Society for Ceramic Materials, Belgrade, Serbia and Montenegro, 14-16 June, 2017<\/li>\n<li><span style=\"font-style: italic; font-weight: 700;\">Identifying the origin of pink pigmentation on mural paintings in churches from Romania &#8211; <\/span>I. Gomoiu, D. Mohanu, I. Mohanu, R. R\u0103dvan, M. Enache,<sup> <\/sup>S. Neagu, I. M. Cortea, R. Cojoc, Non-destructive and microanalytical techniques in art and cultural heritage &#8211;&nbsp; TECHNART&nbsp; 2017, Bilbao, Spain, 2-6 May, 2017<\/li>\n<li><span style=\"font-style: italic; font-weight: 700;\">Pigments characterization for image reconstruction of wall paintings of Am\u0103r\u0103\u015fti wooden church &#8211; <\/span>O. H. Barbu, I. Mohanu, L. Florea, D. Mohanu, Non-destructive and microanalytical techniques in art and cultural heritage &#8211;&nbsp; TECHNART&nbsp; 2017, Bilbao, Spain, 2-6 May, 2017<\/li>\n<li><em><strong>Testing of new mortars for the conservation &#8211; <\/strong><\/em>I. Mohanu,<sup> <\/sup>D. Mohanu, I. Gomoiu, O. H. Barbu, I. Petre, N. Vlad, G. Voicu, R. Tru\u015fc\u0103, Non-destructive and microanalytical techniques in art and cultural heritage &#8211;&nbsp; TECHNART&nbsp; 2017, Bilbao, Spain, 2-6 May, 2017<\/li>\n<li><span style=\"font-style: italic; font-weight: 700;\">Microbial ability to colonize mural painting and its support &#8211; <\/span>I. Gomoiu, M. Enache, M. Cojoc, D. Mohanu, I. Mohanu<strong><em>,<\/em><\/strong> 4<sup>th<\/sup> International Symposium on Energy Efficiency and Energy Related Materials, Mugla, Turkey, 22-26 April, 2017<\/li>\n<li><span style=\"font-style: italic; font-weight: 700;\">Fly ash characterization from CET Govora used in masonery mortars &#8211; <\/span>G. Velciu, V. Marinescu, A. Moan\u0163\u0103, M. Lungulescu, G. Sbarcea, A. Dumitru,&nbsp;10<sup>th<\/sup> International Conference on&nbsp;Materials Science &amp; Engineering &#8211; BRAMAT, Bra\u0219ov, Romania, March, 2017<\/li>\n<\/ul>\n<p>&nbsp;<\/p>\n<p>&nbsp;<\/p>\n<p><a href=\"https:\/\/www.ceprocim.ro\/wp-content\/uploads\/2020\/10\/2014-2016en.pdf\"><strong>2014-2016<\/strong><\/a><\/p>\n<p><a href=\"https:\/\/www.ceprocim.ro\/wp-content\/uploads\/2017\/07\/works-en.pdf\"><strong>2010-2013<\/strong><\/a><\/p>\n","protected":false},"excerpt":{"rendered":"<p>&nbsp; PAPERS PRESENTED AT NATIONAL AND INTERNATIONAL SCIENTIFIC EVENTS &nbsp; 2017 Lower molasse deposits of Doftana Molasse and Sl\u0103nic Molasse, located in Eastern Carpathians &#8211; R. M. Fechet, 17th International Multidisciplinary Scientific GeoConference &#8211; SGEM 2017, Albena, Bulgaria Tailing&nbsp; ponds &#8211; source of silica raw materials potentially useful in cement manufacture &#8211; R. M. Fechet, [&hellip;]<\/p>\n","protected":false},"author":3,"featured_media":0,"parent":233,"menu_order":2,"comment_status":"closed","ping_status":"closed","template":"","meta":[],"yoast_head":"<!-- This site is optimized with the Yoast SEO plugin v17.2 - https:\/\/yoast.com\/wordpress\/plugins\/seo\/ -->\n<meta name=\"robots\" content=\"index, follow, max-snippet:-1, max-image-preview:large, max-video-preview:-1\" \/>\n<link rel=\"canonical\" href=\"https:\/\/www.ceprocim.ro\/en\/noutati\/manifestari-stiintifice\/\" \/>\n<meta property=\"og:locale\" content=\"en_US\" \/>\n<meta property=\"og:type\" content=\"article\" \/>\n<meta property=\"og:title\" content=\"Participations\/communications at scientific conferencesParticip\u0103ri\/comunic\u0103ri la manifest\u0103ri \u0219tiin\u021bifice - Ceprocim S.A.\" \/>\n<meta property=\"og:description\" content=\"&nbsp; PAPERS PRESENTED AT NATIONAL AND INTERNATIONAL SCIENTIFIC EVENTS &nbsp; 2017 Lower molasse deposits of Doftana Molasse and Sl\u0103nic Molasse, located in Eastern Carpathians &#8211; R. M. Fechet, 17th International Multidisciplinary Scientific GeoConference &#8211; SGEM 2017, Albena, Bulgaria Tailing&nbsp; ponds &#8211; source of silica raw materials potentially useful in cement manufacture &#8211; R. M. Fechet, [&hellip;]\" \/>\n<meta property=\"og:url\" content=\"https:\/\/www.ceprocim.ro\/en\/noutati\/manifestari-stiintifice\/\" \/>\n<meta property=\"og:site_name\" content=\"Ceprocim S.A.\" \/>\n<meta property=\"article:modified_time\" content=\"2022-02-28T07:50:36+00:00\" \/>\n<meta property=\"og:image\" content=\"http:\/\/www.ceprocim.ro\/wp-content\/uploads\/2010\/03\/linie_rosie_f_mare.jpg\" \/>\n<meta name=\"twitter:card\" content=\"summary_large_image\" \/>\n<meta name=\"twitter:label1\" content=\"Est. reading time\" \/>\n\t<meta name=\"twitter:data1\" content=\"4 minutes\" \/>\n<script type=\"application\/ld+json\" class=\"yoast-schema-graph\">{\"@context\":\"https:\/\/schema.org\",\"@graph\":[{\"@type\":\"WebSite\",\"@id\":\"https:\/\/www.ceprocim.ro\/#website\",\"url\":\"https:\/\/www.ceprocim.ro\/\",\"name\":\"Ceprocim S.A.\",\"description\":\"Ceprocim Web Site\",\"potentialAction\":[{\"@type\":\"SearchAction\",\"target\":{\"@type\":\"EntryPoint\",\"urlTemplate\":\"https:\/\/www.ceprocim.ro\/?s={search_term_string}\"},\"query-input\":\"required name=search_term_string\"}],\"inLanguage\":\"en-US\"},{\"@type\":\"ImageObject\",\"@id\":\"https:\/\/www.ceprocim.ro\/en\/noutati\/manifestari-stiintifice\/#primaryimage\",\"inLanguage\":\"en-US\",\"url\":\"http:\/\/www.ceprocim.ro\/wp-content\/uploads\/2010\/03\/linie_rosie_f_mare.jpg\",\"contentUrl\":\"http:\/\/www.ceprocim.ro\/wp-content\/uploads\/2010\/03\/linie_rosie_f_mare.jpg\"},{\"@type\":\"WebPage\",\"@id\":\"https:\/\/www.ceprocim.ro\/en\/noutati\/manifestari-stiintifice\/#webpage\",\"url\":\"https:\/\/www.ceprocim.ro\/en\/noutati\/manifestari-stiintifice\/\",\"name\":\"Participations\/communications at scientific conferencesParticip\\u0103ri\/comunic\\u0103ri la manifest\\u0103ri \\u0219tiin\\u021bifice - Ceprocim S.A.\",\"isPartOf\":{\"@id\":\"https:\/\/www.ceprocim.ro\/#website\"},\"primaryImageOfPage\":{\"@id\":\"https:\/\/www.ceprocim.ro\/en\/noutati\/manifestari-stiintifice\/#primaryimage\"},\"datePublished\":\"2009-12-02T09:45:41+00:00\",\"dateModified\":\"2022-02-28T07:50:36+00:00\",\"breadcrumb\":{\"@id\":\"https:\/\/www.ceprocim.ro\/en\/noutati\/manifestari-stiintifice\/#breadcrumb\"},\"inLanguage\":\"en-US\",\"potentialAction\":[{\"@type\":\"ReadAction\",\"target\":[\"https:\/\/www.ceprocim.ro\/en\/noutati\/manifestari-stiintifice\/\"]}]},{\"@type\":\"BreadcrumbList\",\"@id\":\"https:\/\/www.ceprocim.ro\/en\/noutati\/manifestari-stiintifice\/#breadcrumb\",\"itemListElement\":[{\"@type\":\"ListItem\",\"position\":1,\"name\":\"Home\",\"item\":\"https:\/\/www.ceprocim.ro\/noutati\/\"},{\"@type\":\"ListItem\",\"position\":2,\"name\":\"Particip\\u0103ri\/comunic\\u0103ri la manifest\\u0103ri \\u0219tiin\\u021bifice\"}]}]}<\/script>\n<!-- \/ Yoast SEO plugin. -->","yoast_head_json":{"robots":{"index":"index","follow":"follow","max-snippet":"max-snippet:-1","max-image-preview":"max-image-preview:large","max-video-preview":"max-video-preview:-1"},"canonical":"https:\/\/www.ceprocim.ro\/en\/noutati\/manifestari-stiintifice\/","og_locale":"en_US","og_type":"article","og_title":"Participations\/communications at scientific conferencesParticip\u0103ri\/comunic\u0103ri la manifest\u0103ri \u0219tiin\u021bifice - Ceprocim S.A.","og_description":"&nbsp; PAPERS PRESENTED AT NATIONAL AND INTERNATIONAL SCIENTIFIC EVENTS &nbsp; 2017 Lower molasse deposits of Doftana Molasse and Sl\u0103nic Molasse, located in Eastern Carpathians &#8211; R. M. Fechet, 17th International Multidisciplinary Scientific GeoConference &#8211; SGEM 2017, Albena, Bulgaria Tailing&nbsp; ponds &#8211; source of silica raw materials potentially useful in cement manufacture &#8211; R. M. Fechet, [&hellip;]","og_url":"https:\/\/www.ceprocim.ro\/en\/noutati\/manifestari-stiintifice\/","og_site_name":"Ceprocim S.A.","article_modified_time":"2022-02-28T07:50:36+00:00","og_image":[{"url":"http:\/\/www.ceprocim.ro\/wp-content\/uploads\/2010\/03\/linie_rosie_f_mare.jpg"}],"twitter_card":"summary_large_image","twitter_misc":{"Est. reading time":"4 minutes"},"schema":{"@context":"https:\/\/schema.org","@graph":[{"@type":"WebSite","@id":"https:\/\/www.ceprocim.ro\/#website","url":"https:\/\/www.ceprocim.ro\/","name":"Ceprocim S.A.","description":"Ceprocim Web Site","potentialAction":[{"@type":"SearchAction","target":{"@type":"EntryPoint","urlTemplate":"https:\/\/www.ceprocim.ro\/?s={search_term_string}"},"query-input":"required name=search_term_string"}],"inLanguage":"en-US"},{"@type":"ImageObject","@id":"https:\/\/www.ceprocim.ro\/en\/noutati\/manifestari-stiintifice\/#primaryimage","inLanguage":"en-US","url":"http:\/\/www.ceprocim.ro\/wp-content\/uploads\/2010\/03\/linie_rosie_f_mare.jpg","contentUrl":"http:\/\/www.ceprocim.ro\/wp-content\/uploads\/2010\/03\/linie_rosie_f_mare.jpg"},{"@type":"WebPage","@id":"https:\/\/www.ceprocim.ro\/en\/noutati\/manifestari-stiintifice\/#webpage","url":"https:\/\/www.ceprocim.ro\/en\/noutati\/manifestari-stiintifice\/","name":"Participations\/communications at scientific conferencesParticip\u0103ri\/comunic\u0103ri la manifest\u0103ri \u0219tiin\u021bifice - Ceprocim S.A.","isPartOf":{"@id":"https:\/\/www.ceprocim.ro\/#website"},"primaryImageOfPage":{"@id":"https:\/\/www.ceprocim.ro\/en\/noutati\/manifestari-stiintifice\/#primaryimage"},"datePublished":"2009-12-02T09:45:41+00:00","dateModified":"2022-02-28T07:50:36+00:00","breadcrumb":{"@id":"https:\/\/www.ceprocim.ro\/en\/noutati\/manifestari-stiintifice\/#breadcrumb"},"inLanguage":"en-US","potentialAction":[{"@type":"ReadAction","target":["https:\/\/www.ceprocim.ro\/en\/noutati\/manifestari-stiintifice\/"]}]},{"@type":"BreadcrumbList","@id":"https:\/\/www.ceprocim.ro\/en\/noutati\/manifestari-stiintifice\/#breadcrumb","itemListElement":[{"@type":"ListItem","position":1,"name":"Home","item":"https:\/\/www.ceprocim.ro\/noutati\/"},{"@type":"ListItem","position":2,"name":"Particip\u0103ri\/comunic\u0103ri la manifest\u0103ri \u0219tiin\u021bifice"}]}]}},"_links":{"self":[{"href":"https:\/\/www.ceprocim.ro\/wp-json\/wp\/v2\/pages\/1223"}],"collection":[{"href":"https:\/\/www.ceprocim.ro\/wp-json\/wp\/v2\/pages"}],"about":[{"href":"https:\/\/www.ceprocim.ro\/wp-json\/wp\/v2\/types\/page"}],"author":[{"embeddable":true,"href":"https:\/\/www.ceprocim.ro\/wp-json\/wp\/v2\/users\/3"}],"replies":[{"embeddable":true,"href":"https:\/\/www.ceprocim.ro\/wp-json\/wp\/v2\/comments?post=1223"}],"version-history":[{"count":175,"href":"https:\/\/www.ceprocim.ro\/wp-json\/wp\/v2\/pages\/1223\/revisions"}],"predecessor-version":[{"id":14271,"href":"https:\/\/www.ceprocim.ro\/wp-json\/wp\/v2\/pages\/1223\/revisions\/14271"}],"up":[{"embeddable":true,"href":"https:\/\/www.ceprocim.ro\/wp-json\/wp\/v2\/pages\/233"}],"wp:attachment":[{"href":"https:\/\/www.ceprocim.ro\/wp-json\/wp\/v2\/media?parent=1223"}],"curies":[{"name":"wp","href":"https:\/\/api.w.org\/{rel}","templated":true}]}}