{"id":1222,"date":"2009-12-02T12:44:35","date_gmt":"2009-12-02T09:44:35","guid":{"rendered":"http:\/\/www.ceprocim.ro\/noutati\/in-atentia-actionarilor\n\/"},"modified":"2016-04-07T13:08:42","modified_gmt":"2016-04-07T10:08:42","slug":"in-atentia-actionarilor","status":"publish","type":"page","link":"https:\/\/www.ceprocim.ro\/en\/noutati\/in-atentia-actionarilor\/","title":{"rendered":"Attention of shareholders"},"content":{"rendered":"<div><img loading=\"lazy\" src=\"https:\/\/www.ceprocim.ro\/wp-content\/uploads\/2010\/03\/linie_rosie_f_mare.jpg\" alt=\"linie\" width=\"600\" height=\"1\" \/><\/div>\n<p>&nbsp;<\/p>\n<p><strong>The structure of new Administration Council beginning with the date of 19.12.2011<\/strong><\/p>\n<p><a href=\"https:\/\/www.ceprocim.ro\/wp-content\/uploads\/2012\/01\/CA-eng.pdf\">The structure of new Administration Council beginning with the date of 19.12.2011:<\/a><\/p>\n<p>&nbsp;<\/p>\n<p><strong>Other informations are available only in Romanian Language<\/strong><\/p>\n","protected":false},"excerpt":{"rendered":"<p>&nbsp; The structure of new Administration Council beginning with the date of 19.12.2011 The structure of new Administration Council beginning with the date of 19.12.2011: &nbsp; Other informations are available only in Romanian Language<\/p>\n","protected":false},"author":3,"featured_media":0,"parent":233,"menu_order":3,"comment_status":"closed","ping_status":"closed","template":"","meta":[],"yoast_head":"<!-- This site is optimized with the Yoast SEO plugin v17.2 - https:\/\/yoast.com\/wordpress\/plugins\/seo\/ -->\n<meta name=\"robots\" content=\"index, follow, max-snippet:-1, max-image-preview:large, max-video-preview:-1\" \/>\n<link rel=\"canonical\" href=\"https:\/\/www.ceprocim.ro\/en\/noutati\/in-atentia-actionarilor\/\" \/>\n<meta property=\"og:locale\" content=\"en_US\" \/>\n<meta property=\"og:type\" content=\"article\" \/>\n<meta property=\"og:title\" content=\"Attention of shareholders\u00cen aten\u0163ia ac\u0163ionarilor - Ceprocim S.A.\" \/>\n<meta property=\"og:description\" content=\"&nbsp; The structure of new Administration Council beginning with the date of 19.12.2011 The structure of new Administration Council beginning with the date of 19.12.2011: &nbsp; Other informations are available only in Romanian Language\" \/>\n<meta property=\"og:url\" content=\"https:\/\/www.ceprocim.ro\/en\/noutati\/in-atentia-actionarilor\/\" \/>\n<meta property=\"og:site_name\" content=\"Ceprocim S.A.\" \/>\n<meta property=\"article:modified_time\" content=\"2016-04-07T10:08:42+00:00\" \/>\n<meta property=\"og:image\" content=\"http:\/\/www.ceprocim.ro\/wp-content\/uploads\/2010\/03\/linie_rosie_f_mare.jpg\" \/>\n<meta name=\"twitter:card\" content=\"summary_large_image\" \/>\n<meta name=\"twitter:label1\" content=\"Est. reading time\" \/>\n\t<meta name=\"twitter:data1\" content=\"2 minutes\" \/>\n<script type=\"application\/ld+json\" class=\"yoast-schema-graph\">{\"@context\":\"https:\/\/schema.org\",\"@graph\":[{\"@type\":\"WebSite\",\"@id\":\"https:\/\/www.ceprocim.ro\/#website\",\"url\":\"https:\/\/www.ceprocim.ro\/\",\"name\":\"Ceprocim S.A.\",\"description\":\"Ceprocim Web Site\",\"potentialAction\":[{\"@type\":\"SearchAction\",\"target\":{\"@type\":\"EntryPoint\",\"urlTemplate\":\"https:\/\/www.ceprocim.ro\/?s={search_term_string}\"},\"query-input\":\"required name=search_term_string\"}],\"inLanguage\":\"en-US\"},{\"@type\":\"ImageObject\",\"@id\":\"https:\/\/www.ceprocim.ro\/en\/noutati\/in-atentia-actionarilor\/#primaryimage\",\"inLanguage\":\"en-US\",\"url\":\"http:\/\/www.ceprocim.ro\/wp-content\/uploads\/2010\/03\/linie_rosie_f_mare.jpg\",\"contentUrl\":\"http:\/\/www.ceprocim.ro\/wp-content\/uploads\/2010\/03\/linie_rosie_f_mare.jpg\"},{\"@type\":\"WebPage\",\"@id\":\"https:\/\/www.ceprocim.ro\/en\/noutati\/in-atentia-actionarilor\/#webpage\",\"url\":\"https:\/\/www.ceprocim.ro\/en\/noutati\/in-atentia-actionarilor\/\",\"name\":\"Attention of shareholders\\u00cen aten\\u0163ia ac\\u0163ionarilor - Ceprocim S.A.\",\"isPartOf\":{\"@id\":\"https:\/\/www.ceprocim.ro\/#website\"},\"primaryImageOfPage\":{\"@id\":\"https:\/\/www.ceprocim.ro\/en\/noutati\/in-atentia-actionarilor\/#primaryimage\"},\"datePublished\":\"2009-12-02T09:44:35+00:00\",\"dateModified\":\"2016-04-07T10:08:42+00:00\",\"breadcrumb\":{\"@id\":\"https:\/\/www.ceprocim.ro\/en\/noutati\/in-atentia-actionarilor\/#breadcrumb\"},\"inLanguage\":\"en-US\",\"potentialAction\":[{\"@type\":\"ReadAction\",\"target\":[\"https:\/\/www.ceprocim.ro\/en\/noutati\/in-atentia-actionarilor\/\"]}]},{\"@type\":\"BreadcrumbList\",\"@id\":\"https:\/\/www.ceprocim.ro\/en\/noutati\/in-atentia-actionarilor\/#breadcrumb\",\"itemListElement\":[{\"@type\":\"ListItem\",\"position\":1,\"name\":\"Home\",\"item\":\"https:\/\/www.ceprocim.ro\/\"},{\"@type\":\"ListItem\",\"position\":2,\"name\":\"Nout\\u0103\\u021bi\",\"item\":\"https:\/\/www.ceprocim.ro\/noutati\/\"},{\"@type\":\"ListItem\",\"position\":3,\"name\":\"Attention of shareholders\"}]}]}<\/script>\n<!-- \/ Yoast SEO plugin. -->","yoast_head_json":{"robots":{"index":"index","follow":"follow","max-snippet":"max-snippet:-1","max-image-preview":"max-image-preview:large","max-video-preview":"max-video-preview:-1"},"canonical":"https:\/\/www.ceprocim.ro\/en\/noutati\/in-atentia-actionarilor\/","og_locale":"en_US","og_type":"article","og_title":"Attention of shareholders\u00cen aten\u0163ia ac\u0163ionarilor - Ceprocim S.A.","og_description":"&nbsp; The structure of new Administration Council beginning with the date of 19.12.2011 The structure of new Administration Council beginning with the date of 19.12.2011: &nbsp; Other informations are available only in Romanian Language","og_url":"https:\/\/www.ceprocim.ro\/en\/noutati\/in-atentia-actionarilor\/","og_site_name":"Ceprocim S.A.","article_modified_time":"2016-04-07T10:08:42+00:00","og_image":[{"url":"http:\/\/www.ceprocim.ro\/wp-content\/uploads\/2010\/03\/linie_rosie_f_mare.jpg"}],"twitter_card":"summary_large_image","twitter_misc":{"Est. reading time":"2 minutes"},"schema":{"@context":"https:\/\/schema.org","@graph":[{"@type":"WebSite","@id":"https:\/\/www.ceprocim.ro\/#website","url":"https:\/\/www.ceprocim.ro\/","name":"Ceprocim S.A.","description":"Ceprocim Web Site","potentialAction":[{"@type":"SearchAction","target":{"@type":"EntryPoint","urlTemplate":"https:\/\/www.ceprocim.ro\/?s={search_term_string}"},"query-input":"required name=search_term_string"}],"inLanguage":"en-US"},{"@type":"ImageObject","@id":"https:\/\/www.ceprocim.ro\/en\/noutati\/in-atentia-actionarilor\/#primaryimage","inLanguage":"en-US","url":"http:\/\/www.ceprocim.ro\/wp-content\/uploads\/2010\/03\/linie_rosie_f_mare.jpg","contentUrl":"http:\/\/www.ceprocim.ro\/wp-content\/uploads\/2010\/03\/linie_rosie_f_mare.jpg"},{"@type":"WebPage","@id":"https:\/\/www.ceprocim.ro\/en\/noutati\/in-atentia-actionarilor\/#webpage","url":"https:\/\/www.ceprocim.ro\/en\/noutati\/in-atentia-actionarilor\/","name":"Attention of shareholders\u00cen aten\u0163ia ac\u0163ionarilor - Ceprocim S.A.","isPartOf":{"@id":"https:\/\/www.ceprocim.ro\/#website"},"primaryImageOfPage":{"@id":"https:\/\/www.ceprocim.ro\/en\/noutati\/in-atentia-actionarilor\/#primaryimage"},"datePublished":"2009-12-02T09:44:35+00:00","dateModified":"2016-04-07T10:08:42+00:00","breadcrumb":{"@id":"https:\/\/www.ceprocim.ro\/en\/noutati\/in-atentia-actionarilor\/#breadcrumb"},"inLanguage":"en-US","potentialAction":[{"@type":"ReadAction","target":["https:\/\/www.ceprocim.ro\/en\/noutati\/in-atentia-actionarilor\/"]}]},{"@type":"BreadcrumbList","@id":"https:\/\/www.ceprocim.ro\/en\/noutati\/in-atentia-actionarilor\/#breadcrumb","itemListElement":[{"@type":"ListItem","position":1,"name":"Home","item":"https:\/\/www.ceprocim.ro\/"},{"@type":"ListItem","position":2,"name":"Nout\u0103\u021bi","item":"https:\/\/www.ceprocim.ro\/noutati\/"},{"@type":"ListItem","position":3,"name":"Attention of shareholders"}]}]}},"_links":{"self":[{"href":"https:\/\/www.ceprocim.ro\/wp-json\/wp\/v2\/pages\/1222"}],"collection":[{"href":"https:\/\/www.ceprocim.ro\/wp-json\/wp\/v2\/pages"}],"about":[{"href":"https:\/\/www.ceprocim.ro\/wp-json\/wp\/v2\/types\/page"}],"author":[{"embeddable":true,"href":"https:\/\/www.ceprocim.ro\/wp-json\/wp\/v2\/users\/3"}],"replies":[{"embeddable":true,"href":"https:\/\/www.ceprocim.ro\/wp-json\/wp\/v2\/comments?post=1222"}],"version-history":[{"count":314,"href":"https:\/\/www.ceprocim.ro\/wp-json\/wp\/v2\/pages\/1222\/revisions"}],"predecessor-version":[{"id":4934,"href":"https:\/\/www.ceprocim.ro\/wp-json\/wp\/v2\/pages\/1222\/revisions\/4934"}],"up":[{"embeddable":true,"href":"https:\/\/www.ceprocim.ro\/wp-json\/wp\/v2\/pages\/233"}],"wp:attachment":[{"href":"https:\/\/www.ceprocim.ro\/wp-json\/wp\/v2\/media?parent=1222"}],"curies":[{"name":"wp","href":"https:\/\/api.w.org\/{rel}","templated":true}]}}