{"id":1214,"date":"2009-12-02T12:36:26","date_gmt":"2009-12-02T10:36:26","guid":{"rendered":"http:\/\/www.ceprocim.ro\/certificari\/organizarea-de-manifestari-stiintifice\/"},"modified":"2024-03-07T14:21:23","modified_gmt":"2024-03-07T12:21:23","slug":"organizarea-de-manifestari-stiintifice","status":"publish","type":"page","link":"https:\/\/www.ceprocim.ro\/en\/infrastructur%c4%83-de-cercetare\/organizarea-de-manifestari-stiintifice\/","title":{"rendered":"Organization of scientific conferences"},"content":{"rendered":"<div><img loading=\"lazy\" src=\"https:\/\/www.ceprocim.ro\/wp-content\/uploads\/2010\/03\/linie_rosie_f_mare.jpg\" alt=\"linie\" width=\"600\" height=\"1\"\/><\/div>\n<p>&nbsp;<\/p>\n<div><img loading=\"lazy\" src=\"https:\/\/www.ceprocim.ro\/wp-content\/uploads\/2017\/05\/Poza-01.jpg\" alt=\"\" width=\"200\" height=\"134\"\/><img loading=\"lazy\" src=\"https:\/\/www.ceprocim.ro\/wp-content\/uploads\/2010\/03\/BD21321_.GIF\" alt=\"\" width=\"250\" height=\"1\"\/><\/div>\n<p>&nbsp;<\/p>\n<p><strong> <\/strong><strong>Organization of Conference on the Science and Engineering of Oxide Materials &nbsp;(CONSILOX) <\/strong><\/p>\n<ul>\n<li>Range, scope, legal rules&nbsp;(<a title=\"consilox\" href=\"https:\/\/www.ceprocim.ro\/en\/activitati\/organizarea-de-manifestari-stiintifice\/consilox\/\">more<\/a>)<\/li>\n<li>Specific activities (table of content), endowments, references, clients&nbsp;(<a title=\"consilox\" href=\"https:\/\/www.ceprocim.ro\/en\/activitati\/organizarea-de-manifestari-stiintifice\/consilox-2\/\">more<\/a>)<\/li>\n<\/ul>\n<p>&nbsp;<\/p>\n<div><img loading=\"lazy\" src=\"https:\/\/www.ceprocim.ro\/wp-content\/uploads\/2010\/05\/montaj.jpg\" alt=\"\" width=\"200\" height=\"140\"\/><\/div>\n<div><img loading=\"lazy\" src=\"https:\/\/www.ceprocim.ro\/wp-content\/uploads\/2010\/03\/BD21321_.GIF\" alt=\"\" width=\"250\" height=\"1\"\/><\/div>\n<p><strong> <\/strong><strong>Organization of international conference \u201cInternational Proficiency Testing Conference (PT- Conf)<\/strong><\/p>\n<ul>\n<li>Range, scope, legal rules&nbsp;(<a title=\"pt-conf\" href=\"https:\/\/www.ceprocim.ro\/en\/activitati\/organizarea-de-manifestari-stiintifice\/pt-conf\/\">more<\/a>)<\/li>\n<li>Specific activities (table of content), endowments, references, clients&nbsp;(<a title=\"pt-conf\" href=\"https:\/\/www.ceprocim.ro\/en\/activitati\/organizarea-de-manifestari-stiintifice\/pt-conf-2\/\">more<\/a>)<\/li>\n<\/ul>\n<p>&nbsp;<\/p>\n<div><img loading=\"lazy\" src=\"https:\/\/www.ceprocim.ro\/wp-content\/uploads\/2010\/05\/Picture3.jpg\" alt=\"\" width=\"200\" height=\"97\"\/><\/div>\n<div><img loading=\"lazy\" src=\"https:\/\/www.ceprocim.ro\/wp-content\/uploads\/2010\/03\/BD21321_.GIF\" alt=\"\" width=\"250\" height=\"1\"\/><\/div>\n<p>&nbsp;<\/p>\n<p><strong>Organization of yearly seminar \u201cInterlaboratory tests\u201d<\/strong><\/p>\n<ul>\n<li>Range, scope, legal rules&nbsp;(<a title=\"seminar_inter_laborator\" href=\"https:\/\/www.ceprocim.ro\/en\/activitati\/organizarea-de-manifestari-stiintifice\/seminar_inter_laborator\/\">more<\/a>)<\/li>\n<li>Specific activities (table of content), endowments, references, clients&nbsp;(<a title=\"seminar_inter_laborator\" href=\"https:\/\/www.ceprocim.ro\/en\/activitati\/organizarea-de-manifestari-stiintifice\/seminar_inter_laborator-2\/\">more<\/a>)<\/li>\n<\/ul>\n<p>&nbsp;<\/p>\n<div><img loading=\"lazy\" style=\"border: 0px initial initial;\" src=\"https:\/\/www.ceprocim.ro\/wp-content\/uploads\/2010\/03\/BD21321_.GIF\" alt=\"\" width=\"250\" height=\"1\"\/><\/div>\n<p><strong>Technical consulting of organization at &nbsp;cement manufactures<\/strong><\/p>\n<ul>\n<li>Specific activities &nbsp;(<a title=\"Consultatii tehnice\" href=\"https:\/\/www.ceprocim.ro\/en\/activitati\/organizarea-de-manifestari-stiintifice\/consultatii-tehnice\/\">more<\/a>)<\/li>\n<\/ul>\n<p><strong> <\/strong><\/p>\n","protected":false},"excerpt":{"rendered":"<p>&nbsp; &nbsp; Organization of Conference on the Science and Engineering of Oxide Materials &nbsp;(CONSILOX) Range, scope, legal rules&nbsp;(more) Specific activities (table of content), endowments, references, clients&nbsp;(more) &nbsp; Organization of international conference \u201cInternational Proficiency Testing Conference (PT- Conf) Range, scope, legal rules&nbsp;(more) Specific activities (table of content), endowments, references, clients&nbsp;(more) &nbsp; &nbsp; Organization of yearly seminar [&hellip;]<\/p>\n","protected":false},"author":3,"featured_media":0,"parent":10732,"menu_order":3,"comment_status":"closed","ping_status":"closed","template":"","meta":[],"yoast_head":"<!-- This site is optimized with the Yoast SEO plugin v17.2 - https:\/\/yoast.com\/wordpress\/plugins\/seo\/ -->\n<meta name=\"robots\" content=\"index, follow, max-snippet:-1, max-image-preview:large, max-video-preview:-1\" \/>\n<link rel=\"canonical\" href=\"https:\/\/www.ceprocim.ro\/en\/infrastructur\u0103-de-cercetare\/organizarea-de-manifestari-stiintifice\/\" \/>\n<meta property=\"og:locale\" content=\"en_US\" \/>\n<meta property=\"og:type\" content=\"article\" \/>\n<meta property=\"og:title\" content=\"Organization of scientific conferencesOrganizarea de manifest\u0103ri \u015ftiin\u0163ifice - Ceprocim S.A.\" \/>\n<meta property=\"og:description\" content=\"&nbsp; &nbsp; Organization of Conference on the Science and Engineering of Oxide Materials &nbsp;(CONSILOX) Range, scope, legal rules&nbsp;(more) Specific activities (table of content), endowments, references, clients&nbsp;(more) &nbsp; Organization of international conference \u201cInternational Proficiency Testing Conference (PT- Conf) Range, scope, legal rules&nbsp;(more) Specific activities (table of content), endowments, references, clients&nbsp;(more) &nbsp; &nbsp; Organization of yearly seminar [&hellip;]\" \/>\n<meta property=\"og:url\" content=\"https:\/\/www.ceprocim.ro\/en\/infrastructur\u0103-de-cercetare\/organizarea-de-manifestari-stiintifice\/\" \/>\n<meta property=\"og:site_name\" content=\"Ceprocim S.A.\" \/>\n<meta property=\"article:modified_time\" content=\"2024-03-07T12:21:23+00:00\" \/>\n<meta property=\"og:image\" content=\"http:\/\/www.ceprocim.ro\/wp-content\/uploads\/2010\/03\/linie_rosie_f_mare.jpg\" \/>\n<meta name=\"twitter:card\" content=\"summary_large_image\" \/>\n<meta name=\"twitter:label1\" content=\"Est. reading time\" \/>\n\t<meta name=\"twitter:data1\" content=\"4 minutes\" \/>\n<script type=\"application\/ld+json\" class=\"yoast-schema-graph\">{\"@context\":\"https:\/\/schema.org\",\"@graph\":[{\"@type\":\"WebSite\",\"@id\":\"https:\/\/www.ceprocim.ro\/#website\",\"url\":\"https:\/\/www.ceprocim.ro\/\",\"name\":\"Ceprocim S.A.\",\"description\":\"Ceprocim Web Site\",\"potentialAction\":[{\"@type\":\"SearchAction\",\"target\":{\"@type\":\"EntryPoint\",\"urlTemplate\":\"https:\/\/www.ceprocim.ro\/?s={search_term_string}\"},\"query-input\":\"required name=search_term_string\"}],\"inLanguage\":\"en-US\"},{\"@type\":\"ImageObject\",\"@id\":\"https:\/\/www.ceprocim.ro\/en\/infrastructur%c4%83-de-cercetare\/organizarea-de-manifestari-stiintifice\/#primaryimage\",\"inLanguage\":\"en-US\",\"url\":\"http:\/\/www.ceprocim.ro\/wp-content\/uploads\/2010\/03\/linie_rosie_f_mare.jpg\",\"contentUrl\":\"http:\/\/www.ceprocim.ro\/wp-content\/uploads\/2010\/03\/linie_rosie_f_mare.jpg\"},{\"@type\":\"WebPage\",\"@id\":\"https:\/\/www.ceprocim.ro\/en\/infrastructur%c4%83-de-cercetare\/organizarea-de-manifestari-stiintifice\/#webpage\",\"url\":\"https:\/\/www.ceprocim.ro\/en\/infrastructur%c4%83-de-cercetare\/organizarea-de-manifestari-stiintifice\/\",\"name\":\"Organization of scientific conferencesOrganizarea de manifest\\u0103ri \\u015ftiin\\u0163ifice - Ceprocim S.A.\",\"isPartOf\":{\"@id\":\"https:\/\/www.ceprocim.ro\/#website\"},\"primaryImageOfPage\":{\"@id\":\"https:\/\/www.ceprocim.ro\/en\/infrastructur%c4%83-de-cercetare\/organizarea-de-manifestari-stiintifice\/#primaryimage\"},\"datePublished\":\"2009-12-02T10:36:26+00:00\",\"dateModified\":\"2024-03-07T12:21:23+00:00\",\"breadcrumb\":{\"@id\":\"https:\/\/www.ceprocim.ro\/en\/infrastructur%c4%83-de-cercetare\/organizarea-de-manifestari-stiintifice\/#breadcrumb\"},\"inLanguage\":\"en-US\",\"potentialAction\":[{\"@type\":\"ReadAction\",\"target\":[\"https:\/\/www.ceprocim.ro\/en\/infrastructur%c4%83-de-cercetare\/organizarea-de-manifestari-stiintifice\/\"]}]},{\"@type\":\"BreadcrumbList\",\"@id\":\"https:\/\/www.ceprocim.ro\/en\/infrastructur%c4%83-de-cercetare\/organizarea-de-manifestari-stiintifice\/#breadcrumb\",\"itemListElement\":[{\"@type\":\"ListItem\",\"position\":1,\"name\":\"Home\",\"item\":\"https:\/\/www.ceprocim.ro\/\"},{\"@type\":\"ListItem\",\"position\":2,\"name\":\"Infrastructur\\u0103 de cercetare\",\"item\":\"https:\/\/www.ceprocim.ro\/en\/infrastructur%c4%83-de-cercetare\/\"},{\"@type\":\"ListItem\",\"position\":3,\"name\":\"Organizarea de manifest\\u0103ri \\u015ftiin\\u0163ifice\"}]}]}<\/script>\n<!-- \/ Yoast SEO plugin. -->","yoast_head_json":{"robots":{"index":"index","follow":"follow","max-snippet":"max-snippet:-1","max-image-preview":"max-image-preview:large","max-video-preview":"max-video-preview:-1"},"canonical":"https:\/\/www.ceprocim.ro\/en\/infrastructur\u0103-de-cercetare\/organizarea-de-manifestari-stiintifice\/","og_locale":"en_US","og_type":"article","og_title":"Organization of scientific conferencesOrganizarea de manifest\u0103ri \u015ftiin\u0163ifice - Ceprocim S.A.","og_description":"&nbsp; &nbsp; Organization of Conference on the Science and Engineering of Oxide Materials &nbsp;(CONSILOX) Range, scope, legal rules&nbsp;(more) Specific activities (table of content), endowments, references, clients&nbsp;(more) &nbsp; Organization of international conference \u201cInternational Proficiency Testing Conference (PT- Conf) Range, scope, legal rules&nbsp;(more) Specific activities (table of content), endowments, references, clients&nbsp;(more) &nbsp; &nbsp; Organization of yearly seminar [&hellip;]","og_url":"https:\/\/www.ceprocim.ro\/en\/infrastructur\u0103-de-cercetare\/organizarea-de-manifestari-stiintifice\/","og_site_name":"Ceprocim S.A.","article_modified_time":"2024-03-07T12:21:23+00:00","og_image":[{"url":"http:\/\/www.ceprocim.ro\/wp-content\/uploads\/2010\/03\/linie_rosie_f_mare.jpg"}],"twitter_card":"summary_large_image","twitter_misc":{"Est. reading time":"4 minutes"},"schema":{"@context":"https:\/\/schema.org","@graph":[{"@type":"WebSite","@id":"https:\/\/www.ceprocim.ro\/#website","url":"https:\/\/www.ceprocim.ro\/","name":"Ceprocim S.A.","description":"Ceprocim Web Site","potentialAction":[{"@type":"SearchAction","target":{"@type":"EntryPoint","urlTemplate":"https:\/\/www.ceprocim.ro\/?s={search_term_string}"},"query-input":"required name=search_term_string"}],"inLanguage":"en-US"},{"@type":"ImageObject","@id":"https:\/\/www.ceprocim.ro\/en\/infrastructur%c4%83-de-cercetare\/organizarea-de-manifestari-stiintifice\/#primaryimage","inLanguage":"en-US","url":"http:\/\/www.ceprocim.ro\/wp-content\/uploads\/2010\/03\/linie_rosie_f_mare.jpg","contentUrl":"http:\/\/www.ceprocim.ro\/wp-content\/uploads\/2010\/03\/linie_rosie_f_mare.jpg"},{"@type":"WebPage","@id":"https:\/\/www.ceprocim.ro\/en\/infrastructur%c4%83-de-cercetare\/organizarea-de-manifestari-stiintifice\/#webpage","url":"https:\/\/www.ceprocim.ro\/en\/infrastructur%c4%83-de-cercetare\/organizarea-de-manifestari-stiintifice\/","name":"Organization of scientific conferencesOrganizarea de manifest\u0103ri \u015ftiin\u0163ifice - Ceprocim S.A.","isPartOf":{"@id":"https:\/\/www.ceprocim.ro\/#website"},"primaryImageOfPage":{"@id":"https:\/\/www.ceprocim.ro\/en\/infrastructur%c4%83-de-cercetare\/organizarea-de-manifestari-stiintifice\/#primaryimage"},"datePublished":"2009-12-02T10:36:26+00:00","dateModified":"2024-03-07T12:21:23+00:00","breadcrumb":{"@id":"https:\/\/www.ceprocim.ro\/en\/infrastructur%c4%83-de-cercetare\/organizarea-de-manifestari-stiintifice\/#breadcrumb"},"inLanguage":"en-US","potentialAction":[{"@type":"ReadAction","target":["https:\/\/www.ceprocim.ro\/en\/infrastructur%c4%83-de-cercetare\/organizarea-de-manifestari-stiintifice\/"]}]},{"@type":"BreadcrumbList","@id":"https:\/\/www.ceprocim.ro\/en\/infrastructur%c4%83-de-cercetare\/organizarea-de-manifestari-stiintifice\/#breadcrumb","itemListElement":[{"@type":"ListItem","position":1,"name":"Home","item":"https:\/\/www.ceprocim.ro\/"},{"@type":"ListItem","position":2,"name":"Infrastructur\u0103 de cercetare","item":"https:\/\/www.ceprocim.ro\/en\/infrastructur%c4%83-de-cercetare\/"},{"@type":"ListItem","position":3,"name":"Organizarea de manifest\u0103ri \u015ftiin\u0163ifice"}]}]}},"_links":{"self":[{"href":"https:\/\/www.ceprocim.ro\/wp-json\/wp\/v2\/pages\/1214"}],"collection":[{"href":"https:\/\/www.ceprocim.ro\/wp-json\/wp\/v2\/pages"}],"about":[{"href":"https:\/\/www.ceprocim.ro\/wp-json\/wp\/v2\/types\/page"}],"author":[{"embeddable":true,"href":"https:\/\/www.ceprocim.ro\/wp-json\/wp\/v2\/users\/3"}],"replies":[{"embeddable":true,"href":"https:\/\/www.ceprocim.ro\/wp-json\/wp\/v2\/comments?post=1214"}],"version-history":[{"count":109,"href":"https:\/\/www.ceprocim.ro\/wp-json\/wp\/v2\/pages\/1214\/revisions"}],"predecessor-version":[{"id":14649,"href":"https:\/\/www.ceprocim.ro\/wp-json\/wp\/v2\/pages\/1214\/revisions\/14649"}],"up":[{"embeddable":true,"href":"https:\/\/www.ceprocim.ro\/wp-json\/wp\/v2\/pages\/10732"}],"wp:attachment":[{"href":"https:\/\/www.ceprocim.ro\/wp-json\/wp\/v2\/media?parent=1214"}],"curies":[{"name":"wp","href":"https:\/\/api.w.org\/{rel}","templated":true}]}}